{"id":5767,"date":"2024-02-21T23:02:08","date_gmt":"2024-02-21T22:02:08","guid":{"rendered":"https:\/\/bereketshop.com.mx\/?post_type=product&#038;p=5767"},"modified":"2024-09-11T20:23:58","modified_gmt":"2024-09-11T18:23:58","slug":"cepillo-para-mascota-de-silicona-de-dedo-360-2-piezas","status":"publish","type":"product","link":"https:\/\/bereketshop.com.mx\/index.php\/product\/cepillo-para-mascota-de-silicona-de-dedo-360-2-piezas\/","title":{"rendered":"Cepillo Para Mascota De Silicona De Dedo"},"content":{"rendered":"<h5>CARACTERISTICAS:<\/h5>\n<p>Nuestros cepillos de dientes est\u00e1n hechos de material seguro y las cerdas del cepillo garantizan una limpieza eficaz, pero son lo suficientemente suaves para que los dientes de tu mascota se limpien sin da\u00f1o.<\/p>\n<p>El cepillo de dientes transparente para mascotas posee una tacto suave y suave, dando a tus gatos o perros una sensaci\u00f3n de comodidad al limpiar los dientes, y el cepillo de dientes de dedo se ajusta a tus dedos para que tus mascotas no lo noten f\u00e1cilmente y sean m\u00e1s receptivas a \u00e9l.<\/p>\n<p>Las cerdas de los cepillos de dientes de los dedos est\u00e1n cient\u00edficamente dise\u00f1adas para tener un perfil curvado para limpiar esos lugares dif\u00edciles de alcanzar y para adaptar diferentes \u00e1reas de las enc\u00edas.<\/p>\n<p>Al utilizar este cepillo de dientes de dedo de gato o perro cuidadosamente dise\u00f1ado, ayudar\u00e1s a tu mascota a reducir significativamente los problemas dentales como la peste y el sarro.<\/p>\n<p>Estos cepillos de dientes para perros est\u00e1n dise\u00f1ados en cuna, que es f\u00e1cil y conveniente para limpiar los dientes de tu mascota, ligero y compacto para llevar cuando salgas al aire libre, ocupan menos espacio, herramientas pr\u00e1cticas para el uso diario.<\/p>\n<p>Estos cepillos de dientes para gatos y perros pueden ayudarte a limpiar los dientes de tu mascota de manera eficaz, que se pueden aplicar como un bonito regalo para tus queridos gatos y perros, y puedes dar estas \u00fatiles herramientas a tus familiares y amigos que tienen una mascota.<\/p>\n","protected":false},"excerpt":{"rendered":"<p style=\"text-align: center;\">1 Pieza De Cepillo De Silicona Para Dedos | Cepillo De Dientes |Gatos |Perros |Accesorios De Mascota |Dientes| Oral |Limpieza |Productos Suave |Diente Cepillo.<\/p>\n","protected":false},"featured_media":5775,"comment_status":"open","ping_status":"closed","template":"","meta":{"_joinchat":[]},"product_cat":[248,100],"product_tag":[],"class_list":{"0":"post-5767","1":"product","2":"type-product","3":"status-publish","4":"has-post-thumbnail","6":"product_cat-248","7":"product_cat-mascotas","9":"first","10":"instock","11":"sale","12":"shipping-taxable","13":"purchasable","14":"product-type-variable"},"_links":{"self":[{"href":"https:\/\/bereketshop.com.mx\/index.php\/wp-json\/wp\/v2\/product\/5767","targetHints":{"allow":["GET"]}}],"collection":[{"href":"https:\/\/bereketshop.com.mx\/index.php\/wp-json\/wp\/v2\/product"}],"about":[{"href":"https:\/\/bereketshop.com.mx\/index.php\/wp-json\/wp\/v2\/types\/product"}],"replies":[{"embeddable":true,"href":"https:\/\/bereketshop.com.mx\/index.php\/wp-json\/wp\/v2\/comments?post=5767"}],"wp:featuredmedia":[{"embeddable":true,"href":"https:\/\/bereketshop.com.mx\/index.php\/wp-json\/wp\/v2\/media\/5775"}],"wp:attachment":[{"href":"https:\/\/bereketshop.com.mx\/index.php\/wp-json\/wp\/v2\/media?parent=5767"}],"wp:term":[{"taxonomy":"product_cat","embeddable":true,"href":"https:\/\/bereketshop.com.mx\/index.php\/wp-json\/wp\/v2\/product_cat?post=5767"},{"taxonomy":"product_tag","embeddable":true,"href":"https:\/\/bereketshop.com.mx\/index.php\/wp-json\/wp\/v2\/product_tag?post=5767"}],"curies":[{"name":"wp","href":"https:\/\/api.w.org\/{rel}","templated":true}]}}