{"id":5823,"date":"2024-05-02T19:45:13","date_gmt":"2024-05-02T17:45:13","guid":{"rendered":"https:\/\/bereketshop.com.mx\/?post_type=product&#038;p=5823"},"modified":"2025-09-03T21:40:14","modified_gmt":"2025-09-03T19:40:14","slug":"taza-termica-de-acero-inoxidable-con-aza-de-12-onzas-350-ml-de-doble-capa","status":"publish","type":"product","link":"https:\/\/bereketshop.com.mx\/index.php\/product\/taza-termica-de-acero-inoxidable-con-aza-de-12-onzas-350-ml-de-doble-capa\/","title":{"rendered":"Taza T\u00e9rmica De Acero Inoxidable Con Aza De 12 onzas 350 ml De Doble Capa"},"content":{"rendered":"<h3>CARACTERISITICAS:<\/h3>\n<ul>\n<li>Taza de caf\u00e9 caliente con mango para un agarre f\u00e1cil: aseg\u00farese de mantener las manos secas.<\/li>\n<li>Material de alta calidad: esta taza de caf\u00e9 utiliza la tecnolog\u00eda de aislamiento t\u00e9rmico de doble vac\u00edo, la bebida de caf\u00e9 puede mantener el calor durante varias horas o m\u00e1s.<\/li>\n<li>La taza de caf\u00e9 de aislamiento al vac\u00edo est\u00e1 hecha de acero inoxidable de alta calidad 304.<\/li>\n<li>Los recubrimientos de polvo de alta calidad nunca se oxidan, son libres de plomo y duraderos.<\/li>\n<li>F\u00e1cil de limpiar: esta taza de caf\u00e9 es f\u00e1cil de lavar a mano o en un lavavajillas. El paquete incluye 1 taza de acero inoxidable y 1 tapa.<\/li>\n<li>El Fondo ancho permite que la taza se coloque de forma segura y segura, por lo que no se puede volcar f\u00e1cilmente. Regalo perfecto:<\/li>\n<li>Esta es una taza de caf\u00e9 de alta calidad que se puede utilizar como regalo para padres o amigos en Navidad, Acci\u00f3n de gracias, d\u00eda del padre, d\u00eda de la madre.<\/li>\n<li>Tambi\u00e9n es ideal para beber en casa o alrededor de un camping.<\/li>\n<\/ul>\n","protected":false},"excerpt":{"rendered":"<p style=\"text-align: center;\">Taza T\u00e9rmica De Acero Inoxidable 12 onzas 350 ml De Doble Capa Taza De Caf\u00e9 De Oficina Comercial Taza De T\u00e9 Bebidas Calientes o Fr\u00edas Larga Duraci\u00f3n<\/p>\n","protected":false},"featured_media":5824,"comment_status":"open","ping_status":"closed","template":"","meta":{"_joinchat":[]},"product_cat":[241,59],"product_tag":[],"class_list":{"0":"post-5823","1":"product","2":"type-product","3":"status-publish","4":"has-post-thumbnail","6":"product_cat-241","7":"product_cat-hogar","9":"first","10":"outofstock","11":"sale","12":"shipping-taxable","13":"purchasable","14":"product-type-variable"},"_links":{"self":[{"href":"https:\/\/bereketshop.com.mx\/index.php\/wp-json\/wp\/v2\/product\/5823","targetHints":{"allow":["GET"]}}],"collection":[{"href":"https:\/\/bereketshop.com.mx\/index.php\/wp-json\/wp\/v2\/product"}],"about":[{"href":"https:\/\/bereketshop.com.mx\/index.php\/wp-json\/wp\/v2\/types\/product"}],"replies":[{"embeddable":true,"href":"https:\/\/bereketshop.com.mx\/index.php\/wp-json\/wp\/v2\/comments?post=5823"}],"wp:featuredmedia":[{"embeddable":true,"href":"https:\/\/bereketshop.com.mx\/index.php\/wp-json\/wp\/v2\/media\/5824"}],"wp:attachment":[{"href":"https:\/\/bereketshop.com.mx\/index.php\/wp-json\/wp\/v2\/media?parent=5823"}],"wp:term":[{"taxonomy":"product_cat","embeddable":true,"href":"https:\/\/bereketshop.com.mx\/index.php\/wp-json\/wp\/v2\/product_cat?post=5823"},{"taxonomy":"product_tag","embeddable":true,"href":"https:\/\/bereketshop.com.mx\/index.php\/wp-json\/wp\/v2\/product_tag?post=5823"}],"curies":[{"name":"wp","href":"https:\/\/api.w.org\/{rel}","templated":true}]}}