{"id":5845,"date":"2024-05-02T20:10:06","date_gmt":"2024-05-02T18:10:06","guid":{"rendered":"https:\/\/bereketshop.com.mx\/?post_type=product&#038;p=5845"},"modified":"2024-09-20T00:23:44","modified_gmt":"2024-09-19T22:23:44","slug":"mini-maquina-portatil-para-hornear-mini-pasteles-o-mini-panques","status":"publish","type":"product","link":"https:\/\/bereketshop.com.mx\/index.php\/product\/mini-maquina-portatil-para-hornear-mini-pasteles-o-mini-panques\/","title":{"rendered":"Mini M\u00e1quina Port\u00e1til Para Hornear Mini Pasteles o Mini Panques"},"content":{"rendered":"<h2><span data-sheets-root=\"1\" data-sheets-value=\"{&quot;1&quot;:2,&quot;2&quot;:&quot;Descripci\u00f3n\\nMini m\u00e1quina port\u00e1til el\u00e9ctrica para hornear pasteles o panques tipo rosca\\n\\nTransforma tu cocina en una pasteler\u00eda con la Mini m\u00e1quina port\u00e1til el\u00e9ctrica para hornear pasteles de 110 V. Con esta peque\u00f1a m\u00e1quina pr\u00e1ctica y encantadora, puedes preparar deliciosos Mini pasteles para tu merienda, desayuno o reuni\u00f3n.\\n\\nLa Mini m\u00e1quina port\u00e1til el\u00e9ctrica para hornear tartas tiene una superficie antiadherente que se calienta r\u00e1pidamente y se cocina de manera uniforme, lo que te permite preparar tu receta de tarta favorita en unos minutos. Con ella, no tendr\u00e1s que encender el horno, evitando la suciedad y facilitando el proceso de preparaci\u00f3n de tartas de una sola porci\u00f3n.\\nEs f\u00e1cil de usar y los pasteles se hornean en solo 10 minutos. Simplemente conecta la m\u00e1quina de pastel de lava y la superficie de cocci\u00f3n antiadherente se calienta de manera uniforme y r\u00e1pida. La herramienta de extracci\u00f3n incluida te ayuda a levantar y servir pasteles sin complicaciones ni desorden.\\n\\nEspecificaciones:\\n- Voltaje: 110 V\\n- Tama\u00f1o del producto: 16,5 x 8,5 x 12,5 cm\\n- Di\u00e1metro: 14 cm\\n\\n&quot;}\" data-sheets-userformat=\"{&quot;2&quot;:13249,&quot;3&quot;:{&quot;1&quot;:0},&quot;9&quot;:0,&quot;10&quot;:0,&quot;11&quot;:3,&quot;12&quot;:0,&quot;15&quot;:&quot;Calibri&quot;,&quot;16&quot;:12}\"><span style=\"vertical-align: inherit;\"><span style=\"vertical-align: inherit;\">Descripci\u00f3n:<\/span><\/span><\/span><\/h2>\n<p><span data-sheets-root=\"1\" data-sheets-value=\"{&quot;1&quot;:2,&quot;2&quot;:&quot;Descripci\u00f3n\\nMini m\u00e1quina port\u00e1til el\u00e9ctrica para hornear pasteles o panques tipo rosca\\n\\nTransforma tu cocina en una pasteler\u00eda con la Mini m\u00e1quina port\u00e1til el\u00e9ctrica para hornear pasteles de 110 V. Con esta peque\u00f1a m\u00e1quina pr\u00e1ctica y encantadora, puedes preparar deliciosos Mini pasteles para tu merienda, desayuno o reuni\u00f3n.\\n\\nLa Mini m\u00e1quina port\u00e1til el\u00e9ctrica para hornear tartas tiene una superficie antiadherente que se calienta r\u00e1pidamente y se cocina de manera uniforme, lo que te permite preparar tu receta de tarta favorita en unos minutos. Con ella, no tendr\u00e1s que encender el horno, evitando la suciedad y facilitando el proceso de preparaci\u00f3n de tartas de una sola porci\u00f3n.\\nEs f\u00e1cil de usar y los pasteles se hornean en solo 10 minutos. Simplemente conecta la m\u00e1quina de pastel de lava y la superficie de cocci\u00f3n antiadherente se calienta de manera uniforme y r\u00e1pida. La herramienta de extracci\u00f3n incluida te ayuda a levantar y servir pasteles sin complicaciones ni desorden.\\n\\nEspecificaciones:\\n- Voltaje: 110 V\\n- Tama\u00f1o del producto: 16,5 x 8,5 x 12,5 cm\\n- Di\u00e1metro: 14 cm\\n\\n&quot;}\" data-sheets-userformat=\"{&quot;2&quot;:13249,&quot;3&quot;:{&quot;1&quot;:0},&quot;9&quot;:0,&quot;10&quot;:0,&quot;11&quot;:3,&quot;12&quot;:0,&quot;15&quot;:&quot;Calibri&quot;,&quot;16&quot;:12}\"><br \/>\n<span style=\"vertical-align: inherit;\"><span style=\"vertical-align: inherit;\">Mini m\u00e1quina el\u00e9ctrica port\u00e1til para hornear pasteles o panques tipo rosca<\/span><\/span><\/span><\/p>\n<p><span style=\"vertical-align: inherit;\"><span style=\"vertical-align: inherit;\">Transforma tu cocina en una pasteler\u00eda con la Mini m\u00e1quina port\u00e1til el\u00e9ctrica para hornear pasteles de 110 V. Con esta peque\u00f1a m\u00e1quina pr\u00e1ctica y encantadora, puedes preparar deliciosos Mini pasteles para tu merienda, desayuno o reuni\u00f3n.<\/span><\/span><\/p>\n<p><span style=\"vertical-align: inherit;\"><span style=\"vertical-align: inherit;\">La Mini m\u00e1quina el\u00e9ctrica port\u00e1til para hornear tartas tiene una superficie antiadherente que se calienta r\u00e1pidamente y se cocina de manera uniforme, lo que te permite preparar tu receta de tarta favorita en unos minutos. Con ella, no tendr\u00e1s que encender el horno, evitando la suciedad y facilitando el proceso de preparaci\u00f3n de tartas de una sola porci\u00f3n.<\/span><\/span><\/p>\n<p><span data-sheets-root=\"1\" data-sheets-value=\"{&quot;1&quot;:2,&quot;2&quot;:&quot;Descripci\u00f3n\\nMini m\u00e1quina port\u00e1til el\u00e9ctrica para hornear pasteles o panques tipo rosca\\n\\nTransforma tu cocina en una pasteler\u00eda con la Mini m\u00e1quina port\u00e1til el\u00e9ctrica para hornear pasteles de 110 V. Con esta peque\u00f1a m\u00e1quina pr\u00e1ctica y encantadora, puedes preparar deliciosos Mini pasteles para tu merienda, desayuno o reuni\u00f3n.\\n\\nLa Mini m\u00e1quina port\u00e1til el\u00e9ctrica para hornear tartas tiene una superficie antiadherente que se calienta r\u00e1pidamente y se cocina de manera uniforme, lo que te permite preparar tu receta de tarta favorita en unos minutos. Con ella, no tendr\u00e1s que encender el horno, evitando la suciedad y facilitando el proceso de preparaci\u00f3n de tartas de una sola porci\u00f3n.\\nEs f\u00e1cil de usar y los pasteles se hornean en solo 10 minutos. Simplemente conecta la m\u00e1quina de pastel de lava y la superficie de cocci\u00f3n antiadherente se calienta de manera uniforme y r\u00e1pida. La herramienta de extracci\u00f3n incluida te ayuda a levantar y servir pasteles sin complicaciones ni desorden.\\n\\nEspecificaciones:\\n- Voltaje: 110 V\\n- Tama\u00f1o del producto: 16,5 x 8,5 x 12,5 cm\\n- Di\u00e1metro: 14 cm\\n\\n&quot;}\" data-sheets-userformat=\"{&quot;2&quot;:13249,&quot;3&quot;:{&quot;1&quot;:0},&quot;9&quot;:0,&quot;10&quot;:0,&quot;11&quot;:3,&quot;12&quot;:0,&quot;15&quot;:&quot;Calibri&quot;,&quot;16&quot;:12}\"><span style=\"vertical-align: inherit;\"><span style=\"vertical-align: inherit;\">Es f\u00e1cil de usar y los pasteles se hornean en solo 10 minutos. Simplemente conecte la m\u00e1quina de pastel de lava y la superficie de cocci\u00f3n antiadherente se calienta de manera uniforme y r\u00e1pida. La herramienta de extracci\u00f3n incluida te ayuda a levantar y servir pasteles sin complicaciones ni desorden.<\/span><\/span><\/span><\/p>\n<p><span style=\"vertical-align: inherit;\"><span style=\"vertical-align: inherit;\">Especificaciones: <\/span><\/span><br \/>\n<span style=\"vertical-align: inherit;\"><span style=\"vertical-align: inherit;\">&#8211; Voltaje: 110 V <\/span><\/span><br \/>\n<span style=\"vertical-align: inherit;\"><span style=\"vertical-align: inherit;\">&#8211; Tama\u00f1o del producto: 16,5 x 8,5 x 12,5 cm <\/span><\/span><br \/>\n<span style=\"vertical-align: inherit;\"><span style=\"vertical-align: inherit;\">&#8211; Di\u00e1metro: 14 cm<\/span><\/span><\/p>\n<p>&nbsp;<\/p>\n","protected":false},"excerpt":{"rendered":"<p style=\"text-align: center;\"><span data-sheets-root=\"1\" data-sheets-value=\"{&quot;1&quot;:2,&quot;2&quot;:&quot;M\u00e1quina Port\u00e1til Para Hornear Pasteles o Panques Tipo Rosca Superficie Antiadherente Que Se Calienta R\u00e1pidamente Cocina De Manera Uniforme Permite Preparar Tu Receta De Pastel Favorita En Unos Minutos.&quot;}\" data-sheets-userformat=\"{&quot;2&quot;:13249,&quot;3&quot;:{&quot;1&quot;:0},&quot;9&quot;:0,&quot;10&quot;:0,&quot;11&quot;:3,&quot;12&quot;:0,&quot;15&quot;:&quot;Calibri&quot;,&quot;16&quot;:12}\"><span style=\"vertical-align: inherit;\"><span style=\"vertical-align: inherit;\">M\u00e1quina Port\u00e1til | Para Hornear Pasteles o Panques | Tipo Rosca | Superficie Antiadherente | Que Se Caliente R\u00e1pidamente | Cocina De Manera Uniforme | Permite Preparar Tu Receta De Pastel Favorita En Unos Minutos.<\/span><\/span><\/span><\/p>\n","protected":false},"featured_media":5846,"comment_status":"open","ping_status":"closed","template":"","meta":{"_joinchat":[]},"product_cat":[255,59],"product_tag":[],"class_list":{"0":"post-5845","1":"product","2":"type-product","3":"status-publish","4":"has-post-thumbnail","6":"product_cat-255","7":"product_cat-hogar","9":"first","10":"instock","11":"sale","12":"shipping-taxable","13":"purchasable","14":"product-type-simple"},"_links":{"self":[{"href":"https:\/\/bereketshop.com.mx\/index.php\/wp-json\/wp\/v2\/product\/5845","targetHints":{"allow":["GET"]}}],"collection":[{"href":"https:\/\/bereketshop.com.mx\/index.php\/wp-json\/wp\/v2\/product"}],"about":[{"href":"https:\/\/bereketshop.com.mx\/index.php\/wp-json\/wp\/v2\/types\/product"}],"replies":[{"embeddable":true,"href":"https:\/\/bereketshop.com.mx\/index.php\/wp-json\/wp\/v2\/comments?post=5845"}],"wp:featuredmedia":[{"embeddable":true,"href":"https:\/\/bereketshop.com.mx\/index.php\/wp-json\/wp\/v2\/media\/5846"}],"wp:attachment":[{"href":"https:\/\/bereketshop.com.mx\/index.php\/wp-json\/wp\/v2\/media?parent=5845"}],"wp:term":[{"taxonomy":"product_cat","embeddable":true,"href":"https:\/\/bereketshop.com.mx\/index.php\/wp-json\/wp\/v2\/product_cat?post=5845"},{"taxonomy":"product_tag","embeddable":true,"href":"https:\/\/bereketshop.com.mx\/index.php\/wp-json\/wp\/v2\/product_tag?post=5845"}],"curies":[{"name":"wp","href":"https:\/\/api.w.org\/{rel}","templated":true}]}}