{"id":5853,"date":"2024-05-02T20:15:12","date_gmt":"2024-05-02T18:15:12","guid":{"rendered":"https:\/\/bereketshop.com.mx\/?post_type=product&#038;p=5853"},"modified":"2025-02-27T19:16:52","modified_gmt":"2025-02-27T18:16:52","slug":"alicate-cuchillo-multifuncional-para-campamento-24-en-1","status":"publish","type":"product","link":"https:\/\/bereketshop.com.mx\/index.php\/product\/alicate-cuchillo-multifuncional-para-campamento-24-en-1\/","title":{"rendered":"Alicate Cuchillo Multifuncional Para Campamento 24 En 1"},"content":{"rendered":"<h3><span data-sheets-root=\"1\" data-sheets-value=\"{&quot;1&quot;:2,&quot;2&quot;:&quot;Descripci\u00f3nnMini m\u00e1quina port\u00e1til el\u00e9ctrica para hornear pasteles o panques tipo roscannTransforma tu cocina en una pasteler\u00eda con la Mini m\u00e1quina port\u00e1til el\u00e9ctrica para hornear pasteles de 110 V. Con esta peque\u00f1a m\u00e1quina pr\u00e1ctica y encantadora, puedes preparar deliciosos Mini pasteles para tu merienda, desayuno o reuni\u00f3n.nnLa Mini m\u00e1quina port\u00e1til el\u00e9ctrica para hornear tartas tiene una superficie antiadherente que se calienta r\u00e1pidamente y se cocina de manera uniforme, lo que te permite preparar tu receta de tarta favorita en unos minutos. Con ella, no tendr\u00e1s que encender el horno, evitando la suciedad y facilitando el proceso de preparaci\u00f3n de tartas de una sola porci\u00f3n.nEs f\u00e1cil de usar y los pasteles se hornean en solo 10 minutos. Simplemente conecta la m\u00e1quina de pastel de lava y la superficie de cocci\u00f3n antiadherente se calienta de manera uniforme y r\u00e1pida. La herramienta de extracci\u00f3n incluida te ayuda a levantar y servir pasteles sin complicaciones ni desorden.nnEspecificaciones:n- Voltaje: 110 Vn- Tama\u00f1o del producto: 16,5 x 8,5 x 12,5 cmn- Di\u00e1metro: 14 cmnn&quot;}\" data-sheets-userformat=\"{&quot;2&quot;:13249,&quot;3&quot;:{&quot;1&quot;:0},&quot;9&quot;:0,&quot;10&quot;:0,&quot;11&quot;:3,&quot;12&quot;:0,&quot;15&quot;:&quot;Calibri&quot;,&quot;16&quot;:12}\"><span style=\"vertical-align: inherit;\"><span style=\"vertical-align: inherit;\">CARACTERISTICAS:<\/span><\/span><\/span><\/h3>\n<p>Prep\u00e1rate para cualquier viaje a la naturaleza con las multi tools.<\/p>\n<p>Creado para la supervivencia, accidentes inesperados y reparaciones al aire libre.<\/p>\n<p>Es un destornillador cuando instala una tienda de campa\u00f1a para acampar; Es un alicate de punta fina cuando repara su bicicleta en una carrera de bicicletas; Es una herramienta de supervivencia en caso de emergencia, etc.<\/p>\n<p>Multi herramienta, 14 en 1 Alicates Multi herramienta, Herramienta de Acero Inoxidable Plegable Multifuncional, Adecuado para Supervivencia al Aire Libre, Camping. Alicates Multiusos Plegable, 14 en 1 Multi herramienta de Alicate\u00a0 \u00a0Multifuncional de Acero Inoxidable Navaja Multiuso Ideal para Actividad Exterior Camping, Trabajo, Caza, Picnic<\/p>\n<p>ALICATES MULTIUSOS 14 EN 1: Dise\u00f1o de 14 en 1 para satisfacer las diferentes necesidades de: Alicates con resorte, Cuchillo de Hoja Larga, Sierra, Cuchillo de Hoja Corta, Cortador de Cables, Pelacables, Mini Destornillador, Destornillador Medio, Destornillador Grande, Destornillador de Estrella, Lima Metal de U\u00f1as, Removedor de Anzuelo, Abrelatas, Abrebotellas. Es una perfecta familia de herramientas multiusos.<\/p>\n<p>CONSTRUCCI\u00d3N ROBUSTA Y DISE\u00d1O ELEGANTE: Cada herramienta es fabricada de acero inoxidable grueso que hace que el alicates multi herramienta ser super s\u00f3lido y robusto. Garantiza y prolonga eficazmente la vida de uso. El acero inoxidable de alta calidad tambi\u00e9n evita que las pinzas se oxiden.<\/p>\n<p>SEGURO Y PORT\u00c1TIL: Todas las peque\u00f1as herramientas \u00fatiles son plegables para llevarla f\u00e1cilmente sin ocupar mucho espacio. Y tambi\u00e9n reduce el riesgo de ser herido cuando lleva. El tama\u00f1o plegado de esta herramienta es 10.4cm * 1.6cm y el peso total es de 230 gramos. El cuchillo multifunci\u00f3n se puede plegar y almacenar, lo que no ocupa espacio, es seguro y conveniente, y tambi\u00e9n est\u00e1 equipado con una bolsa de nailon para facilitar su transporte.<\/p>\n<p>APLICACIONES: La herramienta multifunci\u00f3n tiene muchas funciones y casi puede satisfacer las necesidades diarias. Puede usarse no solo para la decoraci\u00f3n del hogar, sino tambi\u00e9n para acampar al aire libre, supervivencia salvaje, supervivencia de emergencia, etc.ar, sino tambi\u00e9n para acampar al aire libre, supervivencia salvaje, supervivencia de emergencia, etc.<\/p>\n","protected":false},"excerpt":{"rendered":"<p style=\"text-align: center;\"><span data-sheets-root=\"1\" data-sheets-value=\"{&quot;1&quot;:2,&quot;2&quot;:&quot;Alicate Cuchillo Multifuncional Para Campamento 24 En 1 Alicate Multiherramienta Plegable Cortador Desarmador Pinza&quot;}\" data-sheets-userformat=\"{&quot;2&quot;:13249,&quot;3&quot;:{&quot;1&quot;:0},&quot;9&quot;:0,&quot;10&quot;:0,&quot;11&quot;:3,&quot;12&quot;:0,&quot;15&quot;:&quot;Calibri&quot;,&quot;16&quot;:12}\">Alicate Cuchillo Multifuncional | Para Campamento 24 En 1| Alicate Multi herramienta |Plegable| Cortador Desarmador| Pinza.<\/span><\/p>\n","protected":false},"featured_media":5854,"comment_status":"open","ping_status":"closed","template":"","meta":{"_joinchat":[]},"product_cat":[240,59],"product_tag":[],"class_list":{"0":"post-5853","1":"product","2":"type-product","3":"status-publish","4":"has-post-thumbnail","6":"product_cat-240","7":"product_cat-hogar","9":"first","10":"instock","11":"sale","12":"shipping-taxable","13":"purchasable","14":"product-type-simple"},"_links":{"self":[{"href":"https:\/\/bereketshop.com.mx\/index.php\/wp-json\/wp\/v2\/product\/5853","targetHints":{"allow":["GET"]}}],"collection":[{"href":"https:\/\/bereketshop.com.mx\/index.php\/wp-json\/wp\/v2\/product"}],"about":[{"href":"https:\/\/bereketshop.com.mx\/index.php\/wp-json\/wp\/v2\/types\/product"}],"replies":[{"embeddable":true,"href":"https:\/\/bereketshop.com.mx\/index.php\/wp-json\/wp\/v2\/comments?post=5853"}],"wp:featuredmedia":[{"embeddable":true,"href":"https:\/\/bereketshop.com.mx\/index.php\/wp-json\/wp\/v2\/media\/5854"}],"wp:attachment":[{"href":"https:\/\/bereketshop.com.mx\/index.php\/wp-json\/wp\/v2\/media?parent=5853"}],"wp:term":[{"taxonomy":"product_cat","embeddable":true,"href":"https:\/\/bereketshop.com.mx\/index.php\/wp-json\/wp\/v2\/product_cat?post=5853"},{"taxonomy":"product_tag","embeddable":true,"href":"https:\/\/bereketshop.com.mx\/index.php\/wp-json\/wp\/v2\/product_tag?post=5853"}],"curies":[{"name":"wp","href":"https:\/\/api.w.org\/{rel}","templated":true}]}}