{"id":5875,"date":"2024-05-02T21:09:51","date_gmt":"2024-05-02T19:09:51","guid":{"rendered":"https:\/\/bereketshop.com.mx\/?post_type=product&#038;p=5875"},"modified":"2025-04-09T22:58:10","modified_gmt":"2025-04-09T20:58:10","slug":"molde-de-silicona-para-hot-cake-moldes-para-sarten-7-huecos","status":"publish","type":"product","link":"https:\/\/bereketshop.com.mx\/index.php\/product\/molde-de-silicona-para-hot-cake-moldes-para-sarten-7-huecos\/","title":{"rendered":"Molde De Silicona Para Hot Cake Moldes Para Sarten 7 Huecos"},"content":{"rendered":"<h3><span style=\"vertical-align: inherit;\"><span style=\"vertical-align: inherit;\"><span style=\"vertical-align: inherit;\"><span style=\"vertical-align: inherit;\">CARACTER\u00cdSTICAS:<\/span><\/span><\/span><\/span><\/h3>\n<p><span data-sheets-root=\"1\" data-sheets-value=\"{&quot;1&quot;:2,&quot;2&quot;:&quot;Material de seguridad: hecho de silicona alimentaria. Funciona maravillosamente para huevos y panqueques. Las formas son de resistencia media y relativamente flexibles. La silicona tiene una buena calidad. y resistente hasta 230 grados.\\nDise\u00f1o de sart\u00e9n antiadherente: simplemente coloca la masa en una sart\u00e9n precalentada. El molde para panqueques est\u00e1 dise\u00f1ado para sartenes antiadherentes. Puedes utilizar la m\u00e1quina de huevos en la sart\u00e9n para hacer panqueques perfectamente formados.\\nF\u00e1cil de usar: nuevo dise\u00f1o de peque\u00f1os agujeros de aire alrededor para girar f\u00e1cilmente y 2 orejas extendidas para llevar alimentos para evitar quemar, silicona flexible. Simple y f\u00e1cil de usar.\\nF\u00e1cil de limpiar: despu\u00e9s de su uso, el molde de silicona se puede limpiar f\u00e1cilmente con agua caliente o colocar en el lavavajillas. En el armario ocupa muy poco espacio, porque puedes apilar diferentes formas muy bien una encima de la otra.\\nUso amplio: moldes de silicona para panqueques perfectos para huevos, magdalenas, mini panqueques, tortillas peque\u00f1as, huevos escalfados, hamburguesas y mucho m\u00e1s. Fant\u00e1sticos alimentos de forma saludable para tus hijos y familia.&quot;}\" data-sheets-userformat=\"{&quot;2&quot;:13249,&quot;3&quot;:{&quot;1&quot;:0},&quot;9&quot;:0,&quot;10&quot;:0,&quot;11&quot;:3,&quot;12&quot;:0,&quot;15&quot;:&quot;Calibri&quot;,&quot;16&quot;:12}\"><span style=\"vertical-align: inherit;\"><span style=\"vertical-align: inherit;\"><span style=\"vertical-align: inherit;\"><span style=\"vertical-align: inherit;\">Material de seguridad: hecho de silicona alimentaria. Funciona magn\u00edficamente para huevos y panqueques. Las formas son de resistencia media y relativamente flexibles. La silicona tiene una buena calidad. y resistente hasta 230 grados.<\/span><\/span><\/span><\/span><\/span><\/p>\n<p><span data-sheets-root=\"1\" data-sheets-value=\"{&quot;1&quot;:2,&quot;2&quot;:&quot;Material de seguridad: hecho de silicona alimentaria. Funciona maravillosamente para huevos y panqueques. Las formas son de resistencia media y relativamente flexibles. La silicona tiene una buena calidad. y resistente hasta 230 grados.\\nDise\u00f1o de sart\u00e9n antiadherente: simplemente coloca la masa en una sart\u00e9n precalentada. El molde para panqueques est\u00e1 dise\u00f1ado para sartenes antiadherentes. Puedes utilizar la m\u00e1quina de huevos en la sart\u00e9n para hacer panqueques perfectamente formados.\\nF\u00e1cil de usar: nuevo dise\u00f1o de peque\u00f1os agujeros de aire alrededor para girar f\u00e1cilmente y 2 orejas extendidas para llevar alimentos para evitar quemar, silicona flexible. Simple y f\u00e1cil de usar.\\nF\u00e1cil de limpiar: despu\u00e9s de su uso, el molde de silicona se puede limpiar f\u00e1cilmente con agua caliente o colocar en el lavavajillas. En el armario ocupa muy poco espacio, porque puedes apilar diferentes formas muy bien una encima de la otra.\\nUso amplio: moldes de silicona para panqueques perfectos para huevos, magdalenas, mini panqueques, tortillas peque\u00f1as, huevos escalfados, hamburguesas y mucho m\u00e1s. Fant\u00e1sticos alimentos de forma saludable para tus hijos y familia.&quot;}\" data-sheets-userformat=\"{&quot;2&quot;:13249,&quot;3&quot;:{&quot;1&quot;:0},&quot;9&quot;:0,&quot;10&quot;:0,&quot;11&quot;:3,&quot;12&quot;:0,&quot;15&quot;:&quot;Calibri&quot;,&quot;16&quot;:12}\"><span style=\"vertical-align: inherit;\"><span style=\"vertical-align: inherit;\"><span style=\"vertical-align: inherit;\"><span style=\"vertical-align: inherit;\">Dise\u00f1o de sart\u00e9n antiadherente: simplemente coloque la masa en una sart\u00e9n precalentada. El molde para panqueques est\u00e1 dise\u00f1ado para sartenes antiadherentes. Puedes utilizar la m\u00e1quina de huevos en la sart\u00e9n para hacer panqueques perfectamente formados.<\/span><\/span><\/span><\/span><\/span><\/p>\n<p><span data-sheets-root=\"1\" data-sheets-value=\"{&quot;1&quot;:2,&quot;2&quot;:&quot;Material de seguridad: hecho de silicona alimentaria. Funciona maravillosamente para huevos y panqueques. Las formas son de resistencia media y relativamente flexibles. La silicona tiene una buena calidad. y resistente hasta 230 grados.\\nDise\u00f1o de sart\u00e9n antiadherente: simplemente coloca la masa en una sart\u00e9n precalentada. El molde para panqueques est\u00e1 dise\u00f1ado para sartenes antiadherentes. Puedes utilizar la m\u00e1quina de huevos en la sart\u00e9n para hacer panqueques perfectamente formados.\\nF\u00e1cil de usar: nuevo dise\u00f1o de peque\u00f1os agujeros de aire alrededor para girar f\u00e1cilmente y 2 orejas extendidas para llevar alimentos para evitar quemar, silicona flexible. Simple y f\u00e1cil de usar.\\nF\u00e1cil de limpiar: despu\u00e9s de su uso, el molde de silicona se puede limpiar f\u00e1cilmente con agua caliente o colocar en el lavavajillas. En el armario ocupa muy poco espacio, porque puedes apilar diferentes formas muy bien una encima de la otra.\\nUso amplio: moldes de silicona para panqueques perfectos para huevos, magdalenas, mini panqueques, tortillas peque\u00f1as, huevos escalfados, hamburguesas y mucho m\u00e1s. Fant\u00e1sticos alimentos de forma saludable para tus hijos y familia.&quot;}\" data-sheets-userformat=\"{&quot;2&quot;:13249,&quot;3&quot;:{&quot;1&quot;:0},&quot;9&quot;:0,&quot;10&quot;:0,&quot;11&quot;:3,&quot;12&quot;:0,&quot;15&quot;:&quot;Calibri&quot;,&quot;16&quot;:12}\"><br \/>\n<span style=\"vertical-align: inherit;\"><span style=\"vertical-align: inherit;\"><span style=\"vertical-align: inherit;\"><span style=\"vertical-align: inherit;\">F\u00e1cil de usar: nuevo dise\u00f1o de peque\u00f1os agujeros de aire alrededor para girar f\u00e1cilmente y 2 orejas extendidas para llevar alimentos para evitar quemar, silicona flexible. Sencillo y f\u00e1cil de usar.<\/span><\/span><\/span><\/span><\/span><\/p>\n<p><span data-sheets-root=\"1\" data-sheets-value=\"{&quot;1&quot;:2,&quot;2&quot;:&quot;Material de seguridad: hecho de silicona alimentaria. Funciona maravillosamente para huevos y panqueques. Las formas son de resistencia media y relativamente flexibles. La silicona tiene una buena calidad. y resistente hasta 230 grados.\\nDise\u00f1o de sart\u00e9n antiadherente: simplemente coloca la masa en una sart\u00e9n precalentada. El molde para panqueques est\u00e1 dise\u00f1ado para sartenes antiadherentes. Puedes utilizar la m\u00e1quina de huevos en la sart\u00e9n para hacer panqueques perfectamente formados.\\nF\u00e1cil de usar: nuevo dise\u00f1o de peque\u00f1os agujeros de aire alrededor para girar f\u00e1cilmente y 2 orejas extendidas para llevar alimentos para evitar quemar, silicona flexible. Simple y f\u00e1cil de usar.\\nF\u00e1cil de limpiar: despu\u00e9s de su uso, el molde de silicona se puede limpiar f\u00e1cilmente con agua caliente o colocar en el lavavajillas. En el armario ocupa muy poco espacio, porque puedes apilar diferentes formas muy bien una encima de la otra.\\nUso amplio: moldes de silicona para panqueques perfectos para huevos, magdalenas, mini panqueques, tortillas peque\u00f1as, huevos escalfados, hamburguesas y mucho m\u00e1s. Fant\u00e1sticos alimentos de forma saludable para tus hijos y familia.&quot;}\" data-sheets-userformat=\"{&quot;2&quot;:13249,&quot;3&quot;:{&quot;1&quot;:0},&quot;9&quot;:0,&quot;10&quot;:0,&quot;11&quot;:3,&quot;12&quot;:0,&quot;15&quot;:&quot;Calibri&quot;,&quot;16&quot;:12}\"><br \/>\n<span style=\"vertical-align: inherit;\"><span style=\"vertical-align: inherit;\"><span style=\"vertical-align: inherit;\"><span style=\"vertical-align: inherit;\">F\u00e1cil de limpiar: despu\u00e9s de su uso, el molde de silicona se puede limpiar f\u00e1cilmente con agua caliente o colocar en el lavavajillas. En el armario ocupa muy poco espacio, porque puedes apilar diferentes formas muy bien una encima de la otra.<\/span><\/span><\/span><\/span><\/span><\/p>\n<p><span data-sheets-root=\"1\" data-sheets-value=\"{&quot;1&quot;:2,&quot;2&quot;:&quot;Material de seguridad: hecho de silicona alimentaria. Funciona maravillosamente para huevos y panqueques. Las formas son de resistencia media y relativamente flexibles. La silicona tiene una buena calidad. y resistente hasta 230 grados.\\nDise\u00f1o de sart\u00e9n antiadherente: simplemente coloca la masa en una sart\u00e9n precalentada. El molde para panqueques est\u00e1 dise\u00f1ado para sartenes antiadherentes. Puedes utilizar la m\u00e1quina de huevos en la sart\u00e9n para hacer panqueques perfectamente formados.\\nF\u00e1cil de usar: nuevo dise\u00f1o de peque\u00f1os agujeros de aire alrededor para girar f\u00e1cilmente y 2 orejas extendidas para llevar alimentos para evitar quemar, silicona flexible. Simple y f\u00e1cil de usar.\\nF\u00e1cil de limpiar: despu\u00e9s de su uso, el molde de silicona se puede limpiar f\u00e1cilmente con agua caliente o colocar en el lavavajillas. En el armario ocupa muy poco espacio, porque puedes apilar diferentes formas muy bien una encima de la otra.\\nUso amplio: moldes de silicona para panqueques perfectos para huevos, magdalenas, mini panqueques, tortillas peque\u00f1as, huevos escalfados, hamburguesas y mucho m\u00e1s. Fant\u00e1sticos alimentos de forma saludable para tus hijos y familia.&quot;}\" data-sheets-userformat=\"{&quot;2&quot;:13249,&quot;3&quot;:{&quot;1&quot;:0},&quot;9&quot;:0,&quot;10&quot;:0,&quot;11&quot;:3,&quot;12&quot;:0,&quot;15&quot;:&quot;Calibri&quot;,&quot;16&quot;:12}\"><br \/>\n<span style=\"vertical-align: inherit;\"><span style=\"vertical-align: inherit;\"><span style=\"vertical-align: inherit;\"><span style=\"vertical-align: inherit;\">Uso amplio: moldes de silicona para panqueques perfectos para huevos, magdalenas, mini panqueques, tortillas peque\u00f1as, huevos escalfados, hamburguesas y mucho m\u00e1s. Fant\u00e1sticos alimentos de forma saludable para tus hijos y familia.<\/span><\/span><\/span><\/span><\/span><\/p>\n","protected":false},"excerpt":{"rendered":"<p style=\"text-align: center;\"><span style=\"vertical-align: inherit;\"><span style=\"vertical-align: inherit;\"><span style=\"vertical-align: inherit;\"><span style=\"vertical-align: inherit;\">Molde De Silicona Para Hot Cake | Moldes Herramientas Para Sart\u00e9n| De Silicona | 7 Hoyos Huevo| Sart\u00e9n Multifuncional | Tortillas y Cocedor de Huevos | Reutilizable| Antiadherente Para Hacer Crepes<\/span><\/span><\/span><\/span><\/p>\n","protected":false},"featured_media":5880,"comment_status":"open","ping_status":"closed","template":"","meta":{"_joinchat":[]},"product_cat":[246,59],"product_tag":[],"class_list":{"0":"post-5875","1":"product","2":"type-product","3":"status-publish","4":"has-post-thumbnail","6":"product_cat-246","7":"product_cat-hogar","9":"first","10":"outofstock","11":"sale","12":"shipping-taxable","13":"purchasable","14":"product-type-simple"},"_links":{"self":[{"href":"https:\/\/bereketshop.com.mx\/index.php\/wp-json\/wp\/v2\/product\/5875","targetHints":{"allow":["GET"]}}],"collection":[{"href":"https:\/\/bereketshop.com.mx\/index.php\/wp-json\/wp\/v2\/product"}],"about":[{"href":"https:\/\/bereketshop.com.mx\/index.php\/wp-json\/wp\/v2\/types\/product"}],"replies":[{"embeddable":true,"href":"https:\/\/bereketshop.com.mx\/index.php\/wp-json\/wp\/v2\/comments?post=5875"}],"wp:featuredmedia":[{"embeddable":true,"href":"https:\/\/bereketshop.com.mx\/index.php\/wp-json\/wp\/v2\/media\/5880"}],"wp:attachment":[{"href":"https:\/\/bereketshop.com.mx\/index.php\/wp-json\/wp\/v2\/media?parent=5875"}],"wp:term":[{"taxonomy":"product_cat","embeddable":true,"href":"https:\/\/bereketshop.com.mx\/index.php\/wp-json\/wp\/v2\/product_cat?post=5875"},{"taxonomy":"product_tag","embeddable":true,"href":"https:\/\/bereketshop.com.mx\/index.php\/wp-json\/wp\/v2\/product_tag?post=5875"}],"curies":[{"name":"wp","href":"https:\/\/api.w.org\/{rel}","templated":true}]}}