{"id":5884,"date":"2024-05-02T22:48:51","date_gmt":"2024-05-02T20:48:51","guid":{"rendered":"https:\/\/bereketshop.com.mx\/?post_type=product&#038;p=5884"},"modified":"2024-09-11T19:42:16","modified_gmt":"2024-09-11T17:42:16","slug":"set-de-manicura-y-pedicura-con-estuche-19-piezas-ideal-para-viaje-y-uso-domestico","status":"publish","type":"product","link":"https:\/\/bereketshop.com.mx\/index.php\/product\/set-de-manicura-y-pedicura-con-estuche-19-piezas-ideal-para-viaje-y-uso-domestico\/","title":{"rendered":"Set de Manicura y Pedicura con estuche 19 Piezas Ideal para Viaje y Uso Dom\u00e9stico"},"content":{"rendered":"<h3><span style=\"vertical-align: inherit;\"><span style=\"vertical-align: inherit;\"><span style=\"vertical-align: inherit;\"><span style=\"vertical-align: inherit;\">CARACTER\u00cdSTICAS:<\/span><\/span><\/span><\/span><\/h3>\n<p><span data-sheets-root=\"1\" data-sheets-value=\"{&quot;1&quot;:2,&quot;2&quot;:&quot;Multifuncional: el paquete completo de m\u00faltiples herramientas pr\u00e1cticas para manicura, pedicura y cuidado facial, incluyendo corta\u00fa\u00f1as, lima de u\u00f1as, tijeras para recortar las cejas, pinzas, agujas para el acn\u00e9, palillos, eliminaci\u00f3n de cut\u00edculas, etc. Un juego que puede satisfacer todas tus necesidades diarias.\\nMaterial duradero: el juego de cortau\u00f1as de Luling utiliza una nueva generaci\u00f3n de tecnolog\u00eda de pulido antideslizante negro, la claridad ha sido mejorada. El acero inoxidable de alta calidad hace que el kit de cuidado sea muy resistente y duradero. o suciedad, adem\u00e1s de ser f\u00e1cilmente manejable con precisi\u00f3n y limpieza antis\u00e9ptica.\\nTama\u00f1o port\u00e1til: el juego de manicura para mujer est\u00e1 dise\u00f1ado con un tama\u00f1o port\u00e1til. Puedes llevarla c\u00f3modamente donde quiera que vayas, simplemente m\u00e9tela en tu bolso, coche, equipaje, etc. Ideal para viajes o uso dom\u00e9stico. El juego de manicura es el regalo perfecto para tu familia y amigos&quot;}\" data-sheets-userformat=\"{&quot;2&quot;:13249,&quot;3&quot;:{&quot;1&quot;:0},&quot;9&quot;:0,&quot;10&quot;:0,&quot;11&quot;:3,&quot;12&quot;:0,&quot;15&quot;:&quot;Calibri&quot;,&quot;16&quot;:12}\"><span style=\"vertical-align: inherit;\"><span style=\"vertical-align: inherit;\"><span style=\"vertical-align: inherit;\"><span style=\"vertical-align: inherit;\">Multifuncional: el paquete completo de m\u00faltiples herramientas pr\u00e1cticas para manicura, pedicura y cuidado facial, incluyendo corta\u00fa\u00f1as, lima de u\u00f1as, tijeras para recortar las cejas, pinzas, agujas para el acn\u00e9, palillos, eliminaci\u00f3n de cut\u00edculas, etc. Un juego que puede satisfacer todas tus necesidades diarias.<\/span><\/span><\/span><\/span><\/span><\/p>\n<p><span data-sheets-root=\"1\" data-sheets-value=\"{&quot;1&quot;:2,&quot;2&quot;:&quot;Multifuncional: el paquete completo de m\u00faltiples herramientas pr\u00e1cticas para manicura, pedicura y cuidado facial, incluyendo corta\u00fa\u00f1as, lima de u\u00f1as, tijeras para recortar las cejas, pinzas, agujas para el acn\u00e9, palillos, eliminaci\u00f3n de cut\u00edculas, etc. Un juego que puede satisfacer todas tus necesidades diarias.\\nMaterial duradero: el juego de cortau\u00f1as de Luling utiliza una nueva generaci\u00f3n de tecnolog\u00eda de pulido antideslizante negro, la claridad ha sido mejorada. El acero inoxidable de alta calidad hace que el kit de cuidado sea muy resistente y duradero. o suciedad, adem\u00e1s de ser f\u00e1cilmente manejable con precisi\u00f3n y limpieza antis\u00e9ptica.\\nTama\u00f1o port\u00e1til: el juego de manicura para mujer est\u00e1 dise\u00f1ado con un tama\u00f1o port\u00e1til. Puedes llevarla c\u00f3modamente donde quiera que vayas, simplemente m\u00e9tela en tu bolso, coche, equipaje, etc. Ideal para viajes o uso dom\u00e9stico. El juego de manicura es el regalo perfecto para tu familia y amigos&quot;}\" data-sheets-userformat=\"{&quot;2&quot;:13249,&quot;3&quot;:{&quot;1&quot;:0},&quot;9&quot;:0,&quot;10&quot;:0,&quot;11&quot;:3,&quot;12&quot;:0,&quot;15&quot;:&quot;Calibri&quot;,&quot;16&quot;:12}\"><br \/>\n<span style=\"vertical-align: inherit;\"><span style=\"vertical-align: inherit;\"><span style=\"vertical-align: inherit;\"><span style=\"vertical-align: inherit;\">Material duradero: el juego de corta\u00fa\u00f1as de Luling utiliza una nueva generaci\u00f3n de tecnolog\u00eda de pulido antideslizante negro, la claridad ha sido mejorada. El acero inoxidable de alta calidad hace que el kit de cuidado sea muy resistente y duradero. o suciedad, adem\u00e1s de ser f\u00e1cilmente manejable con precisi\u00f3n y limpieza antis\u00e9ptica.<\/span><\/span><\/span><\/span><\/span><\/p>\n<p><span data-sheets-root=\"1\" data-sheets-value=\"{&quot;1&quot;:2,&quot;2&quot;:&quot;Multifuncional: el paquete completo de m\u00faltiples herramientas pr\u00e1cticas para manicura, pedicura y cuidado facial, incluyendo corta\u00fa\u00f1as, lima de u\u00f1as, tijeras para recortar las cejas, pinzas, agujas para el acn\u00e9, palillos, eliminaci\u00f3n de cut\u00edculas, etc. Un juego que puede satisfacer todas tus necesidades diarias.\\nMaterial duradero: el juego de cortau\u00f1as de Luling utiliza una nueva generaci\u00f3n de tecnolog\u00eda de pulido antideslizante negro, la claridad ha sido mejorada. El acero inoxidable de alta calidad hace que el kit de cuidado sea muy resistente y duradero. o suciedad, adem\u00e1s de ser f\u00e1cilmente manejable con precisi\u00f3n y limpieza antis\u00e9ptica.\\nTama\u00f1o port\u00e1til: el juego de manicura para mujer est\u00e1 dise\u00f1ado con un tama\u00f1o port\u00e1til. Puedes llevarla c\u00f3modamente donde quiera que vayas, simplemente m\u00e9tela en tu bolso, coche, equipaje, etc. Ideal para viajes o uso dom\u00e9stico. El juego de manicura es el regalo perfecto para tu familia y amigos&quot;}\" data-sheets-userformat=\"{&quot;2&quot;:13249,&quot;3&quot;:{&quot;1&quot;:0},&quot;9&quot;:0,&quot;10&quot;:0,&quot;11&quot;:3,&quot;12&quot;:0,&quot;15&quot;:&quot;Calibri&quot;,&quot;16&quot;:12}\"><br \/>\n<span style=\"vertical-align: inherit;\"><span style=\"vertical-align: inherit;\"><span style=\"vertical-align: inherit;\"><span style=\"vertical-align: inherit;\">Tama\u00f1o port\u00e1til: el juego de manicura para mujer est\u00e1 dise\u00f1ado con un tama\u00f1o port\u00e1til. Puedes llevarla c\u00f3modamente donde quiera que vayas, simplemente m\u00e9tela en tu bolso, coche, equipaje, etc. Ideal para viajes o uso dom\u00e9stico. El juego de manicura es el regalo perfecto para tu familia y amigos.<\/span><\/span><\/span><\/span><\/span><\/p>\n","protected":false},"excerpt":{"rendered":"<p style=\"text-align: center;\"><span data-sheets-root=\"1\" data-sheets-value=\"{&quot;1&quot;:2,&quot;2&quot;:&quot;Set de Manicura y Pedicura con estuche 19 Piezas Ideal para Viaje y Uso Dom\u00e9stico Kit de spa de pies juego de cuidado de pies pies herramientas de pedicura profesionales&quot;}\" data-sheets-userformat=\"{&quot;2&quot;:13249,&quot;3&quot;:{&quot;1&quot;:0},&quot;9&quot;:0,&quot;10&quot;:0,&quot;11&quot;:3,&quot;12&quot;:0,&quot;15&quot;:&quot;Calibri&quot;,&quot;16&quot;:12}\"><span style=\"vertical-align: inherit;\"><span style=\"vertical-align: inherit;\"><span style=\"vertical-align: inherit;\"><span style=\"vertical-align: inherit;\">Set de Manicura y Pedicura| Con estuche 19 Piezas | Ideal Para Viaje| y Uso Dom\u00e9stico |Kit de Spa De Pies Juego De Cuidado De Pies | Pies Herramientas | De Pedicura Profesionales<\/span><\/span><\/span><\/span><\/span><\/p>\n","protected":false},"featured_media":5885,"comment_status":"open","ping_status":"closed","template":"","meta":{"_joinchat":[]},"product_cat":[246,59],"product_tag":[],"class_list":{"0":"post-5884","1":"product","2":"type-product","3":"status-publish","4":"has-post-thumbnail","6":"product_cat-246","7":"product_cat-hogar","9":"first","10":"instock","11":"sale","12":"shipping-taxable","13":"purchasable","14":"product-type-variable"},"_links":{"self":[{"href":"https:\/\/bereketshop.com.mx\/index.php\/wp-json\/wp\/v2\/product\/5884","targetHints":{"allow":["GET"]}}],"collection":[{"href":"https:\/\/bereketshop.com.mx\/index.php\/wp-json\/wp\/v2\/product"}],"about":[{"href":"https:\/\/bereketshop.com.mx\/index.php\/wp-json\/wp\/v2\/types\/product"}],"replies":[{"embeddable":true,"href":"https:\/\/bereketshop.com.mx\/index.php\/wp-json\/wp\/v2\/comments?post=5884"}],"wp:featuredmedia":[{"embeddable":true,"href":"https:\/\/bereketshop.com.mx\/index.php\/wp-json\/wp\/v2\/media\/5885"}],"wp:attachment":[{"href":"https:\/\/bereketshop.com.mx\/index.php\/wp-json\/wp\/v2\/media?parent=5884"}],"wp:term":[{"taxonomy":"product_cat","embeddable":true,"href":"https:\/\/bereketshop.com.mx\/index.php\/wp-json\/wp\/v2\/product_cat?post=5884"},{"taxonomy":"product_tag","embeddable":true,"href":"https:\/\/bereketshop.com.mx\/index.php\/wp-json\/wp\/v2\/product_tag?post=5884"}],"curies":[{"name":"wp","href":"https:\/\/api.w.org\/{rel}","templated":true}]}}