{"id":5943,"date":"2024-05-03T23:42:47","date_gmt":"2024-05-03T21:42:47","guid":{"rendered":"https:\/\/bereketshop.com.mx\/?post_type=product&#038;p=5943"},"modified":"2024-12-30T20:34:09","modified_gmt":"2024-12-30T19:34:09","slug":"juguetes-de-caja-registradora-electronicos-de-supermercado","status":"publish","type":"product","link":"https:\/\/bereketshop.com.mx\/index.php\/product\/juguetes-de-caja-registradora-electronicos-de-supermercado\/","title":{"rendered":"Juguetes De Caja Registradora Electr\u00f3nicos De Supermercado"},"content":{"rendered":"<h3>CARACTERISTICAS:<\/h3>\n<p><span data-sheets-root=\"1\" data-sheets-value=\"{&quot;1&quot;:2,&quot;2&quot;:&quot;La Caja Registradora es un juguete divertido y educativo para padres e hijos que simula compras reales. Cuenta con un dise\u00f1o sonido que hace ruidos realistas al escanear art\u00edculos o al abrir la caja registradora. Tambi\u00e9n ayuda a los ni\u00f1os a desarrollar sus habilidades matem\u00e1ticas calculando precios y dando cambio. El juguete est\u00e1 hecho material alta calidad que es duradero y seguro. Se pueusar para varias ocasiones, como fiestas cumplea\u00f1os, juegos simulaci\u00f3n, juegos rol y m\u00e1s. \u00a1El juguete la caja registradora es un gran regalo para los ni\u00f1os a los que les encanta ir compras!\\r\\n\\r\\nNombre del producto: Juego caja registradora simulaci\u00f3n para ni\u00f1os\\r\\nTama\u00f1o del producto: 18,5*12,5*9,5 cm\\r\\nTama\u00f1o del paquete: 19,5*12,6*6,8 cm\\r\\nMaterial: ABS\\r\\nPeso: 167g\\r\\nApto para mayores 3 a\u00f1os\\r\\nEspecificaciones: Dos secciones la fuente alimentaci\u00f3n No. 5 AA (los clientes deben prepararse por s\u00ed mismos)&quot;}\" data-sheets-userformat=\"{&quot;2&quot;:13249,&quot;3&quot;:{&quot;1&quot;:0},&quot;9&quot;:0,&quot;10&quot;:0,&quot;11&quot;:3,&quot;12&quot;:0,&quot;15&quot;:&quot;Calibri&quot;,&quot;16&quot;:12}\">La Caja Registradora es un juguete divertido y educativo para padres e hijos que simula compras reales. Cuenta con un dise\u00f1o sonido que hace ruidos realistas al escanear art\u00edculos o al abrir la caja registradora. Tambi\u00e9n ayuda a los ni\u00f1os a desarrollar sus habilidades matem\u00e1ticas calculando precios y dando cambio. <\/span><\/p>\n<p><span data-sheets-root=\"1\" data-sheets-value=\"{&quot;1&quot;:2,&quot;2&quot;:&quot;La Caja Registradora es un juguete divertido y educativo para padres e hijos que simula compras reales. Cuenta con un dise\u00f1o sonido que hace ruidos realistas al escanear art\u00edculos o al abrir la caja registradora. Tambi\u00e9n ayuda a los ni\u00f1os a desarrollar sus habilidades matem\u00e1ticas calculando precios y dando cambio. El juguete est\u00e1 hecho material alta calidad que es duradero y seguro. Se pueusar para varias ocasiones, como fiestas cumplea\u00f1os, juegos simulaci\u00f3n, juegos rol y m\u00e1s. \u00a1El juguete la caja registradora es un gran regalo para los ni\u00f1os a los que les encanta ir compras!\\r\\n\\r\\nNombre del producto: Juego caja registradora simulaci\u00f3n para ni\u00f1os\\r\\nTama\u00f1o del producto: 18,5*12,5*9,5 cm\\r\\nTama\u00f1o del paquete: 19,5*12,6*6,8 cm\\r\\nMaterial: ABS\\r\\nPeso: 167g\\r\\nApto para mayores 3 a\u00f1os\\r\\nEspecificaciones: Dos secciones la fuente alimentaci\u00f3n No. 5 AA (los clientes deben prepararse por s\u00ed mismos)&quot;}\" data-sheets-userformat=\"{&quot;2&quot;:13249,&quot;3&quot;:{&quot;1&quot;:0},&quot;9&quot;:0,&quot;10&quot;:0,&quot;11&quot;:3,&quot;12&quot;:0,&quot;15&quot;:&quot;Calibri&quot;,&quot;16&quot;:12}\">El juguete est\u00e1 hecho material alta calidad que es duradero y seguro. Se puede usar para varias ocasiones, como fiestas cumplea\u00f1os, juegos simulaci\u00f3n, juegos rol y m\u00e1s. \u00a1El juguete la caja registradora es un gran regalo para los ni\u00f1os a los que les encanta ir compras!<\/span><\/p>\n<p>Nombre del producto: Juego caja registradora simulaci\u00f3n para ni\u00f1os<br \/>\nTama\u00f1o del producto: 18,5*12,5*9,5 cm<br \/>\nTama\u00f1o del paquete: 19,5*12,6*6,8 cm<br \/>\nMaterial: ABS<br \/>\nPeso: 167g<br \/>\nApto para mayores 3 a\u00f1os<span data-sheets-root=\"1\" data-sheets-value=\"{&quot;1&quot;:2,&quot;2&quot;:&quot;La Caja Registradora es un juguete divertido y educativo para padres e hijos que simula compras reales. Cuenta con un dise\u00f1o sonido que hace ruidos realistas al escanear art\u00edculos o al abrir la caja registradora. Tambi\u00e9n ayuda a los ni\u00f1os a desarrollar sus habilidades matem\u00e1ticas calculando precios y dando cambio. El juguete est\u00e1 hecho material alta calidad que es duradero y seguro. Se pueusar para varias ocasiones, como fiestas cumplea\u00f1os, juegos simulaci\u00f3n, juegos rol y m\u00e1s. \u00a1El juguete la caja registradora es un gran regalo para los ni\u00f1os a los que les encanta ir compras!\\r\\n\\r\\nNombre del producto: Juego caja registradora simulaci\u00f3n para ni\u00f1os\\r\\nTama\u00f1o del producto: 18,5*12,5*9,5 cm\\r\\nTama\u00f1o del paquete: 19,5*12,6*6,8 cm\\r\\nMaterial: ABS\\r\\nPeso: 167g\\r\\nApto para mayores 3 a\u00f1os\\r\\nEspecificaciones: Dos secciones la fuente alimentaci\u00f3n No. 5 AA (los clientes deben prepararse por s\u00ed mismos)&quot;}\" data-sheets-userformat=\"{&quot;2&quot;:13249,&quot;3&quot;:{&quot;1&quot;:0},&quot;9&quot;:0,&quot;10&quot;:0,&quot;11&quot;:3,&quot;12&quot;:0,&quot;15&quot;:&quot;Calibri&quot;,&quot;16&quot;:12}\"><br \/>\nEspecificaciones: Dos secciones la fuente alimentaci\u00f3n No. 5 AA (los clientes deben prepararse por s\u00ed mismos)<\/span><\/p>\n","protected":false},"excerpt":{"rendered":"<p style=\"text-align: center;\"><span data-sheets-root=\"1\" data-sheets-value=\"{&quot;1&quot;:2,&quot;2&quot;:&quot;Juguetes De Caja Registradora Juguetes De Caja Registradora Electr\u00f3nicos Caja Registradora De Supermercado Con Esc\u00e1ner Funcional Juguetes De Efectivo Con Simulaci\u00f3n De Tarjeta De Cr\u00e9dito Para Ni\u00f1os&quot;}\" data-sheets-userformat=\"{&quot;2&quot;:13249,&quot;3&quot;:{&quot;1&quot;:0},&quot;9&quot;:0,&quot;10&quot;:0,&quot;11&quot;:3,&quot;12&quot;:0,&quot;15&quot;:&quot;Calibri&quot;,&quot;16&quot;:12}\">Juguetes De Caja Registradora |\u00a0 Electr\u00f3nicos Caja Registradora De Supermercado | Con Esc\u00e1ner Funcional | Juguetes De Efectivo|\u00a0 Con Simulaci\u00f3n De Tarjeta De Cr\u00e9dito |Para Ni\u00f1os.<\/span><\/p>\n","protected":false},"featured_media":5944,"comment_status":"open","ping_status":"closed","template":"","meta":{"_joinchat":[]},"product_cat":[242,99],"product_tag":[],"class_list":{"0":"post-5943","1":"product","2":"type-product","3":"status-publish","4":"has-post-thumbnail","6":"product_cat-242","7":"product_cat-juguetes","9":"first","10":"instock","11":"sale","12":"shipping-taxable","13":"purchasable","14":"product-type-variable"},"_links":{"self":[{"href":"https:\/\/bereketshop.com.mx\/index.php\/wp-json\/wp\/v2\/product\/5943","targetHints":{"allow":["GET"]}}],"collection":[{"href":"https:\/\/bereketshop.com.mx\/index.php\/wp-json\/wp\/v2\/product"}],"about":[{"href":"https:\/\/bereketshop.com.mx\/index.php\/wp-json\/wp\/v2\/types\/product"}],"replies":[{"embeddable":true,"href":"https:\/\/bereketshop.com.mx\/index.php\/wp-json\/wp\/v2\/comments?post=5943"}],"wp:featuredmedia":[{"embeddable":true,"href":"https:\/\/bereketshop.com.mx\/index.php\/wp-json\/wp\/v2\/media\/5944"}],"wp:attachment":[{"href":"https:\/\/bereketshop.com.mx\/index.php\/wp-json\/wp\/v2\/media?parent=5943"}],"wp:term":[{"taxonomy":"product_cat","embeddable":true,"href":"https:\/\/bereketshop.com.mx\/index.php\/wp-json\/wp\/v2\/product_cat?post=5943"},{"taxonomy":"product_tag","embeddable":true,"href":"https:\/\/bereketshop.com.mx\/index.php\/wp-json\/wp\/v2\/product_tag?post=5943"}],"curies":[{"name":"wp","href":"https:\/\/api.w.org\/{rel}","templated":true}]}}