{"id":5953,"date":"2024-05-03T23:50:44","date_gmt":"2024-05-03T21:50:44","guid":{"rendered":"https:\/\/bereketshop.com.mx\/?post_type=product&#038;p=5953"},"modified":"2024-09-14T01:35:37","modified_gmt":"2024-09-13T23:35:37","slug":"utensilios-de-cocina-juguetes-para-ninas-28-piezas-juguetes-de-cocina-para-juego-de-casa","status":"publish","type":"product","link":"https:\/\/bereketshop.com.mx\/index.php\/product\/utensilios-de-cocina-juguetes-para-ninas-28-piezas-juguetes-de-cocina-para-juego-de-casa\/","title":{"rendered":"Utensilios de Cocina Juguetes Para Ni\u00f1as 28 Piezas Juguetes De Cocina Para Juego De Casa"},"content":{"rendered":"<h3><span style=\"vertical-align: inherit;\"><span style=\"vertical-align: inherit;\">CARACTER\u00cdSTICAS:<\/span><\/span><\/h3>\n<p><span data-sheets-root=\"1\" data-sheets-value=\"{&quot;1&quot;:2,&quot;2&quot;:&quot;Conjunto De Cocina En Miniatura Para El Juego De Imitaci\u00f3n De Los Ni\u00f1os Con Utensilios De Cocina, Sartenes, Ollas, Cuchillos, Ollas A Presi\u00f3n Y Juguete De Corte De Alimentos Realistas, Ideal Como Regalo Educativo Para Ni\u00f1os Y Ni\u00f1as ---Juego completo de juguetes de cocina de cocina: este juego de cocina incluye ollas y sartenes, platos y platos, hervidor, cuchara, pala, tenedor, tabla de cortar, comida falsa como frutas y verduras, huevo\/comidas r\u00e1pidas, etc. Gran adici\u00f3n linda para cualquier cocina de juego.\\nSeguro y duradero: nuestros juegos de cocina de juguete de cocina est\u00e1n hechos de materiales ABS, son resistentes a las ca\u00eddas, f\u00e1ciles de limpiar sin BPA o materiales agresivos para garantizar que sean seguros y resistentes para el juego diario. Nuestro juego de cuchillos no es f\u00e1cil de romper, es seguro y est\u00e1 hecho para manejar el espacio diario para los ni\u00f1os.\\nJuego realista: el juego de cocina realista fomenta la imaginaci\u00f3n, la destreza y el juego creativo, ense\u00f1a a tus peque\u00f1os a ser el peque\u00f1o ayudante de la madre. El hervidor se puede llenar con agua y la boquilla se puede sacar, una variedad de frutas y verduras se pueden combinar libremente para permitir que los ni\u00f1os perciban colores y cosas en juego.&quot;}\" data-sheets-userformat=\"{&quot;2&quot;:13249,&quot;3&quot;:{&quot;1&quot;:0},&quot;9&quot;:0,&quot;10&quot;:0,&quot;11&quot;:3,&quot;12&quot;:0,&quot;15&quot;:&quot;Calibri&quot;,&quot;16&quot;:12}\"><span style=\"vertical-align: inherit;\"><span style=\"vertical-align: inherit;\">Conjunto De Cocina En Miniatura Para El Juego De Imitaci\u00f3n De Los Ni\u00f1os Con Utensilios De Cocina, Sartenes, Ollas, Cuchillos, Ollas A Presi\u00f3n Y Juguete De Corte De Alimentos Realistas, Ideal Como Regalo Educativo Para Ni\u00f1os Y Ni\u00f1as<\/span><\/span><\/span><\/p>\n<p><span data-sheets-root=\"1\" data-sheets-value=\"{&quot;1&quot;:2,&quot;2&quot;:&quot;Conjunto De Cocina En Miniatura Para El Juego De Imitaci\u00f3n De Los Ni\u00f1os Con Utensilios De Cocina, Sartenes, Ollas, Cuchillos, Ollas A Presi\u00f3n Y Juguete De Corte De Alimentos Realistas, Ideal Como Regalo Educativo Para Ni\u00f1os Y Ni\u00f1as ---Juego completo de juguetes de cocina de cocina: este juego de cocina incluye ollas y sartenes, platos y platos, hervidor, cuchara, pala, tenedor, tabla de cortar, comida falsa como frutas y verduras, huevo\/comidas r\u00e1pidas, etc. Gran adici\u00f3n linda para cualquier cocina de juego.\\nSeguro y duradero: nuestros juegos de cocina de juguete de cocina est\u00e1n hechos de materiales ABS, son resistentes a las ca\u00eddas, f\u00e1ciles de limpiar sin BPA o materiales agresivos para garantizar que sean seguros y resistentes para el juego diario. Nuestro juego de cuchillos no es f\u00e1cil de romper, es seguro y est\u00e1 hecho para manejar el espacio diario para los ni\u00f1os.\\nJuego realista: el juego de cocina realista fomenta la imaginaci\u00f3n, la destreza y el juego creativo, ense\u00f1a a tus peque\u00f1os a ser el peque\u00f1o ayudante de la madre. El hervidor se puede llenar con agua y la boquilla se puede sacar, una variedad de frutas y verduras se pueden combinar libremente para permitir que los ni\u00f1os perciban colores y cosas en juego.&quot;}\" data-sheets-userformat=\"{&quot;2&quot;:13249,&quot;3&quot;:{&quot;1&quot;:0},&quot;9&quot;:0,&quot;10&quot;:0,&quot;11&quot;:3,&quot;12&quot;:0,&quot;15&quot;:&quot;Calibri&quot;,&quot;16&quot;:12}\"><span style=\"vertical-align: inherit;\"><span style=\"vertical-align: inherit;\">Juego completo de juguetes de cocina de cocina: este juego de cocina incluye ollas y sartenes, platos y platos, hervidor, cuchara, pala, tenedor, tabla de cortar, comida falsa como frutas y verduras, huevo\/comidas r\u00e1pidas, etc. Gran adici\u00f3n linda para cualquier cocina de juego.<\/span><\/span><\/span><\/p>\n<p><span data-sheets-root=\"1\" data-sheets-value=\"{&quot;1&quot;:2,&quot;2&quot;:&quot;Conjunto De Cocina En Miniatura Para El Juego De Imitaci\u00f3n De Los Ni\u00f1os Con Utensilios De Cocina, Sartenes, Ollas, Cuchillos, Ollas A Presi\u00f3n Y Juguete De Corte De Alimentos Realistas, Ideal Como Regalo Educativo Para Ni\u00f1os Y Ni\u00f1as ---Juego completo de juguetes de cocina de cocina: este juego de cocina incluye ollas y sartenes, platos y platos, hervidor, cuchara, pala, tenedor, tabla de cortar, comida falsa como frutas y verduras, huevo\/comidas r\u00e1pidas, etc. Gran adici\u00f3n linda para cualquier cocina de juego.\\nSeguro y duradero: nuestros juegos de cocina de juguete de cocina est\u00e1n hechos de materiales ABS, son resistentes a las ca\u00eddas, f\u00e1ciles de limpiar sin BPA o materiales agresivos para garantizar que sean seguros y resistentes para el juego diario. Nuestro juego de cuchillos no es f\u00e1cil de romper, es seguro y est\u00e1 hecho para manejar el espacio diario para los ni\u00f1os.\\nJuego realista: el juego de cocina realista fomenta la imaginaci\u00f3n, la destreza y el juego creativo, ense\u00f1a a tus peque\u00f1os a ser el peque\u00f1o ayudante de la madre. El hervidor se puede llenar con agua y la boquilla se puede sacar, una variedad de frutas y verduras se pueden combinar libremente para permitir que los ni\u00f1os perciban colores y cosas en juego.&quot;}\" data-sheets-userformat=\"{&quot;2&quot;:13249,&quot;3&quot;:{&quot;1&quot;:0},&quot;9&quot;:0,&quot;10&quot;:0,&quot;11&quot;:3,&quot;12&quot;:0,&quot;15&quot;:&quot;Calibri&quot;,&quot;16&quot;:12}\"><br \/>\n<span style=\"vertical-align: inherit;\"><span style=\"vertical-align: inherit;\">Seguro y duradero: nuestros juegos de cocina de juguete de cocina est\u00e1n hechos de materiales ABS, son resistentes a las ca\u00eddas, f\u00e1ciles de limpiar sin BPA o materiales agresivos para garantizar que sean seguros y resistentes para el juego diario. Nuestro juego de cuchillos no es f\u00e1cil de romper, es seguro y est\u00e1 hecho para manejar el espacio diario para los ni\u00f1os.<\/span><\/span><\/span><\/p>\n<p><span data-sheets-root=\"1\" data-sheets-value=\"{&quot;1&quot;:2,&quot;2&quot;:&quot;Conjunto De Cocina En Miniatura Para El Juego De Imitaci\u00f3n De Los Ni\u00f1os Con Utensilios De Cocina, Sartenes, Ollas, Cuchillos, Ollas A Presi\u00f3n Y Juguete De Corte De Alimentos Realistas, Ideal Como Regalo Educativo Para Ni\u00f1os Y Ni\u00f1as ---Juego completo de juguetes de cocina de cocina: este juego de cocina incluye ollas y sartenes, platos y platos, hervidor, cuchara, pala, tenedor, tabla de cortar, comida falsa como frutas y verduras, huevo\/comidas r\u00e1pidas, etc. Gran adici\u00f3n linda para cualquier cocina de juego.\\nSeguro y duradero: nuestros juegos de cocina de juguete de cocina est\u00e1n hechos de materiales ABS, son resistentes a las ca\u00eddas, f\u00e1ciles de limpiar sin BPA o materiales agresivos para garantizar que sean seguros y resistentes para el juego diario. Nuestro juego de cuchillos no es f\u00e1cil de romper, es seguro y est\u00e1 hecho para manejar el espacio diario para los ni\u00f1os.\\nJuego realista: el juego de cocina realista fomenta la imaginaci\u00f3n, la destreza y el juego creativo, ense\u00f1a a tus peque\u00f1os a ser el peque\u00f1o ayudante de la madre. El hervidor se puede llenar con agua y la boquilla se puede sacar, una variedad de frutas y verduras se pueden combinar libremente para permitir que los ni\u00f1os perciban colores y cosas en juego.&quot;}\" data-sheets-userformat=\"{&quot;2&quot;:13249,&quot;3&quot;:{&quot;1&quot;:0},&quot;9&quot;:0,&quot;10&quot;:0,&quot;11&quot;:3,&quot;12&quot;:0,&quot;15&quot;:&quot;Calibri&quot;,&quot;16&quot;:12}\"><span style=\"vertical-align: inherit;\"><span style=\"vertical-align: inherit;\">Juego realista: el juego de cocina realista fomenta la imaginaci\u00f3n, la destreza y el juego creativo, ense\u00f1a a tus peque\u00f1os a ser el peque\u00f1o ayudante de la madre.<\/span><\/span><\/span><\/p>\n<p><span data-sheets-root=\"1\" data-sheets-value=\"{&quot;1&quot;:2,&quot;2&quot;:&quot;Conjunto De Cocina En Miniatura Para El Juego De Imitaci\u00f3n De Los Ni\u00f1os Con Utensilios De Cocina, Sartenes, Ollas, Cuchillos, Ollas A Presi\u00f3n Y Juguete De Corte De Alimentos Realistas, Ideal Como Regalo Educativo Para Ni\u00f1os Y Ni\u00f1as ---Juego completo de juguetes de cocina de cocina: este juego de cocina incluye ollas y sartenes, platos y platos, hervidor, cuchara, pala, tenedor, tabla de cortar, comida falsa como frutas y verduras, huevo\/comidas r\u00e1pidas, etc. Gran adici\u00f3n linda para cualquier cocina de juego.\\nSeguro y duradero: nuestros juegos de cocina de juguete de cocina est\u00e1n hechos de materiales ABS, son resistentes a las ca\u00eddas, f\u00e1ciles de limpiar sin BPA o materiales agresivos para garantizar que sean seguros y resistentes para el juego diario. Nuestro juego de cuchillos no es f\u00e1cil de romper, es seguro y est\u00e1 hecho para manejar el espacio diario para los ni\u00f1os.\\nJuego realista: el juego de cocina realista fomenta la imaginaci\u00f3n, la destreza y el juego creativo, ense\u00f1a a tus peque\u00f1os a ser el peque\u00f1o ayudante de la madre. El hervidor se puede llenar con agua y la boquilla se puede sacar, una variedad de frutas y verduras se pueden combinar libremente para permitir que los ni\u00f1os perciban colores y cosas en juego.&quot;}\" data-sheets-userformat=\"{&quot;2&quot;:13249,&quot;3&quot;:{&quot;1&quot;:0},&quot;9&quot;:0,&quot;10&quot;:0,&quot;11&quot;:3,&quot;12&quot;:0,&quot;15&quot;:&quot;Calibri&quot;,&quot;16&quot;:12}\"><span style=\"vertical-align: inherit;\"><span style=\"vertical-align: inherit;\">El hervidor se puede llenar con agua y la boquilla se puede sacar, una variedad de frutas y verduras se pueden combinar libremente para permitir que los ni\u00f1os perciban colores y cosas en el juego.<\/span><\/span><\/span><\/p>\n","protected":false},"excerpt":{"rendered":"<p style=\"text-align: center;\"><span data-sheets-root=\"1\" data-sheets-value=\"{&quot;1&quot;:2,&quot;2&quot;:&quot;Utencilios de Cocina Juguetes Para Ni\u00f1as 28 Piezas Juguetes De Cocina Para Juego De Casa Set De Utensilios De Cocina Para Ni\u00f1os Y Ni\u00f1as Juguetes Infantiles De Chef Juguetes De Simulaci\u00f3n De Cocina &quot;}\" data-sheets-userformat=\"{&quot;2&quot;:13249,&quot;3&quot;:{&quot;1&quot;:0},&quot;9&quot;:0,&quot;10&quot;:0,&quot;11&quot;:3,&quot;12&quot;:0,&quot;15&quot;:&quot;Calibri&quot;,&quot;16&quot;:12}\"><span style=\"vertical-align: inherit;\"><span style=\"vertical-align: inherit;\">Utensilios de cocina | Juguetes Para Ni\u00f1as 28 Piezas | Juguetes De Cocina | Para Juego De Casa | Set De Utensilios | De Cocina Para Ni\u00f1os Y Ni\u00f1as | Juguetes Infantiles| Juguetes De Chef | De Simulaci\u00f3n De Cocina.<\/span><\/span><\/span><\/p>\n","protected":false},"featured_media":5955,"comment_status":"open","ping_status":"closed","template":"","meta":{"_joinchat":[]},"product_cat":[243,99],"product_tag":[],"class_list":{"0":"post-5953","1":"product","2":"type-product","3":"status-publish","4":"has-post-thumbnail","6":"product_cat-243","7":"product_cat-juguetes","9":"first","10":"outofstock","11":"sale","12":"shipping-taxable","13":"purchasable","14":"product-type-simple"},"_links":{"self":[{"href":"https:\/\/bereketshop.com.mx\/index.php\/wp-json\/wp\/v2\/product\/5953","targetHints":{"allow":["GET"]}}],"collection":[{"href":"https:\/\/bereketshop.com.mx\/index.php\/wp-json\/wp\/v2\/product"}],"about":[{"href":"https:\/\/bereketshop.com.mx\/index.php\/wp-json\/wp\/v2\/types\/product"}],"replies":[{"embeddable":true,"href":"https:\/\/bereketshop.com.mx\/index.php\/wp-json\/wp\/v2\/comments?post=5953"}],"wp:featuredmedia":[{"embeddable":true,"href":"https:\/\/bereketshop.com.mx\/index.php\/wp-json\/wp\/v2\/media\/5955"}],"wp:attachment":[{"href":"https:\/\/bereketshop.com.mx\/index.php\/wp-json\/wp\/v2\/media?parent=5953"}],"wp:term":[{"taxonomy":"product_cat","embeddable":true,"href":"https:\/\/bereketshop.com.mx\/index.php\/wp-json\/wp\/v2\/product_cat?post=5953"},{"taxonomy":"product_tag","embeddable":true,"href":"https:\/\/bereketshop.com.mx\/index.php\/wp-json\/wp\/v2\/product_tag?post=5953"}],"curies":[{"name":"wp","href":"https:\/\/api.w.org\/{rel}","templated":true}]}}