{"id":5982,"date":"2024-05-14T19:46:26","date_gmt":"2024-05-14T17:46:26","guid":{"rendered":"https:\/\/bereketshop.com.mx\/?post_type=product&#038;p=5982"},"modified":"2024-09-20T00:41:00","modified_gmt":"2024-09-19T22:41:00","slug":"consola-de-videojuegos-clasico-64g-10000-juegos-hd","status":"publish","type":"product","link":"https:\/\/bereketshop.com.mx\/index.php\/product\/consola-de-videojuegos-clasico-64g-10000-juegos-hd\/","title":{"rendered":"Consola De Videojuegos Cl\u00e1sico 64G 10000 Juegos HD"},"content":{"rendered":"<h4><span style=\"vertical-align: inherit;\"><span style=\"vertical-align: inherit;\"><span style=\"vertical-align: inherit;\"><span style=\"vertical-align: inherit;\">Caracter\u00edsticas:<\/span><\/span><\/span><\/span><\/h4>\n<p><span data-sheets-root=\"1\" data-sheets-value=\"{&quot;1&quot;:2,&quot;2&quot;:&quot;Chip de juego inteligente: consola de juegos de TV inal\u00e1mbrica integrada con m\u00e1s de 10 000 juegos, m\u00e1s de 9 emuladores instalados, se adjunta una tarjeta de 64 GBTF que admite funciones de b\u00fasqueda de juegos, y puede guardar\/leer registros de juegos. Utiliza chips de juego para admitir emuladores de 8, 16, 32, 64 y 128 bits. Satisface perfectamente tus necesidades de calidad de imagen y fluidez del juego.\\nControles inal\u00e1mbricos de 2.4 GHz para dos jugadores: equipada con dos palancas de mando inal\u00e1mbricas de 2.4 G, sensible sin demora, deshazte de los cables. La distancia de conexi\u00f3n del control es de 8 a 10 metros, conecta y listo, sensaci\u00f3n c\u00f3moda, puedes disfrutar mejor de la diversi\u00f3n de los juegos nost\u00e1lgicos cl\u00e1sicos con familiares o amigos.\\nSalida HDMI: esta consola de videojuegos soporta conexi\u00f3n HDMI, aseg\u00farate de que tu pantalla tenga un puerto de entrada HDMI. Tiene una calidad de imagen HD 1080P, y puedes disfrutar de videojuegos animados e interesantes en la pantalla grande.\\nLigera y f\u00e1cil de transportar: la mini consola de juegos port\u00e1til tiene una estructura ligera y compacta. Solo 102 mm de largo, 30 gramos de peso. No ocupa espacio, y es f\u00e1cil de llevar. Balanc\u00edn de juego especial para maquinitas, alta sensibilidad y dise\u00f1o antideslizante, sensaci\u00f3n c\u00f3moda, puedes compartir mejor tu diversi\u00f3n con familiares o amigos&quot;}\" data-sheets-userformat=\"{&quot;2&quot;:13249,&quot;3&quot;:{&quot;1&quot;:0},&quot;9&quot;:0,&quot;10&quot;:0,&quot;11&quot;:3,&quot;12&quot;:0,&quot;15&quot;:&quot;Calibri&quot;,&quot;16&quot;:12}\"><span style=\"vertical-align: inherit;\"><span style=\"vertical-align: inherit;\"><span style=\"vertical-align: inherit;\"><span style=\"vertical-align: inherit;\">Chip de juego inteligente: consola de juegos de TV inal\u00e1mbrica integrada con m\u00e1s de 10 000 juegos, m\u00e1s de 9 emuladores instalados, se adjunta una tarjeta de 64 GBTF que admite funciones de b\u00fasqueda de juegos, y puede guardar\/leer registros de juegos. Utiliza chips de juego para admitir emuladores de 8, 16, 32, 64 y 128 bits.<\/span><\/span><\/span><\/span><\/span><\/p>\n<p><span data-sheets-root=\"1\" data-sheets-value=\"{&quot;1&quot;:2,&quot;2&quot;:&quot;Chip de juego inteligente: consola de juegos de TV inal\u00e1mbrica integrada con m\u00e1s de 10 000 juegos, m\u00e1s de 9 emuladores instalados, se adjunta una tarjeta de 64 GBTF que admite funciones de b\u00fasqueda de juegos, y puede guardar\/leer registros de juegos. Utiliza chips de juego para admitir emuladores de 8, 16, 32, 64 y 128 bits. Satisface perfectamente tus necesidades de calidad de imagen y fluidez del juego.\\nControles inal\u00e1mbricos de 2.4 GHz para dos jugadores: equipada con dos palancas de mando inal\u00e1mbricas de 2.4 G, sensible sin demora, deshazte de los cables. La distancia de conexi\u00f3n del control es de 8 a 10 metros, conecta y listo, sensaci\u00f3n c\u00f3moda, puedes disfrutar mejor de la diversi\u00f3n de los juegos nost\u00e1lgicos cl\u00e1sicos con familiares o amigos.\\nSalida HDMI: esta consola de videojuegos soporta conexi\u00f3n HDMI, aseg\u00farate de que tu pantalla tenga un puerto de entrada HDMI. Tiene una calidad de imagen HD 1080P, y puedes disfrutar de videojuegos animados e interesantes en la pantalla grande.\\nLigera y f\u00e1cil de transportar: la mini consola de juegos port\u00e1til tiene una estructura ligera y compacta. Solo 102 mm de largo, 30 gramos de peso. No ocupa espacio, y es f\u00e1cil de llevar. Balanc\u00edn de juego especial para maquinitas, alta sensibilidad y dise\u00f1o antideslizante, sensaci\u00f3n c\u00f3moda, puedes compartir mejor tu diversi\u00f3n con familiares o amigos&quot;}\" data-sheets-userformat=\"{&quot;2&quot;:13249,&quot;3&quot;:{&quot;1&quot;:0},&quot;9&quot;:0,&quot;10&quot;:0,&quot;11&quot;:3,&quot;12&quot;:0,&quot;15&quot;:&quot;Calibri&quot;,&quot;16&quot;:12}\"><span style=\"vertical-align: inherit;\"><span style=\"vertical-align: inherit;\"><span style=\"vertical-align: inherit;\"><span style=\"vertical-align: inherit;\">Satisface perfectamente tus necesidades de calidad de imagen y fluidez del juego.<\/span><\/span><\/span><\/span><\/span><\/p>\n<p><span data-sheets-root=\"1\" data-sheets-value=\"{&quot;1&quot;:2,&quot;2&quot;:&quot;Chip de juego inteligente: consola de juegos de TV inal\u00e1mbrica integrada con m\u00e1s de 10 000 juegos, m\u00e1s de 9 emuladores instalados, se adjunta una tarjeta de 64 GBTF que admite funciones de b\u00fasqueda de juegos, y puede guardar\/leer registros de juegos. Utiliza chips de juego para admitir emuladores de 8, 16, 32, 64 y 128 bits. Satisface perfectamente tus necesidades de calidad de imagen y fluidez del juego.\\nControles inal\u00e1mbricos de 2.4 GHz para dos jugadores: equipada con dos palancas de mando inal\u00e1mbricas de 2.4 G, sensible sin demora, deshazte de los cables. La distancia de conexi\u00f3n del control es de 8 a 10 metros, conecta y listo, sensaci\u00f3n c\u00f3moda, puedes disfrutar mejor de la diversi\u00f3n de los juegos nost\u00e1lgicos cl\u00e1sicos con familiares o amigos.\\nSalida HDMI: esta consola de videojuegos soporta conexi\u00f3n HDMI, aseg\u00farate de que tu pantalla tenga un puerto de entrada HDMI. Tiene una calidad de imagen HD 1080P, y puedes disfrutar de videojuegos animados e interesantes en la pantalla grande.\\nLigera y f\u00e1cil de transportar: la mini consola de juegos port\u00e1til tiene una estructura ligera y compacta. Solo 102 mm de largo, 30 gramos de peso. No ocupa espacio, y es f\u00e1cil de llevar. Balanc\u00edn de juego especial para maquinitas, alta sensibilidad y dise\u00f1o antideslizante, sensaci\u00f3n c\u00f3moda, puedes compartir mejor tu diversi\u00f3n con familiares o amigos&quot;}\" data-sheets-userformat=\"{&quot;2&quot;:13249,&quot;3&quot;:{&quot;1&quot;:0},&quot;9&quot;:0,&quot;10&quot;:0,&quot;11&quot;:3,&quot;12&quot;:0,&quot;15&quot;:&quot;Calibri&quot;,&quot;16&quot;:12}\"><br \/>\n<span style=\"vertical-align: inherit;\"><span style=\"vertical-align: inherit;\"><span style=\"vertical-align: inherit;\"><span style=\"vertical-align: inherit;\">Controles inal\u00e1mbricos de 2,4 GHz para dos jugadores: equipado con dos palancas de mando inal\u00e1mbrico de 2,4 G, sensible sin demora, deshazte de los cables.<\/span><\/span><\/span><\/span><\/span><\/p>\n<p><span data-sheets-root=\"1\" data-sheets-value=\"{&quot;1&quot;:2,&quot;2&quot;:&quot;Chip de juego inteligente: consola de juegos de TV inal\u00e1mbrica integrada con m\u00e1s de 10 000 juegos, m\u00e1s de 9 emuladores instalados, se adjunta una tarjeta de 64 GBTF que admite funciones de b\u00fasqueda de juegos, y puede guardar\/leer registros de juegos. Utiliza chips de juego para admitir emuladores de 8, 16, 32, 64 y 128 bits. Satisface perfectamente tus necesidades de calidad de imagen y fluidez del juego.\\nControles inal\u00e1mbricos de 2.4 GHz para dos jugadores: equipada con dos palancas de mando inal\u00e1mbricas de 2.4 G, sensible sin demora, deshazte de los cables. La distancia de conexi\u00f3n del control es de 8 a 10 metros, conecta y listo, sensaci\u00f3n c\u00f3moda, puedes disfrutar mejor de la diversi\u00f3n de los juegos nost\u00e1lgicos cl\u00e1sicos con familiares o amigos.\\nSalida HDMI: esta consola de videojuegos soporta conexi\u00f3n HDMI, aseg\u00farate de que tu pantalla tenga un puerto de entrada HDMI. Tiene una calidad de imagen HD 1080P, y puedes disfrutar de videojuegos animados e interesantes en la pantalla grande.\\nLigera y f\u00e1cil de transportar: la mini consola de juegos port\u00e1til tiene una estructura ligera y compacta. Solo 102 mm de largo, 30 gramos de peso. No ocupa espacio, y es f\u00e1cil de llevar. Balanc\u00edn de juego especial para maquinitas, alta sensibilidad y dise\u00f1o antideslizante, sensaci\u00f3n c\u00f3moda, puedes compartir mejor tu diversi\u00f3n con familiares o amigos&quot;}\" data-sheets-userformat=\"{&quot;2&quot;:13249,&quot;3&quot;:{&quot;1&quot;:0},&quot;9&quot;:0,&quot;10&quot;:0,&quot;11&quot;:3,&quot;12&quot;:0,&quot;15&quot;:&quot;Calibri&quot;,&quot;16&quot;:12}\"><span style=\"vertical-align: inherit;\"><span style=\"vertical-align: inherit;\"><span style=\"vertical-align: inherit;\"><span style=\"vertical-align: inherit;\">La distancia de conexi\u00f3n del control es de 8 a 10 metros, conecta y listo, sensaci\u00f3n c\u00f3moda, puedes disfrutar mejor de la diversi\u00f3n de los juegos nost\u00e1lgicos cl\u00e1sicos con familiares o amigos.<\/span><\/span><\/span><\/span><\/span><\/p>\n<p><span data-sheets-root=\"1\" data-sheets-value=\"{&quot;1&quot;:2,&quot;2&quot;:&quot;Chip de juego inteligente: consola de juegos de TV inal\u00e1mbrica integrada con m\u00e1s de 10 000 juegos, m\u00e1s de 9 emuladores instalados, se adjunta una tarjeta de 64 GBTF que admite funciones de b\u00fasqueda de juegos, y puede guardar\/leer registros de juegos. Utiliza chips de juego para admitir emuladores de 8, 16, 32, 64 y 128 bits. Satisface perfectamente tus necesidades de calidad de imagen y fluidez del juego.\\nControles inal\u00e1mbricos de 2.4 GHz para dos jugadores: equipada con dos palancas de mando inal\u00e1mbricas de 2.4 G, sensible sin demora, deshazte de los cables. La distancia de conexi\u00f3n del control es de 8 a 10 metros, conecta y listo, sensaci\u00f3n c\u00f3moda, puedes disfrutar mejor de la diversi\u00f3n de los juegos nost\u00e1lgicos cl\u00e1sicos con familiares o amigos.\\nSalida HDMI: esta consola de videojuegos soporta conexi\u00f3n HDMI, aseg\u00farate de que tu pantalla tenga un puerto de entrada HDMI. Tiene una calidad de imagen HD 1080P, y puedes disfrutar de videojuegos animados e interesantes en la pantalla grande.\\nLigera y f\u00e1cil de transportar: la mini consola de juegos port\u00e1til tiene una estructura ligera y compacta. Solo 102 mm de largo, 30 gramos de peso. No ocupa espacio, y es f\u00e1cil de llevar. Balanc\u00edn de juego especial para maquinitas, alta sensibilidad y dise\u00f1o antideslizante, sensaci\u00f3n c\u00f3moda, puedes compartir mejor tu diversi\u00f3n con familiares o amigos&quot;}\" data-sheets-userformat=\"{&quot;2&quot;:13249,&quot;3&quot;:{&quot;1&quot;:0},&quot;9&quot;:0,&quot;10&quot;:0,&quot;11&quot;:3,&quot;12&quot;:0,&quot;15&quot;:&quot;Calibri&quot;,&quot;16&quot;:12}\"><br \/>\n<span style=\"vertical-align: inherit;\"><span style=\"vertical-align: inherit;\"><span style=\"vertical-align: inherit;\"><span style=\"vertical-align: inherit;\">Salida HDMI: esta consola de videojuegos admite conexi\u00f3n HDMI, aseg\u00farese de que su pantalla tenga un puerto de entrada HDMI. Tiene una calidad de imagen HD 1080P, y puedes disfrutar de videojuegos animados e interesantes en la pantalla grande.<\/span><\/span><\/span><\/span><\/span><\/p>\n<p><span data-sheets-root=\"1\" data-sheets-value=\"{&quot;1&quot;:2,&quot;2&quot;:&quot;Chip de juego inteligente: consola de juegos de TV inal\u00e1mbrica integrada con m\u00e1s de 10 000 juegos, m\u00e1s de 9 emuladores instalados, se adjunta una tarjeta de 64 GBTF que admite funciones de b\u00fasqueda de juegos, y puede guardar\/leer registros de juegos. Utiliza chips de juego para admitir emuladores de 8, 16, 32, 64 y 128 bits. Satisface perfectamente tus necesidades de calidad de imagen y fluidez del juego.\\nControles inal\u00e1mbricos de 2.4 GHz para dos jugadores: equipada con dos palancas de mando inal\u00e1mbricas de 2.4 G, sensible sin demora, deshazte de los cables. La distancia de conexi\u00f3n del control es de 8 a 10 metros, conecta y listo, sensaci\u00f3n c\u00f3moda, puedes disfrutar mejor de la diversi\u00f3n de los juegos nost\u00e1lgicos cl\u00e1sicos con familiares o amigos.\\nSalida HDMI: esta consola de videojuegos soporta conexi\u00f3n HDMI, aseg\u00farate de que tu pantalla tenga un puerto de entrada HDMI. Tiene una calidad de imagen HD 1080P, y puedes disfrutar de videojuegos animados e interesantes en la pantalla grande.\\nLigera y f\u00e1cil de transportar: la mini consola de juegos port\u00e1til tiene una estructura ligera y compacta. Solo 102 mm de largo, 30 gramos de peso. No ocupa espacio, y es f\u00e1cil de llevar. Balanc\u00edn de juego especial para maquinitas, alta sensibilidad y dise\u00f1o antideslizante, sensaci\u00f3n c\u00f3moda, puedes compartir mejor tu diversi\u00f3n con familiares o amigos&quot;}\" data-sheets-userformat=\"{&quot;2&quot;:13249,&quot;3&quot;:{&quot;1&quot;:0},&quot;9&quot;:0,&quot;10&quot;:0,&quot;11&quot;:3,&quot;12&quot;:0,&quot;15&quot;:&quot;Calibri&quot;,&quot;16&quot;:12}\"><br \/>\n<span style=\"vertical-align: inherit;\"><span style=\"vertical-align: inherit;\"><span style=\"vertical-align: inherit;\"><span style=\"vertical-align: inherit;\">Ligera y f\u00e1cil de transportar: la mini consola de juegos port\u00e1til tiene una estructura ligera y compacta. Solo 102 mm de largo, 30 gramos de peso.<\/span><\/span><\/span><\/span><\/span><\/p>\n<p><span data-sheets-root=\"1\" data-sheets-value=\"{&quot;1&quot;:2,&quot;2&quot;:&quot;Chip de juego inteligente: consola de juegos de TV inal\u00e1mbrica integrada con m\u00e1s de 10 000 juegos, m\u00e1s de 9 emuladores instalados, se adjunta una tarjeta de 64 GBTF que admite funciones de b\u00fasqueda de juegos, y puede guardar\/leer registros de juegos. Utiliza chips de juego para admitir emuladores de 8, 16, 32, 64 y 128 bits. Satisface perfectamente tus necesidades de calidad de imagen y fluidez del juego.\\nControles inal\u00e1mbricos de 2.4 GHz para dos jugadores: equipada con dos palancas de mando inal\u00e1mbricas de 2.4 G, sensible sin demora, deshazte de los cables. La distancia de conexi\u00f3n del control es de 8 a 10 metros, conecta y listo, sensaci\u00f3n c\u00f3moda, puedes disfrutar mejor de la diversi\u00f3n de los juegos nost\u00e1lgicos cl\u00e1sicos con familiares o amigos.\\nSalida HDMI: esta consola de videojuegos soporta conexi\u00f3n HDMI, aseg\u00farate de que tu pantalla tenga un puerto de entrada HDMI. Tiene una calidad de imagen HD 1080P, y puedes disfrutar de videojuegos animados e interesantes en la pantalla grande.\\nLigera y f\u00e1cil de transportar: la mini consola de juegos port\u00e1til tiene una estructura ligera y compacta. Solo 102 mm de largo, 30 gramos de peso. No ocupa espacio, y es f\u00e1cil de llevar. Balanc\u00edn de juego especial para maquinitas, alta sensibilidad y dise\u00f1o antideslizante, sensaci\u00f3n c\u00f3moda, puedes compartir mejor tu diversi\u00f3n con familiares o amigos&quot;}\" data-sheets-userformat=\"{&quot;2&quot;:13249,&quot;3&quot;:{&quot;1&quot;:0},&quot;9&quot;:0,&quot;10&quot;:0,&quot;11&quot;:3,&quot;12&quot;:0,&quot;15&quot;:&quot;Calibri&quot;,&quot;16&quot;:12}\"><span style=\"vertical-align: inherit;\"><span style=\"vertical-align: inherit;\"><span style=\"vertical-align: inherit;\"><span style=\"vertical-align: inherit;\">No ocupa espacio y es f\u00e1cil de llevar. Balanc\u00edn de juego especial para maquinitas, alta sensibilidad y dise\u00f1o antideslizante, sensaci\u00f3n c\u00f3moda, puedes compartir mejor tu diversi\u00f3n con familiares o amigos.<\/span><\/span><\/span><\/span><\/span><\/p>\n","protected":false},"excerpt":{"rendered":"<p><span style=\"vertical-align: inherit;\"><span style=\"vertical-align: inherit;\">Juegos Cl\u00e1sicos Integrados Con Tarjeta TF | De 20 000 Juegos| 9 Emuladores | TV Con Salida HDMI | HD Con Controles Inal\u00e1mbricos | Duales De 2.4G<\/span><\/span><\/p>\n","protected":false},"featured_media":5983,"comment_status":"open","ping_status":"closed","template":"","meta":{"_joinchat":[]},"product_cat":[253,99],"product_tag":[],"class_list":{"0":"post-5982","1":"product","2":"type-product","3":"status-publish","4":"has-post-thumbnail","6":"product_cat-253","7":"product_cat-juguetes","9":"first","10":"instock","11":"sale","12":"shipping-taxable","13":"purchasable","14":"product-type-simple"},"_links":{"self":[{"href":"https:\/\/bereketshop.com.mx\/index.php\/wp-json\/wp\/v2\/product\/5982","targetHints":{"allow":["GET"]}}],"collection":[{"href":"https:\/\/bereketshop.com.mx\/index.php\/wp-json\/wp\/v2\/product"}],"about":[{"href":"https:\/\/bereketshop.com.mx\/index.php\/wp-json\/wp\/v2\/types\/product"}],"replies":[{"embeddable":true,"href":"https:\/\/bereketshop.com.mx\/index.php\/wp-json\/wp\/v2\/comments?post=5982"}],"wp:featuredmedia":[{"embeddable":true,"href":"https:\/\/bereketshop.com.mx\/index.php\/wp-json\/wp\/v2\/media\/5983"}],"wp:attachment":[{"href":"https:\/\/bereketshop.com.mx\/index.php\/wp-json\/wp\/v2\/media?parent=5982"}],"wp:term":[{"taxonomy":"product_cat","embeddable":true,"href":"https:\/\/bereketshop.com.mx\/index.php\/wp-json\/wp\/v2\/product_cat?post=5982"},{"taxonomy":"product_tag","embeddable":true,"href":"https:\/\/bereketshop.com.mx\/index.php\/wp-json\/wp\/v2\/product_tag?post=5982"}],"curies":[{"name":"wp","href":"https:\/\/api.w.org\/{rel}","templated":true}]}}