{"id":6642,"date":"2024-07-31T23:00:38","date_gmt":"2024-07-31T21:00:38","guid":{"rendered":"https:\/\/bereketshop.com.mx\/?post_type=product&#038;p=6642"},"modified":"2025-04-09T22:55:26","modified_gmt":"2025-04-09T20:55:26","slug":"guantes-de-fitness-transpirables-para-hombres-y-mujeres","status":"publish","type":"product","link":"https:\/\/bereketshop.com.mx\/index.php\/product\/guantes-de-fitness-transpirables-para-hombres-y-mujeres\/","title":{"rendered":"Guantes De Fitness Transpirables Para Hombres Y Mujeres"},"content":{"rendered":"<h3>CARACTERISTICAS:<\/h3>\n<p><span data-sheets-root=\"1\">Guantes el\u00e1sticos: adopta tela de malla, buena elasticidad y transpirable, se adapta a las manos y es c\u00f3modo de llevar.<\/span><\/p>\n<p><span data-sheets-root=\"1\">Guantes transpirables: velcro en la mu\u00f1eca, f\u00e1cil de ajustar la tensi\u00f3n, buena adherencia y no se cae f\u00e1cilmente.<br \/>\nGuantes deportivos: dise\u00f1o grueso de la zona central de la mano, antideslizante y resistente al desgaste, cuidado de tus manos.<\/span><\/p>\n<p><span data-sheets-root=\"1\"><br \/>\nGuantes de fitness: dedo medio y dedo anular con cord\u00f3n de extracci\u00f3n r\u00e1pida, conveniente para quitar los guantes.<\/span><\/p>\n<p><span data-sheets-root=\"1\"><br \/>\nGuantes transpirables: un accesorio importante para el ejercicio de gimnasio y actividades al aire libre, pr\u00e1ctico para usar.<br \/>\n<\/span><\/p>\n","protected":false},"excerpt":{"rendered":"<p style=\"text-align: center;\"><span data-sheets-root=\"1\">1 Par Guantes De Fitness Transpirables Para Hombres Y Mujeres|\u00a0 Guantes El\u00e1sticos Adecuados Para Ciclismo|\u00a0 Baloncesto| Deportes Entrenamiento Con Pesas|\u00a0 Levantamiento de Pesas |Medio Dedo | Guantes Protector de Mu\u00f1eca |Antideslizante.<\/span><\/p>\n","protected":false},"featured_media":6653,"comment_status":"open","ping_status":"closed","template":"","meta":{"_joinchat":[]},"product_cat":[244,60,15],"product_tag":[],"class_list":{"0":"post-6642","1":"product","2":"type-product","3":"status-publish","4":"has-post-thumbnail","6":"product_cat-244","7":"product_cat-deportes","8":"product_cat-uncategorized","10":"first","11":"outofstock","12":"sale","13":"shipping-taxable","14":"purchasable","15":"product-type-variable"},"_links":{"self":[{"href":"https:\/\/bereketshop.com.mx\/index.php\/wp-json\/wp\/v2\/product\/6642","targetHints":{"allow":["GET"]}}],"collection":[{"href":"https:\/\/bereketshop.com.mx\/index.php\/wp-json\/wp\/v2\/product"}],"about":[{"href":"https:\/\/bereketshop.com.mx\/index.php\/wp-json\/wp\/v2\/types\/product"}],"replies":[{"embeddable":true,"href":"https:\/\/bereketshop.com.mx\/index.php\/wp-json\/wp\/v2\/comments?post=6642"}],"wp:featuredmedia":[{"embeddable":true,"href":"https:\/\/bereketshop.com.mx\/index.php\/wp-json\/wp\/v2\/media\/6653"}],"wp:attachment":[{"href":"https:\/\/bereketshop.com.mx\/index.php\/wp-json\/wp\/v2\/media?parent=6642"}],"wp:term":[{"taxonomy":"product_cat","embeddable":true,"href":"https:\/\/bereketshop.com.mx\/index.php\/wp-json\/wp\/v2\/product_cat?post=6642"},{"taxonomy":"product_tag","embeddable":true,"href":"https:\/\/bereketshop.com.mx\/index.php\/wp-json\/wp\/v2\/product_tag?post=6642"}],"curies":[{"name":"wp","href":"https:\/\/api.w.org\/{rel}","templated":true}]}}