{"id":6662,"date":"2024-07-31T23:31:09","date_gmt":"2024-07-31T21:31:09","guid":{"rendered":"https:\/\/bereketshop.com.mx\/?post_type=product&#038;p=6662"},"modified":"2024-09-11T17:13:04","modified_gmt":"2024-09-11T15:13:04","slug":"mini-arbol-de-navidad-adorno-decoracion-50-cm","status":"publish","type":"product","link":"https:\/\/bereketshop.com.mx\/index.php\/product\/mini-arbol-de-navidad-adorno-decoracion-50-cm\/","title":{"rendered":"Mini \u00e1rbol de Navidad Adorno Decoraci\u00f3n  50 cm"},"content":{"rendered":"<h3>CARACTERISTICAS:<\/h3>\n<p><span data-sheets-root=\"1\">Decoraci\u00f3n navide\u00f1a, \u00e1rbol de navidad con luces 50 cm<\/span><\/p>\n<p><span data-sheets-root=\"1\"><br \/>\nMini \u00c1rbol de navidad, para adornar cualquier rinc\u00f3n de la casa,<\/span><\/p>\n<p><span data-sheets-root=\"1\"><br \/>\nFuente de alimentaci\u00f3n: Ninguno<\/span><\/p>\n<p><span data-sheets-root=\"1\"><br \/>\nColor: Talla \u00fanica<\/span><\/p>\n<p><span data-sheets-root=\"1\"><br \/>\nMaterial: pl\u00e1stico<\/span><\/p>\n","protected":false},"excerpt":{"rendered":"<p style=\"text-align: center;\"><span data-sheets-root=\"1\">Mini \u00e1rbol De Navidad | Adorno Decoraci\u00f3n | Para Fiesta Decorativo | Con Luces|\u00a0 50 cm.<\/span><\/p>\n","protected":false},"featured_media":6663,"comment_status":"open","ping_status":"closed","template":"","meta":{"_joinchat":[]},"product_cat":[242,165],"product_tag":[],"class_list":{"0":"post-6662","1":"product","2":"type-product","3":"status-publish","4":"has-post-thumbnail","6":"product_cat-242","7":"product_cat-navidad","9":"first","10":"instock","11":"sale","12":"shipping-taxable","13":"purchasable","14":"product-type-simple"},"_links":{"self":[{"href":"https:\/\/bereketshop.com.mx\/index.php\/wp-json\/wp\/v2\/product\/6662","targetHints":{"allow":["GET"]}}],"collection":[{"href":"https:\/\/bereketshop.com.mx\/index.php\/wp-json\/wp\/v2\/product"}],"about":[{"href":"https:\/\/bereketshop.com.mx\/index.php\/wp-json\/wp\/v2\/types\/product"}],"replies":[{"embeddable":true,"href":"https:\/\/bereketshop.com.mx\/index.php\/wp-json\/wp\/v2\/comments?post=6662"}],"wp:featuredmedia":[{"embeddable":true,"href":"https:\/\/bereketshop.com.mx\/index.php\/wp-json\/wp\/v2\/media\/6663"}],"wp:attachment":[{"href":"https:\/\/bereketshop.com.mx\/index.php\/wp-json\/wp\/v2\/media?parent=6662"}],"wp:term":[{"taxonomy":"product_cat","embeddable":true,"href":"https:\/\/bereketshop.com.mx\/index.php\/wp-json\/wp\/v2\/product_cat?post=6662"},{"taxonomy":"product_tag","embeddable":true,"href":"https:\/\/bereketshop.com.mx\/index.php\/wp-json\/wp\/v2\/product_tag?post=6662"}],"curies":[{"name":"wp","href":"https:\/\/api.w.org\/{rel}","templated":true}]}}