{"id":6762,"date":"2024-08-12T23:17:41","date_gmt":"2024-08-12T21:17:41","guid":{"rendered":"https:\/\/bereketshop.com.mx\/?post_type=product&#038;p=6762"},"modified":"2024-09-17T02:12:28","modified_gmt":"2024-09-17T00:12:28","slug":"6762","status":"publish","type":"product","link":"https:\/\/bereketshop.com.mx\/index.php\/product\/6762\/","title":{"rendered":"Botella De Agua Capa Doble Capacidad  12 onzas"},"content":{"rendered":"<h4><span data-sheets-root=\"1\"><br \/>\nCARACTER\u00cdSTICAS DEL PRODUCTO:<\/span><\/h4>\n<p><span data-sheets-root=\"1\"><br \/>\n1) Doble pared de alta calidad cuerpo de acero inoxidable, tapa de PP giratoria a presi\u00f3n<br \/>\n2) la doble pared mantiene los l\u00edquidos calientes 12 horas, mantener fr\u00edos m\u00e1s de 24 horas<br \/>\n3) sin lixiviaci\u00f3n ni toxina.<br \/>\n4) reutilizable y duradero.<br \/>\n5) tapa enroscable<br \/>\n6) utilizado para: Viajes, auto taza deporte y publicidad de la promoci\u00f3n de ventas mejor elecci\u00f3n<br \/>\n7) podemos pintar cualquier color, y serigraf\u00eda o grabado l\u00e1ser logo como requisito del cliente.<\/span><\/p>\n<p>&#8211; &#8211; &#8211; &#8211; &#8211; &#8211; &#8211; &#8211; &#8211; &#8211; &#8211; &#8211; &#8211; &#8211; &#8211; &#8211; &#8211; &#8211; &#8211; &#8211; &#8211; &#8211; &#8211; &#8211; &#8211; &#8211;<br \/>\nESPECIFICACIONES:<br \/>\nComposici\u00f3n: Cuerpo interno 100% Acero Inoxidable AISI 304L y Cuerpo externo y Exterior de tapa 100%<br \/>\n&#8211; Acero Inoxidable AISI 201.<br \/>\n&#8211; Tapa interna a rosca y pico para vertedor.<br \/>\n&#8211; Agarradera de PVC.<br \/>\n&#8211; Con detalle de Acero Inoxidable AISI 201 en exterior de tapa.<br \/>\n&#8211; Capacidad: 12 0z<br \/>\nmedida de alto 17 cm aprox ancho 7 cm di\u00e1metro<br \/>\nEntra en los posavasos de los autos<br \/>\n&#8211; &#8211; &#8211; &#8211; &#8211; &#8211; &#8211; &#8211; &#8211; &#8211; &#8211; &#8211; &#8211; &#8211; &#8211; &#8211; &#8211; &#8211; &#8211; &#8211; &#8211; &#8211; &#8211; &#8211; &#8211; &#8211;<br \/>\nCUIDADOS:<br \/>\nLavar con agua y jab\u00f3n<\/p>\n<p>&nbsp;<\/p>\n","protected":false},"excerpt":{"rendered":"<p style=\"text-align: center;\"><span data-sheets-root=\"1\">Botella Deportiva De Acero Inoxidable Capacidad 12 Oz<\/span><\/p>\n","protected":false},"featured_media":6770,"comment_status":"open","ping_status":"closed","template":"","meta":{"_joinchat":[]},"product_cat":[240,59],"product_tag":[],"class_list":{"0":"post-6762","1":"product","2":"type-product","3":"status-publish","4":"has-post-thumbnail","6":"product_cat-240","7":"product_cat-hogar","9":"first","10":"instock","11":"sale","12":"shipping-taxable","13":"purchasable","14":"product-type-variable"},"_links":{"self":[{"href":"https:\/\/bereketshop.com.mx\/index.php\/wp-json\/wp\/v2\/product\/6762","targetHints":{"allow":["GET"]}}],"collection":[{"href":"https:\/\/bereketshop.com.mx\/index.php\/wp-json\/wp\/v2\/product"}],"about":[{"href":"https:\/\/bereketshop.com.mx\/index.php\/wp-json\/wp\/v2\/types\/product"}],"replies":[{"embeddable":true,"href":"https:\/\/bereketshop.com.mx\/index.php\/wp-json\/wp\/v2\/comments?post=6762"}],"wp:featuredmedia":[{"embeddable":true,"href":"https:\/\/bereketshop.com.mx\/index.php\/wp-json\/wp\/v2\/media\/6770"}],"wp:attachment":[{"href":"https:\/\/bereketshop.com.mx\/index.php\/wp-json\/wp\/v2\/media?parent=6762"}],"wp:term":[{"taxonomy":"product_cat","embeddable":true,"href":"https:\/\/bereketshop.com.mx\/index.php\/wp-json\/wp\/v2\/product_cat?post=6762"},{"taxonomy":"product_tag","embeddable":true,"href":"https:\/\/bereketshop.com.mx\/index.php\/wp-json\/wp\/v2\/product_tag?post=6762"}],"curies":[{"name":"wp","href":"https:\/\/api.w.org\/{rel}","templated":true}]}}