{"id":6858,"date":"2024-08-14T01:41:25","date_gmt":"2024-08-13T23:41:25","guid":{"rendered":"https:\/\/bereketshop.com.mx\/?post_type=product&#038;p=6858"},"modified":"2025-04-09T22:55:04","modified_gmt":"2025-04-09T20:55:04","slug":"juego-de-desarmador-electrico-47-piezas","status":"publish","type":"product","link":"https:\/\/bereketshop.com.mx\/index.php\/product\/juego-de-desarmador-electrico-47-piezas\/","title":{"rendered":"Juego De Desarmador El\u00e9ctrico 47 Piezas"},"content":{"rendered":"<h3><span data-sheets-root=\"1\">Caracter\u00edsticas:<\/span><\/h3>\n<p>F\u00e1cil de transportar: este destornillador el\u00e9ctrico es peque\u00f1o en tama\u00f1o, ligero y compacto, que es muy port\u00e1til para llevar<br \/>\nBrocas de cambio r\u00e1pido: un enchufe y un tir\u00f3n, la funda magn\u00e9tica del mini kit de destornilladores puede cambiar r\u00e1pidamente las puntas<br \/>\nInterfaz USB universal: este destornillador tiene una interfaz USB universal, sin necesidad de adaptador de corriente, se puede cargar en cualquier momento y en cualquier lugar<br \/>\nPlegable: este destornillador recargable se puede plegar de recto a 90\u00b0 para hacer frente a varios entornos de trabajo<br \/>\nAplicaci\u00f3n: este mini destornillador recargable se utiliza principalmente para taladrar madera, perforaci\u00f3n de madera, atornillar, instalaci\u00f3n de muebles<br \/>\n&#8211; &#8211; &#8211; &#8211; &#8211; &#8211; &#8211; &#8211; &#8211; &#8211; &#8211; &#8211; &#8211; &#8211; &#8211; &#8211; &#8211; &#8211; &#8211; &#8211; &#8211; &#8211; &#8211; &#8211; &#8211; &#8211;<br \/>\nEspecificaciones:<br \/>\nTipo de art\u00edculo: destornillador el\u00e9ctrico.<br \/>\nMaterial: ABS.<br \/>\nUsos: madera de perforaci\u00f3n, perforaci\u00f3n de madera, atornillado, instalaci\u00f3n de muebles.<br \/>\nVoltaje de fuente de alimentaci\u00f3n: 3,6 V.<br \/>\nBater\u00eda: 1300 mAh.<br \/>\nModelo de bater\u00eda: bater\u00eda de litio 18650 (incorporada)<br \/>\nTorsi\u00f3n m\u00e1xima: 3 nm.<br \/>\nVelocidad sin carga: 220 rpm<br \/>\nDi\u00e1metro hexagonal: aproximadamente 6,35 mm.<br \/>\nTiempo de carga: 3-5 horas.<br \/>\n&#8211; &#8211; &#8211; &#8211; &#8211; &#8211; &#8211; &#8211; &#8211; &#8211; &#8211; &#8211; &#8211; &#8211; &#8211; &#8211; &#8211; &#8211; &#8211; &#8211; &#8211; &#8211; &#8211; &#8211; &#8211;<br \/>\nCuidados:<br \/>\nLimpiar Con Pa\u00f1o Limpio y seco<br \/>\n&#8211; &#8211; &#8211; &#8211; &#8211; &#8211; &#8211; &#8211; &#8211; &#8211; &#8211; &#8211; &#8211; &#8211; &#8211; &#8211; &#8211; &#8211; &#8211; &#8211; &#8211; &#8211; &#8211; &#8211; &#8211;<br \/>\nLo Que Incluye Mi Compra:<br \/>\n1 destornillador el\u00e9ctrico. 1 caja de herramientas.<br \/>\n1 eje flexible universal.<br \/>\n1 cable de carga USB.<br \/>\n1 varilla de enlace alargada.<br \/>\n2 brocas SpecialTwistDrill<br \/>\n2 brocas largas.<br \/>\n2 brocas de ranura larga.<br \/>\n8 enchufes especiales.<br \/>\n8 puntas de tornillo corto cruzado.<br \/>\n7 puntas de tornillo de ranura corta.<br \/>\n7 puntas de tornillo hexagonales cortas.<br \/>\n7 brocas cortas especiales<\/p>\n","protected":false},"excerpt":{"rendered":"<p style=\"text-align: center;\">Juego de Taladro|\u00a0 Atornillador El\u00e9ctrico | Inal\u00e1mbrico | Recargable | De 47 piezas | 3,6 V multiuso | Plegable | Destornillador El\u00e9ctrico | Port\u00e1til Para Atornillar | Negro.<\/p>\n","protected":false},"featured_media":6864,"comment_status":"open","ping_status":"closed","template":"","meta":{"_joinchat":[]},"product_cat":[240,59],"product_tag":[],"class_list":{"0":"post-6858","1":"product","2":"type-product","3":"status-publish","4":"has-post-thumbnail","6":"product_cat-240","7":"product_cat-hogar","9":"first","10":"instock","11":"sale","12":"shipping-taxable","13":"purchasable","14":"product-type-simple"},"_links":{"self":[{"href":"https:\/\/bereketshop.com.mx\/index.php\/wp-json\/wp\/v2\/product\/6858","targetHints":{"allow":["GET"]}}],"collection":[{"href":"https:\/\/bereketshop.com.mx\/index.php\/wp-json\/wp\/v2\/product"}],"about":[{"href":"https:\/\/bereketshop.com.mx\/index.php\/wp-json\/wp\/v2\/types\/product"}],"replies":[{"embeddable":true,"href":"https:\/\/bereketshop.com.mx\/index.php\/wp-json\/wp\/v2\/comments?post=6858"}],"wp:featuredmedia":[{"embeddable":true,"href":"https:\/\/bereketshop.com.mx\/index.php\/wp-json\/wp\/v2\/media\/6864"}],"wp:attachment":[{"href":"https:\/\/bereketshop.com.mx\/index.php\/wp-json\/wp\/v2\/media?parent=6858"}],"wp:term":[{"taxonomy":"product_cat","embeddable":true,"href":"https:\/\/bereketshop.com.mx\/index.php\/wp-json\/wp\/v2\/product_cat?post=6858"},{"taxonomy":"product_tag","embeddable":true,"href":"https:\/\/bereketshop.com.mx\/index.php\/wp-json\/wp\/v2\/product_tag?post=6858"}],"curies":[{"name":"wp","href":"https:\/\/api.w.org\/{rel}","templated":true}]}}