{"id":6872,"date":"2024-08-14T01:53:43","date_gmt":"2024-08-13T23:53:43","guid":{"rendered":"https:\/\/bereketshop.com.mx\/?post_type=product&#038;p=6872"},"modified":"2024-09-13T22:58:29","modified_gmt":"2024-09-13T20:58:29","slug":"licorera-de-acero-8-oz-con-forro-negro","status":"publish","type":"product","link":"https:\/\/bereketshop.com.mx\/index.php\/product\/licorera-de-acero-8-oz-con-forro-negro\/","title":{"rendered":"Licorera De Acero 8 oz Con Forro Negro"},"content":{"rendered":"<h3><span data-sheets-root=\"1\">Caracter\u00edsticas:<\/span><\/h3>\n<p>Hermoso y \u00fanico, este dise\u00f1o genial lo convertir\u00e1 en la m\u00e1s genial en el bar, la fiesta y el festival de m\u00fasica.<br \/>\nBuen sellado, esta licorera es perfecta para almacenar vino, alcohol, whisky, etc., agregando algunos sabores .<br \/>\nEst\u00e1 hecho de acero inoxidable de calidad alimentaria, resistente y duradero, trae y almacena m\u00e1s su bebida favorita.<br \/>\nTama\u00f1o peque\u00f1o y port\u00e1til para llevar. Frasco ideal de acero inoxidable para todas las actividades al aire libre, como acampar, hacer un picnic, pescar, navegar, cazar, caminar y mucho m\u00e1s.<\/p>\n<p>Especificaciones:<\/p>\n<p>Viene con un embudo de calidad, c\u00f3modo de usar, simplemente col\u00f3quelo en su bolsillo, muy conveniente, un regalo perfecto para los amantes del whisky y sus amigos varones.<\/p>\n<p>Cuidados:<\/p>\n<p>Lavar con agua y jab\u00f3n neutro , dejar escurrir perfectamente<\/p>\n<p>Lo Que Incluye Mi Compra:<br \/>\n1 licorera 8 oz<br \/>\n1 embudo<\/p>\n","protected":false},"excerpt":{"rendered":"<p style=\"text-align: center;\"><span data-sheets-root=\"1\">Licorera Jarra De Aero Inoxidable|\u00a0 Vino | Whisky | Frascos Para Beber | Elegante|\u00a0 8 oz.<\/span><\/p>\n","protected":false},"featured_media":6876,"comment_status":"open","ping_status":"closed","template":"","meta":{"_joinchat":[]},"product_cat":[244,59],"product_tag":[],"class_list":{"0":"post-6872","1":"product","2":"type-product","3":"status-publish","4":"has-post-thumbnail","6":"product_cat-244","7":"product_cat-hogar","9":"first","10":"instock","11":"sale","12":"shipping-taxable","13":"purchasable","14":"product-type-simple"},"_links":{"self":[{"href":"https:\/\/bereketshop.com.mx\/index.php\/wp-json\/wp\/v2\/product\/6872","targetHints":{"allow":["GET"]}}],"collection":[{"href":"https:\/\/bereketshop.com.mx\/index.php\/wp-json\/wp\/v2\/product"}],"about":[{"href":"https:\/\/bereketshop.com.mx\/index.php\/wp-json\/wp\/v2\/types\/product"}],"replies":[{"embeddable":true,"href":"https:\/\/bereketshop.com.mx\/index.php\/wp-json\/wp\/v2\/comments?post=6872"}],"wp:featuredmedia":[{"embeddable":true,"href":"https:\/\/bereketshop.com.mx\/index.php\/wp-json\/wp\/v2\/media\/6876"}],"wp:attachment":[{"href":"https:\/\/bereketshop.com.mx\/index.php\/wp-json\/wp\/v2\/media?parent=6872"}],"wp:term":[{"taxonomy":"product_cat","embeddable":true,"href":"https:\/\/bereketshop.com.mx\/index.php\/wp-json\/wp\/v2\/product_cat?post=6872"},{"taxonomy":"product_tag","embeddable":true,"href":"https:\/\/bereketshop.com.mx\/index.php\/wp-json\/wp\/v2\/product_tag?post=6872"}],"curies":[{"name":"wp","href":"https:\/\/api.w.org\/{rel}","templated":true}]}}