{"id":6892,"date":"2024-08-14T03:02:14","date_gmt":"2024-08-14T01:02:14","guid":{"rendered":"https:\/\/bereketshop.com.mx\/?post_type=product&#038;p=6892"},"modified":"2024-09-17T02:17:47","modified_gmt":"2024-09-17T00:17:47","slug":"set-toalla-de-bano-2-piezas","status":"publish","type":"product","link":"https:\/\/bereketshop.com.mx\/index.php\/product\/set-toalla-de-bano-2-piezas\/","title":{"rendered":"Set Toalla De Ba\u00f1o 2 Piezas"},"content":{"rendered":"<h4><span data-sheets-root=\"1\">Caracter\u00edsticas:<\/span><\/h4>\n<p><span data-sheets-root=\"1\"><br \/>\nTOALLAS DE ALTA CALIDAD: Estas toallas est\u00e1n hechas microfibra, lo que las hace extremadamente absorbentes y extremadamente c\u00f3modas al tacto para permanecer en ellas, el tejido natural garantizan su durabilidad y resistencia<br \/>\nSuper absorbente y transpirable, la absorbencia es 2-3 veces mayor que las toallas de algod\u00f3n. El dise\u00f1o simple y generoso, los bordes exquisitos del producto, el cableado uniforme y las rayas delicadas lo hacen m\u00e1s distintivo.<br \/>\nFUNCI\u00d3N: La toalla de ba\u00f1o es ligera y se pliega en un tama\u00f1o compacto para utilizarla en casa, de viaje, en la piscina, en el camping, en el gimnasio o en cualquier otro lugar.<\/span><\/p>\n<p>Especificaciones:<\/p>\n<p>JUEGO INCLUYE: Este juego de toallas consta de 1 toalla de ba\u00f1o(70*140cm) y 1 toalla de cara(35*75cm). Estas excelentes y funcionales medidas son ideales para el uso diario de estas toallas.<\/p>\n<p>Cuidados:<br \/>\nLavar en forma habitual , a mano o en lavadora , secar al sol o con secadora<\/p>\n<p>Lo Que Incluye Mi Compra:<br \/>\n1 juego de 2 toallas de 2 tama\u00f1os distintos<\/p>\n<p>&nbsp;<\/p>\n","protected":false},"excerpt":{"rendered":"<p style=\"text-align: center;\"><span data-sheets-root=\"1\">Set de Toallas de Ba\u00f1o | de Microfibra|\u00a0 Ultra Suaves | 2 Piezas<\/span><\/p>\n","protected":false},"featured_media":6897,"comment_status":"open","ping_status":"closed","template":"","meta":{"_joinchat":[]},"product_cat":[244,59],"product_tag":[],"class_list":{"0":"post-6892","1":"product","2":"type-product","3":"status-publish","4":"has-post-thumbnail","6":"product_cat-244","7":"product_cat-hogar","9":"first","10":"instock","11":"sale","12":"shipping-taxable","13":"purchasable","14":"product-type-variable"},"_links":{"self":[{"href":"https:\/\/bereketshop.com.mx\/index.php\/wp-json\/wp\/v2\/product\/6892","targetHints":{"allow":["GET"]}}],"collection":[{"href":"https:\/\/bereketshop.com.mx\/index.php\/wp-json\/wp\/v2\/product"}],"about":[{"href":"https:\/\/bereketshop.com.mx\/index.php\/wp-json\/wp\/v2\/types\/product"}],"replies":[{"embeddable":true,"href":"https:\/\/bereketshop.com.mx\/index.php\/wp-json\/wp\/v2\/comments?post=6892"}],"wp:featuredmedia":[{"embeddable":true,"href":"https:\/\/bereketshop.com.mx\/index.php\/wp-json\/wp\/v2\/media\/6897"}],"wp:attachment":[{"href":"https:\/\/bereketshop.com.mx\/index.php\/wp-json\/wp\/v2\/media?parent=6892"}],"wp:term":[{"taxonomy":"product_cat","embeddable":true,"href":"https:\/\/bereketshop.com.mx\/index.php\/wp-json\/wp\/v2\/product_cat?post=6892"},{"taxonomy":"product_tag","embeddable":true,"href":"https:\/\/bereketshop.com.mx\/index.php\/wp-json\/wp\/v2\/product_tag?post=6892"}],"curies":[{"name":"wp","href":"https:\/\/api.w.org\/{rel}","templated":true}]}}