{"id":6939,"date":"2024-08-14T20:09:01","date_gmt":"2024-08-14T18:09:01","guid":{"rendered":"https:\/\/bereketshop.com.mx\/?post_type=product&#038;p=6939"},"modified":"2024-09-19T20:27:17","modified_gmt":"2024-09-19T18:27:17","slug":"juego-de-destornilladores-manual-25-en-1","status":"publish","type":"product","link":"https:\/\/bereketshop.com.mx\/index.php\/product\/juego-de-destornilladores-manual-25-en-1\/","title":{"rendered":"Juego De Destornilladores Manual 25 en 1"},"content":{"rendered":"<h4><span data-sheets-root=\"1\">Caracter\u00edsticas:<\/span><\/h4>\n<p><span data-sheets-root=\"1\"><br \/>\nMultiusos: el juego de herramientas precisi\u00f3n tiene puntas varias, todo lo que necesita para reparar electr\u00f3nicos o proyectos de bricolaje. No importa si es un profesional o un hobby, el kit reparaci\u00f3n facilitar\u00e1 todas sus reparaciones y desmontaje para iPhone, para MacBook\/iPad, port\u00e1til, celulares, computadora, gafas, tel\u00e9fono m\u00f3vil, juguetes, pc, hdd, ssd, ps4, ps5, switch, reloj, c\u00e1mara, consola, tableta, etc. se puede resolver varia reparaciones electr\u00f3nica solo con un set de herramientas.<\/span><\/p>\n<p><span data-sheets-root=\"1\"><br \/>\nLa punta del juego de destornilladores est\u00e1 hecha de material S2 resistente y procesada con precisi\u00f3n.<br \/>\nEl dise\u00f1o ergon\u00f3mico, el controlador \u00fanico con funci\u00f3n antideslizante y antiest\u00e1tica, puede garantizarse durante mucho tiempo.<\/span><\/p>\n<p><span data-sheets-root=\"1\"><br \/>\nHerramienta de hardware port\u00e1til profesional con dise\u00f1o liviano y compacto.<br \/>\nJuego de destornilladores multifuncional, f\u00e1cil de usar y larga vida \u00fatil.<\/span><\/p>\n<p><span data-sheets-root=\"1\"><br \/>\nEl conjunto de herramientas de hardware profesional est\u00e1 equipado con una caja de almacenamiento, que es f\u00e1cil de transportar y usar.<br \/>\n&#8211; &#8211; &#8211; &#8211; &#8211; &#8211; &#8211; &#8211; &#8211; &#8211; &#8211; &#8211; &#8211; &#8211; &#8211; &#8211; &#8211; &#8211; &#8211; &#8211; &#8211; &#8211; &#8211; &#8211; &#8211; &#8211;<br \/>\nEspecificaciones:<br \/>\nTipo de art\u00edculo: Juego de destornilladores<br \/>\nN\u00famero de piezas incluidas: 25<br \/>\nA prueba de explosiones o no: No<br \/>\nMagn\u00e9tico o no: S\u00ed<br \/>\nAislado o no: No<br \/>\nMaterial: aleaci\u00f3n de acero al cromo vanadio<br \/>\nSistema: M\u00e9trico<br \/>\n\u00c1mbito de aplicaci\u00f3n: mantenimiento sin precisi\u00f3n<br \/>\n&#8211; &#8211; &#8211; &#8211; &#8211; &#8211; &#8211; &#8211; &#8211; &#8211; &#8211; &#8211; &#8211; &#8211; &#8211; &#8211; &#8211; &#8211; &#8211; &#8211; &#8211; &#8211; &#8211; &#8211; &#8211; &#8211;<br \/>\nCuidados:<br \/>\nLimpiar todo con trapo limpio y seco<br \/>\n&#8211; &#8211; &#8211; &#8211; &#8211; &#8211; &#8211; &#8211; &#8211; &#8211; &#8211; &#8211; &#8211; &#8211; &#8211; &#8211; &#8211; &#8211; &#8211; &#8211; &#8211; &#8211; &#8211; &#8211; &#8211;<br \/>\nLo Que Incluye Mi Compra:<br \/>\n1 kit destornillador para piezas peque\u00f1as<\/p>\n<p><\/span><\/p>\n","protected":false},"excerpt":{"rendered":"<p style=\"text-align: center;\">Juego De Destornilladores | 25 En 1 | Herramienta De Reparaci\u00f3n|\u00a0 Destornilladores | Para Tel\u00e9fono M\u00f3vil| Celulares | Computadoras | Reloj etc. | Multifuncional.<\/p>\n","protected":false},"featured_media":6940,"comment_status":"open","ping_status":"closed","template":"","meta":{"_joinchat":[]},"product_cat":[244,59],"product_tag":[],"class_list":{"0":"post-6939","1":"product","2":"type-product","3":"status-publish","4":"has-post-thumbnail","6":"product_cat-244","7":"product_cat-hogar","9":"first","10":"instock","11":"sale","12":"shipping-taxable","13":"purchasable","14":"product-type-simple"},"_links":{"self":[{"href":"https:\/\/bereketshop.com.mx\/index.php\/wp-json\/wp\/v2\/product\/6939","targetHints":{"allow":["GET"]}}],"collection":[{"href":"https:\/\/bereketshop.com.mx\/index.php\/wp-json\/wp\/v2\/product"}],"about":[{"href":"https:\/\/bereketshop.com.mx\/index.php\/wp-json\/wp\/v2\/types\/product"}],"replies":[{"embeddable":true,"href":"https:\/\/bereketshop.com.mx\/index.php\/wp-json\/wp\/v2\/comments?post=6939"}],"wp:featuredmedia":[{"embeddable":true,"href":"https:\/\/bereketshop.com.mx\/index.php\/wp-json\/wp\/v2\/media\/6940"}],"wp:attachment":[{"href":"https:\/\/bereketshop.com.mx\/index.php\/wp-json\/wp\/v2\/media?parent=6939"}],"wp:term":[{"taxonomy":"product_cat","embeddable":true,"href":"https:\/\/bereketshop.com.mx\/index.php\/wp-json\/wp\/v2\/product_cat?post=6939"},{"taxonomy":"product_tag","embeddable":true,"href":"https:\/\/bereketshop.com.mx\/index.php\/wp-json\/wp\/v2\/product_tag?post=6939"}],"curies":[{"name":"wp","href":"https:\/\/api.w.org\/{rel}","templated":true}]}}