{"id":6982,"date":"2024-08-14T21:14:45","date_gmt":"2024-08-14T19:14:45","guid":{"rendered":"https:\/\/bereketshop.com.mx\/?post_type=product&#038;p=6982"},"modified":"2025-08-30T21:39:04","modified_gmt":"2025-08-30T19:39:04","slug":"botella-termo-de-acero-inoxidable-capacidad-3-litros","status":"publish","type":"product","link":"https:\/\/bereketshop.com.mx\/index.php\/product\/botella-termo-de-acero-inoxidable-capacidad-3-litros\/","title":{"rendered":"Botella Termo De Acero Inoxidable Capacidad 3 Litros"},"content":{"rendered":"<h3><span data-sheets-root=\"1\">Caracter\u00edsticas:<\/span><\/h3>\n<p>Acompa\u00f1a tus salidas de camping con el termo extra grande de acero inoxidable. Su capacidad de 3 litros te permite transportar agua suficiente a todas partes. Dise\u00f1ado con doble pared y tapa de sellado herm\u00e9tico, mantiene la temperatura interna hasta por 14 horas.<\/p>\n<p>AGUA FR\u00cdA HASTA POR 14 HORAS Y CALIENTE HASTA 12 HORAS: El termo cuenta con doble pared t\u00e9rmica y sellado herm\u00e9tico, que mantiene la temperatura de los l\u00edquidos calientes hasta por 12 horas, y los fr\u00edos hasta por 14 horas. Sal de viaje y disfruta de tus bebidas en su temperatura ideal<\/p>\n<p>TAMA\u00d1O XL PARA LLEVAR DE CAMPAMENTO O A CUALQUIER LUGAR (3 LITROS): La capacidad de la botella es de 3 lt, lo que la convierte en un accesorio indispensable para transportar la cantidad necesaria de agua en todos tus viajes. Con su asa integrada transporta agua f\u00e1cilmente a todos lados<br \/>\n&#8211; &#8211; &#8211; &#8211; &#8211; &#8211; &#8211; &#8211; &#8211; &#8211; &#8211; &#8211; &#8211; &#8211; &#8211; &#8211; &#8211; &#8211; &#8211; &#8211; &#8211; &#8211; &#8211; &#8211; &#8211; &#8211;<br \/>\nEspecificaciones:<br \/>\nFABRICADO CON ACERO INOXIDABLE DE DOBLE PARED AISLANTE Y LIBRE DE BPA: La estructura est\u00e1 hecha de acero inoxidable ultrarresistente y de alto grado alimenticio libre de BPA. Soporta golpes y ca\u00eddas, y te permite contribuir con el medio ambiente al reducir el uso de botellas pl\u00e1sticas.<br \/>\n&#8211; &#8211; &#8211; &#8211; &#8211; &#8211; &#8211; &#8211; &#8211; &#8211; &#8211; &#8211; &#8211; &#8211; &#8211; &#8211; &#8211; &#8211; &#8211; &#8211; &#8211; &#8211; &#8211; &#8211; &#8211; &#8211;<br \/>\nCuidados:<br \/>\nLavar con agua y jab\u00f3n<br \/>\n&#8211; &#8211; &#8211; &#8211; &#8211; &#8211; &#8211; &#8211; &#8211; &#8211; &#8211; &#8211; &#8211; &#8211; &#8211; &#8211; &#8211; &#8211; &#8211; &#8211; &#8211; &#8211; &#8211; &#8211; &#8211;<br \/>\nLo Que Incluye Mi Compra:<br \/>\n1 botella termo de 3 litros<\/p>\n","protected":false},"excerpt":{"rendered":"<p style=\"text-align: center;\"><span data-sheets-root=\"1\"> Botella De Agua Aislada | De Acero Inoxidable | De Gran Capacidad Para Deportes | Fitness | Actividades Al Aire Libre.<\/span><\/p>\n","protected":false},"featured_media":6988,"comment_status":"open","ping_status":"closed","template":"","meta":{"_joinchat":[]},"product_cat":[253,59],"product_tag":[],"class_list":{"0":"post-6982","1":"product","2":"type-product","3":"status-publish","4":"has-post-thumbnail","6":"product_cat-253","7":"product_cat-hogar","9":"first","10":"instock","11":"sale","12":"shipping-taxable","13":"purchasable","14":"product-type-variable"},"_links":{"self":[{"href":"https:\/\/bereketshop.com.mx\/index.php\/wp-json\/wp\/v2\/product\/6982","targetHints":{"allow":["GET"]}}],"collection":[{"href":"https:\/\/bereketshop.com.mx\/index.php\/wp-json\/wp\/v2\/product"}],"about":[{"href":"https:\/\/bereketshop.com.mx\/index.php\/wp-json\/wp\/v2\/types\/product"}],"replies":[{"embeddable":true,"href":"https:\/\/bereketshop.com.mx\/index.php\/wp-json\/wp\/v2\/comments?post=6982"}],"wp:featuredmedia":[{"embeddable":true,"href":"https:\/\/bereketshop.com.mx\/index.php\/wp-json\/wp\/v2\/media\/6988"}],"wp:attachment":[{"href":"https:\/\/bereketshop.com.mx\/index.php\/wp-json\/wp\/v2\/media?parent=6982"}],"wp:term":[{"taxonomy":"product_cat","embeddable":true,"href":"https:\/\/bereketshop.com.mx\/index.php\/wp-json\/wp\/v2\/product_cat?post=6982"},{"taxonomy":"product_tag","embeddable":true,"href":"https:\/\/bereketshop.com.mx\/index.php\/wp-json\/wp\/v2\/product_tag?post=6982"}],"curies":[{"name":"wp","href":"https:\/\/api.w.org\/{rel}","templated":true}]}}