{"id":6998,"date":"2024-08-14T21:32:04","date_gmt":"2024-08-14T19:32:04","guid":{"rendered":"https:\/\/bereketshop.com.mx\/?post_type=product&#038;p=6998"},"modified":"2024-08-14T22:06:44","modified_gmt":"2024-08-14T20:06:44","slug":"kit-herramientas-desmontaje-molduras-auto-faros-estereo-19pz","status":"publish","type":"product","link":"https:\/\/bereketshop.com.mx\/index.php\/product\/kit-herramientas-desmontaje-molduras-auto-faros-estereo-19pz\/","title":{"rendered":"Kit Herramientas Desmontaje Molduras Auto Faros Est\u00e9reo 19pz"},"content":{"rendered":"<h3><span data-sheets-root=\"1\">Caracter\u00edsticas:<\/span><\/h3>\n<p>Ampliamente utilizado: apto para extracci\u00f3n e instalaci\u00f3n de molduras de autom\u00f3viles, marina, muebles o aviones, excelente para recortar audio\/radio de coche, panel de puerta, ventana, accesorios interiores y exteriores, quitar neum\u00e1ticos de bicicleta<br \/>\nMaterial de alta calidad y evita ara\u00f1azos: hecho de material de fibra de nailon de alta calidad, duradero, inofensivo y anti-ara\u00f1azos para tu coche. Tienen la fuerza para levantar los paneles y abrir los pasadores de retenci\u00f3n del panel, pero son lo suficientemente suaves como para evitar ara\u00f1azos en los nudillos o ara\u00f1azos en la pintura<br \/>\nDise\u00f1o ergon\u00f3mico y eficaz: f\u00e1cil de manejar, m\u00e1s eficaz y ahorra esfuerzo, apto para espacios y grietas dif\u00edciles de alcanzar<\/p>\n<p>Especificaciones:<br \/>\nf\u00e1cil de almacenar: el kit de herramientas m\u00e1s esencial y fiable no se rompe ni se dobla f\u00e1cilmente, la fibra de nailon de grado premium m\u00e1s duradera y ligeramente flexible del mercado mejor que el ABS m\u00e1s duro. Bolsa port\u00e1til con cremallera que es m\u00e1s ligera para un f\u00e1cil almacenamiento y transporte<\/p>\n<p>Cuidados:<br \/>\nMantener en lugar limpio, se puede lavar y secar con trapo seco<\/p>\n<p>Lo Que Incluye Mi Compra:<br \/>\nEl paquete incluye: 1 alicates de extracci\u00f3n de clip de recorte, 11 barras de palanca de nailon, 2 barras de palanca de metal, 5 herramientas de extracci\u00f3n est\u00e9reo de acero inoxidable, 1 bolsa de almacenamiento port\u00e1til<\/p>\n","protected":false},"excerpt":{"rendered":"<p style=\"text-align: center;\">Kit Herramientas Desmontaje | Molduras | Auto|\u00a0 Faros | Est\u00e9reo | 19pz<\/p>\n","protected":false},"featured_media":7006,"comment_status":"open","ping_status":"closed","template":"","meta":{"_joinchat":[]},"product_cat":[59],"product_tag":[],"class_list":{"0":"post-6998","1":"product","2":"type-product","3":"status-publish","4":"has-post-thumbnail","6":"product_cat-hogar","8":"first","9":"instock","10":"sale","11":"shipping-taxable","12":"purchasable","13":"product-type-variable"},"_links":{"self":[{"href":"https:\/\/bereketshop.com.mx\/index.php\/wp-json\/wp\/v2\/product\/6998","targetHints":{"allow":["GET"]}}],"collection":[{"href":"https:\/\/bereketshop.com.mx\/index.php\/wp-json\/wp\/v2\/product"}],"about":[{"href":"https:\/\/bereketshop.com.mx\/index.php\/wp-json\/wp\/v2\/types\/product"}],"replies":[{"embeddable":true,"href":"https:\/\/bereketshop.com.mx\/index.php\/wp-json\/wp\/v2\/comments?post=6998"}],"wp:featuredmedia":[{"embeddable":true,"href":"https:\/\/bereketshop.com.mx\/index.php\/wp-json\/wp\/v2\/media\/7006"}],"wp:attachment":[{"href":"https:\/\/bereketshop.com.mx\/index.php\/wp-json\/wp\/v2\/media?parent=6998"}],"wp:term":[{"taxonomy":"product_cat","embeddable":true,"href":"https:\/\/bereketshop.com.mx\/index.php\/wp-json\/wp\/v2\/product_cat?post=6998"},{"taxonomy":"product_tag","embeddable":true,"href":"https:\/\/bereketshop.com.mx\/index.php\/wp-json\/wp\/v2\/product_tag?post=6998"}],"curies":[{"name":"wp","href":"https:\/\/api.w.org\/{rel}","templated":true}]}}