{"id":7048,"date":"2024-08-14T22:56:10","date_gmt":"2024-08-14T20:56:10","guid":{"rendered":"https:\/\/bereketshop.com.mx\/?post_type=product&#038;p=7048"},"modified":"2025-03-10T00:36:31","modified_gmt":"2025-03-09T23:36:31","slug":"molino-de-condimentos-triturador-manual-grande","status":"publish","type":"product","link":"https:\/\/bereketshop.com.mx\/index.php\/product\/molino-de-condimentos-triturador-manual-grande\/","title":{"rendered":"Molino De Condimentos Triturador Manual Grande"},"content":{"rendered":"<h3><span data-sheets-root=\"1\">Caracter\u00edsticas:<\/span><\/h3>\n<p><span data-sheets-root=\"1\">Salero y Pimentero con Molinillo Ajustable &#8211; Equipado con un rotor ajustable de 5 grados para moler, dando la opci\u00f3n de ajustar el grosor (de fino a grueso); Disfruta de sal o pimienta reci\u00e9n molida a tu gusto<br \/>\nDise\u00f1o elegante y pr\u00e1ctico &#8211; Estas plantas de sal y pimienta f\u00e1ciles de agarrar est\u00e1n hechas de acero inoxidable liso y vidrio grueso, y sentarse en una c\u00f3moda esquina de desayuno o en una cocina profesional no parece incompatible<br \/>\nDuradero &#8211; aunque las botellas de vidrio son f\u00e1ciles de vaciar y limpiar, los molinos cer\u00e1micos no corrosivos tienen una vida \u00fatil m\u00e1s larga que las versiones met\u00e1licas. Trituradora de sal y pimienta que la no se puede lavar con un lavavajillas<\/span><\/p>\n<p>Especificaciones:<\/p>\n<p><span data-sheets-root=\"1\"><br \/>\nEspecias frescas &#8211; Cuando se trata de especias, cuanto m\u00e1s frescas, mejor. As\u00ed que saboree el aroma, el sabor y la textura de las especias frescas en la mesa con un duradero juego de molinillo de sal y pimienta. Nuestros molinillos de sal y pimienta han sido dise\u00f1ados de forma exclusiva utilizando un molino anticorrosivo y con el mecanismo de molienda en la parte superior para evitar que se deposite la pimienta despu\u00e9s de su uso. As\u00ed, podr\u00e1 sazonar libremente su cena, \u00a1sin miedo a sazonar la mesa<br \/>\nmedidas: 13.5 X 6.5<\/span><\/p>\n<p>Cuidados:<\/p>\n<p><span data-sheets-root=\"1\"><br \/>\nLavar con agua y jab\u00f3n, lavavajilla<\/span><\/p>\n<p>Lo Que Incluye Mi Compra:<br \/>\n1 molino de especias L<\/p>\n<p>&nbsp;<\/p>\n","protected":false},"excerpt":{"rendered":"<p style=\"text-align: center;\"><span data-sheets-root=\"1\">Molinillo De Sal O Pimienta | De Acero Inoxidable | Molinillo De Especias | Con Cuchillas De Cer\u00e1mica | 170 ml| Acero Inoxidable | Cepillado Y Grosor | Ajustable|\u00a0<\/span><\/p>\n","protected":false},"featured_media":7045,"comment_status":"open","ping_status":"closed","template":"","meta":{"_joinchat":[]},"product_cat":[241,59],"product_tag":[],"class_list":{"0":"post-7048","1":"product","2":"type-product","3":"status-publish","4":"has-post-thumbnail","6":"product_cat-241","7":"product_cat-hogar","9":"first","10":"instock","11":"sale","12":"shipping-taxable","13":"purchasable","14":"product-type-simple"},"_links":{"self":[{"href":"https:\/\/bereketshop.com.mx\/index.php\/wp-json\/wp\/v2\/product\/7048","targetHints":{"allow":["GET"]}}],"collection":[{"href":"https:\/\/bereketshop.com.mx\/index.php\/wp-json\/wp\/v2\/product"}],"about":[{"href":"https:\/\/bereketshop.com.mx\/index.php\/wp-json\/wp\/v2\/types\/product"}],"replies":[{"embeddable":true,"href":"https:\/\/bereketshop.com.mx\/index.php\/wp-json\/wp\/v2\/comments?post=7048"}],"wp:featuredmedia":[{"embeddable":true,"href":"https:\/\/bereketshop.com.mx\/index.php\/wp-json\/wp\/v2\/media\/7045"}],"wp:attachment":[{"href":"https:\/\/bereketshop.com.mx\/index.php\/wp-json\/wp\/v2\/media?parent=7048"}],"wp:term":[{"taxonomy":"product_cat","embeddable":true,"href":"https:\/\/bereketshop.com.mx\/index.php\/wp-json\/wp\/v2\/product_cat?post=7048"},{"taxonomy":"product_tag","embeddable":true,"href":"https:\/\/bereketshop.com.mx\/index.php\/wp-json\/wp\/v2\/product_tag?post=7048"}],"curies":[{"name":"wp","href":"https:\/\/api.w.org\/{rel}","templated":true}]}}