{"id":7053,"date":"2024-08-14T23:09:19","date_gmt":"2024-08-14T21:09:19","guid":{"rendered":"https:\/\/bereketshop.com.mx\/?post_type=product&#038;p=7053"},"modified":"2024-09-19T21:08:30","modified_gmt":"2024-09-19T19:08:30","slug":"removedor-quita-pelusa-manual","status":"publish","type":"product","link":"https:\/\/bereketshop.com.mx\/index.php\/product\/removedor-quita-pelusa-manual\/","title":{"rendered":"Removedor Quita Pelusa  Manual"},"content":{"rendered":"<h3><span data-sheets-root=\"1\">Caracter\u00edsticas:<\/span><\/h3>\n<p><span data-sheets-root=\"1\"><br \/>\nDuplica el efecto: afeitado y alisado 2 en 1. Este rodillo raspador de pelusa devuelve suavidad a la tela.<br \/>\nMaterial de alta calidad: este rodillo raspador de pelusa est\u00e1 hecho de caucho suave y cobre, que no se oxidan f\u00e1cilmente y tienen un buen efecto de afeitado. No da\u00f1ar\u00e1 las fibras de la ropa y la mantendr\u00e1 limpia y suave. Alivio de la fatiga de las manos: logre eliminar la pelusa sin esfuerzo con nuestro rodillo raspador de pelusa que presenta un dise\u00f1o ergon\u00f3mico para un agarre c\u00f3modo del mango. Minimiza la fatiga de las manos y mantenlas relajadas durante el uso.<\/span><\/p>\n<p><span data-sheets-root=\"1\"><br \/>\nAmplia gama de aplicaciones: este rodillo raspador de pelusa puede eliminar eficazmente pelusa, polvo y de mascotas de diversos art\u00edculos del hogar, como sof\u00e1s, mantas, calcetines, mallas, ropa, muebles y sof\u00e1s. Es f\u00e1cil de usar y duradero, lo que lo convierte en un art\u00edculo imprescindible para su hogar.<br \/>\n<\/span><\/p>\n<p><span data-sheets-root=\"1\"><br \/>\nEspecificaciones:<\/span><\/p>\n<p><span data-sheets-root=\"1\"><br \/>\nDise\u00f1o apto para viajes: este raspador de pelusa tiene un dise\u00f1o liviano y port\u00e1til que lo hace apto para viajes y f\u00e1cil de guardar en su bolso o maleta. Tiene un tama\u00f1o compacto que cabe en tu mano y te permite eliminar pelusas, polvo y s de tu ropa con facilidad.<br \/>\n<\/span><\/p>\n<p><span data-sheets-root=\"1\"><br \/>\nCuidados:<br \/>\nLavar con agua y jab\u00f3n<br \/>\n<\/span><\/p>\n<p><span data-sheets-root=\"1\">Lo Que Incluye Mi Compra:<br \/>\n1 removedor De Pelusa Manual<\/span><\/p>\n<p>&nbsp;<\/p>\n","protected":false},"excerpt":{"rendered":"<p style=\"text-align: center;\"><span data-sheets-root=\"1\">Cepillo Removedor De Pelusas | Port\u00e1til | De Doble Cara | Quita pelusas de Ropa | Superficies.<\/span><\/p>\n","protected":false},"featured_media":7058,"comment_status":"open","ping_status":"closed","template":"","meta":{"_joinchat":[]},"product_cat":[251,59,15],"product_tag":[],"class_list":{"0":"post-7053","1":"product","2":"type-product","3":"status-publish","4":"has-post-thumbnail","6":"product_cat-251","7":"product_cat-hogar","8":"product_cat-uncategorized","10":"first","11":"instock","12":"sale","13":"shipping-taxable","14":"purchasable","15":"product-type-variable"},"_links":{"self":[{"href":"https:\/\/bereketshop.com.mx\/index.php\/wp-json\/wp\/v2\/product\/7053","targetHints":{"allow":["GET"]}}],"collection":[{"href":"https:\/\/bereketshop.com.mx\/index.php\/wp-json\/wp\/v2\/product"}],"about":[{"href":"https:\/\/bereketshop.com.mx\/index.php\/wp-json\/wp\/v2\/types\/product"}],"replies":[{"embeddable":true,"href":"https:\/\/bereketshop.com.mx\/index.php\/wp-json\/wp\/v2\/comments?post=7053"}],"wp:featuredmedia":[{"embeddable":true,"href":"https:\/\/bereketshop.com.mx\/index.php\/wp-json\/wp\/v2\/media\/7058"}],"wp:attachment":[{"href":"https:\/\/bereketshop.com.mx\/index.php\/wp-json\/wp\/v2\/media?parent=7053"}],"wp:term":[{"taxonomy":"product_cat","embeddable":true,"href":"https:\/\/bereketshop.com.mx\/index.php\/wp-json\/wp\/v2\/product_cat?post=7053"},{"taxonomy":"product_tag","embeddable":true,"href":"https:\/\/bereketshop.com.mx\/index.php\/wp-json\/wp\/v2\/product_tag?post=7053"}],"curies":[{"name":"wp","href":"https:\/\/api.w.org\/{rel}","templated":true}]}}