{"id":7330,"date":"2024-08-15T23:19:26","date_gmt":"2024-08-15T21:19:26","guid":{"rendered":"https:\/\/bereketshop.com.mx\/?post_type=product&#038;p=7330"},"modified":"2024-09-19T21:45:15","modified_gmt":"2024-09-19T19:45:15","slug":"ventilador-de-mano-portatil-de-formas-animadas-5-unidades","status":"publish","type":"product","link":"https:\/\/bereketshop.com.mx\/index.php\/product\/ventilador-de-mano-portatil-de-formas-animadas-5-unidades\/","title":{"rendered":"Ventilador De Mano Port\u00e1til De Formas Animadas 5 Unidades"},"content":{"rendered":"<p><span data-sheets-root=\"1\">Caracter\u00edsticas:<\/span><\/p>\n<p><span data-sheets-root=\"1\">SE ENVIAN 5 DISE\u00d1OS AL AZAR\u00a0<\/span><\/p>\n<p><span data-sheets-root=\"1\"><br \/>\nVentiladores de enfriamiento manual de prensa manual de verano en total, vienen en un bonito estilo de dibujos animados, estilos y colores brillantes, puede satisfacer completamente tus necesidades de sensaci\u00f3n de frescura, \u00fatil para secar maquillaje, u\u00f1as, etc.<\/span><\/p>\n<p><span data-sheets-root=\"1\"><br \/>\nLos ventiladores manuales de prensa manual son ricos en estilos, incluyendo oso, tigre, conejo, cerdo, rana, etc., lindos y divertidos, combinan bien con fiestas de verano y a\u00f1aden m\u00e1s diversi\u00f3n a tu fiesta<br \/>\nEl bonito ventilador para ni\u00f1os adopta una forma de prensa manual para conducir las aspas del ventilador, por lo que no hay necesidad de cargar bater\u00edas, hecho de pl\u00e1stico de calidad, y las cuchillas est\u00e1n hechas de pl\u00e1stico suave, que ahorra energ\u00eda y es seguro para que los ni\u00f1os lo utilicen<\/span><\/p>\n<p><span data-sheets-root=\"1\"><br \/>\nTama\u00f1o port\u00e1til: el tama\u00f1o de este ventilador de dibujos animados de animales es de aproximadamente 4.92 x 2.17 pulgadas, port\u00e1til y compacto, f\u00e1cil de llevar, adecuado para manos peque\u00f1as y manos grandes para agarrar<br \/>\nLos bonitos ventiladores de mano se pueden aplicar en varias ocasiones, como fiestas de verano, fiestas en la piscina, actividades en la playa y al aire, fiestas de cumplea\u00f1os, viajes familiares, campamentos de verano, premios de aula para ni\u00f1os, etc., incluso puedes poner estos fan\u00e1ticos en bolsas de aperitivos o cestas de Pascua como regalo de fiesta o regalos de carnaval<\/p>\n<p>Especificaciones:<br \/>\nEl tama\u00f1o de este ventilador de dibujos animados de animales es de aproximadamente 12.2 x 6.2 cent\u00edmetros, port\u00e1til y compacto, f\u00e1cil de llevar, adecuado para manos peque\u00f1as y manos grandes para agarrar.<\/p>\n<p>Cuidados:<br \/>\nLimpiar con trapo h\u00famedo y secar con trapo seco<\/p>\n<p>Lo Que Incluye Mi Compra:<br \/>\n1 ventilador port\u00e1til<\/p>\n<p><\/span><\/p>\n","protected":false},"excerpt":{"rendered":"<p style=\"text-align: center;\"><span data-sheets-root=\"1\">Ventilador Port\u00e1til | Peque\u00f1o | En Forma Figuras Animadas | Ventilador De Mano|<\/span><\/p>\n","protected":false},"featured_media":7331,"comment_status":"open","ping_status":"closed","template":"","meta":{"_joinchat":[]},"product_cat":[244,99],"product_tag":[],"class_list":{"0":"post-7330","1":"product","2":"type-product","3":"status-publish","4":"has-post-thumbnail","6":"product_cat-244","7":"product_cat-juguetes","9":"first","10":"instock","11":"sale","12":"shipping-taxable","13":"purchasable","14":"product-type-simple"},"_links":{"self":[{"href":"https:\/\/bereketshop.com.mx\/index.php\/wp-json\/wp\/v2\/product\/7330","targetHints":{"allow":["GET"]}}],"collection":[{"href":"https:\/\/bereketshop.com.mx\/index.php\/wp-json\/wp\/v2\/product"}],"about":[{"href":"https:\/\/bereketshop.com.mx\/index.php\/wp-json\/wp\/v2\/types\/product"}],"replies":[{"embeddable":true,"href":"https:\/\/bereketshop.com.mx\/index.php\/wp-json\/wp\/v2\/comments?post=7330"}],"wp:featuredmedia":[{"embeddable":true,"href":"https:\/\/bereketshop.com.mx\/index.php\/wp-json\/wp\/v2\/media\/7331"}],"wp:attachment":[{"href":"https:\/\/bereketshop.com.mx\/index.php\/wp-json\/wp\/v2\/media?parent=7330"}],"wp:term":[{"taxonomy":"product_cat","embeddable":true,"href":"https:\/\/bereketshop.com.mx\/index.php\/wp-json\/wp\/v2\/product_cat?post=7330"},{"taxonomy":"product_tag","embeddable":true,"href":"https:\/\/bereketshop.com.mx\/index.php\/wp-json\/wp\/v2\/product_tag?post=7330"}],"curies":[{"name":"wp","href":"https:\/\/api.w.org\/{rel}","templated":true}]}}