{"id":7591,"date":"2024-09-20T21:38:52","date_gmt":"2024-09-20T19:38:52","guid":{"rendered":"https:\/\/bereketshop.com.mx\/?post_type=product&#038;p=7591"},"modified":"2024-09-26T04:39:16","modified_gmt":"2024-09-26T02:39:16","slug":"cactus-bailarin-navideno-con-luces-y-movimiento","status":"publish","type":"product","link":"https:\/\/bereketshop.com.mx\/index.php\/product\/cactus-bailarin-navideno-con-luces-y-movimiento\/","title":{"rendered":"Cactus Bailar\u00edn Navide\u00f1o Con Luces Y Movimiento"},"content":{"rendered":"<h5>CARACTERISTICAS:<\/h5>\n<p>Prende Baila y Escucha Navidad<br \/>\nCactus bailar\u00edn te permite tener horas de diversi\u00f3n con luces y movimientos que contagian la alegr\u00eda y el baile.<\/p>\n<p>Divi\u00e9rtete con los movimientos q tiene y baila frente a \u00e9l<\/p>\n<p>Graba e imita tu voz<br \/>\nInteract\u00faa con el cactus de manera divertida grabando un audio personalizado o imitando palabras.<\/p>\n<p>Cuenta con canciones pre grabadas para tener diversi\u00f3n a todo momento<\/p>\n<p>Caracter\u00edsticas<br \/>\nAlto: 32cm<br \/>\nAncho: 10cm<br \/>\nAlto de cactus: 21cm<\/p>\n<p>Instrucciones<br \/>\n&#8211; Presiona el bot\u00f3n principal para que comience a bailar y sonar m\u00fasica<br \/>\n&#8211; Mant\u00e9n presionado el bot\u00f3n secundario para grabar algo<br \/>\n&#8211; Presiona el bot\u00f3n secundario para reproducir la grabaci\u00f3n<br \/>\n&#8211; Presiona 2 veces el bot\u00f3n primario para cambiar la melod\u00eda<br \/>\n&#8211; Cuando el cactus bailar\u00edn est\u00e9 en uso, habla cerca de \u00e9l para que te imit\u00e9<\/p>\n<p>Canciones<br \/>\nColor: Verde<br \/>\nEdad: 0-3 a\u00f1os, 3-6 a\u00f1os<br \/>\nCertificado del Test: GCTS<br \/>\nMaterial: Tela no tejida<\/p>\n","protected":false},"excerpt":{"rendered":"<p style=\"text-align: center;\">Juguetes Cactus Bailar\u00edn Recargable|\u00a0 120 Canciones | En Espa\u00f1ol\u00a0 | Sombrero\u00a0 | Lindo Chal Incluido | Graba E Emita Tu Voz | Interact\u00faa Con El Cactus De Manera Divertida | Grabando Un Audio | Personalizado o Imitando palabras.<\/p>\n","protected":false},"featured_media":7592,"comment_status":"closed","ping_status":"closed","template":"","meta":{"_joinchat":[]},"product_cat":[242,99],"product_tag":[],"class_list":{"0":"post-7591","1":"product","2":"type-product","3":"status-publish","4":"has-post-thumbnail","6":"product_cat-242","7":"product_cat-juguetes","9":"first","10":"instock","11":"sale","12":"shipping-taxable","13":"purchasable","14":"product-type-simple"},"_links":{"self":[{"href":"https:\/\/bereketshop.com.mx\/index.php\/wp-json\/wp\/v2\/product\/7591","targetHints":{"allow":["GET"]}}],"collection":[{"href":"https:\/\/bereketshop.com.mx\/index.php\/wp-json\/wp\/v2\/product"}],"about":[{"href":"https:\/\/bereketshop.com.mx\/index.php\/wp-json\/wp\/v2\/types\/product"}],"replies":[{"embeddable":true,"href":"https:\/\/bereketshop.com.mx\/index.php\/wp-json\/wp\/v2\/comments?post=7591"}],"wp:featuredmedia":[{"embeddable":true,"href":"https:\/\/bereketshop.com.mx\/index.php\/wp-json\/wp\/v2\/media\/7592"}],"wp:attachment":[{"href":"https:\/\/bereketshop.com.mx\/index.php\/wp-json\/wp\/v2\/media?parent=7591"}],"wp:term":[{"taxonomy":"product_cat","embeddable":true,"href":"https:\/\/bereketshop.com.mx\/index.php\/wp-json\/wp\/v2\/product_cat?post=7591"},{"taxonomy":"product_tag","embeddable":true,"href":"https:\/\/bereketshop.com.mx\/index.php\/wp-json\/wp\/v2\/product_tag?post=7591"}],"curies":[{"name":"wp","href":"https:\/\/api.w.org\/{rel}","templated":true}]}}