{"id":7758,"date":"2025-01-05T07:33:42","date_gmt":"2025-01-05T06:33:42","guid":{"rendered":"https:\/\/bereketshop.com.mx\/?post_type=product&#038;p=7758"},"modified":"2025-01-05T07:44:00","modified_gmt":"2025-01-05T06:44:00","slug":"pista-interactiva-de-coches-electricos-flexibles-184-piezas","status":"publish","type":"product","link":"https:\/\/bereketshop.com.mx\/index.php\/product\/pista-interactiva-de-coches-electricos-flexibles-184-piezas\/","title":{"rendered":"Pista Interactiva De Coches El\u00e9ctricos Flexibles 184 Piezas"},"content":{"rendered":"<p><span data-sheets-root=\"1\">Caracter\u00edsticas:<\/span><\/p>\n<p><span data-sheets-root=\"1\">NO CONTIENE PILAS<br \/>\nEste conjunto de juguetes de pl\u00e1stico resistente coloridos incluye dos coches y un cami\u00f3n, con luz LED ,brillan en la oscuridad.<br \/>\nDise\u00f1ados para estimular la imaginaci\u00f3n y el juego creativo de los ni\u00f1os.<br \/>\nFabricados con materiales seguros y duraderos, estos veh\u00edculos son ideales para el juego tanto en interiores como en exteriores, ofreciendo horas de diversi\u00f3n y aprendizaje.<br \/>\nSu dise\u00f1o atractivo y vibrante captar\u00e1 la atenci\u00f3n de los m\u00e1s peque\u00f1os, convirti\u00e9ndolos en compa\u00f1eros perfectos para aventuras emocionantes.<br \/>\nF\u00e1cil de montar y desmontar pistas de carreras tambi\u00e9n se enrollan, simplemente coloca las piezas juntas y obtienes una velocidad totalmente personalizada de tu propia creaci\u00f3n, f\u00e1cil viaje y almacenamiento.<br \/>\n&#8211; &#8211; &#8211; &#8211; &#8211; &#8211; &#8211; &#8211; &#8211; &#8211; &#8211; &#8211; &#8211; &#8211; &#8211; &#8211; &#8211; &#8211; &#8211; &#8211; &#8211; &#8211; &#8211; &#8211; &#8211; &#8211;<br \/>\nEspecificaciones:<br \/>\nCarrera con luces LED TS Coche, hecho de material de alta calidad, duradero y no se decolora f\u00e1cilmente. Nuestros coches de juguete funcionan con pilas est\u00e1n hechos de pl\u00e1stico sin BPA y de calidad, no tiene mal olor. Esquina elegante y suave, no da\u00f1ar\u00e1 las manos de tus hijos. Pilas instaladas, enciende los interruptores de alimentaci\u00f3n y luego coloca los coches en el camino para transportar. Ser\u00e1 una gran opci\u00f3n de regalo para los amantes de los coches y los ni\u00f1os peque\u00f1os.<br \/>\n&#8211; &#8211; &#8211; &#8211; &#8211; &#8211; &#8211; &#8211; &#8211; &#8211; &#8211; &#8211; &#8211; &#8211; &#8211; &#8211; &#8211; &#8211; &#8211; &#8211; &#8211; &#8211; &#8211; &#8211; &#8211; &#8211;<br \/>\nCuidados:<br \/>\nF\u00e1cil de limpiar, se pueden lavar las piezas, menos los carros que son con pila , limpiarlos solo con trapo h\u00famedo y seco<br \/>\n&#8211; &#8211; &#8211; &#8211; &#8211; &#8211; &#8211; &#8211; &#8211; &#8211; &#8211; &#8211; &#8211; &#8211; &#8211; &#8211; &#8211; &#8211; &#8211; &#8211; &#8211; &#8211; &#8211; &#8211; &#8211;<br \/>\nLo Que Incluye Mi Compra:<br \/>\n1 Pista de Carros Flexible 184 piezas<\/span><\/p>\n<p>&nbsp;<\/p>\n","protected":false},"excerpt":{"rendered":"<p style=\"text-align: center;\"><span data-sheets-root=\"1\">Pista Interactiva De Coches El\u00e9ctricos Flexibles 184 Piezas| Este conjunto de juguetes de pl\u00e1stico resistente coloridos incluye dos coches y un cami\u00f3n |con luz LED | brillan en la oscuridad.<\/span><\/p>\n","protected":false},"featured_media":7760,"comment_status":"open","ping_status":"closed","template":"","meta":{"_joinchat":[]},"product_cat":[255,99],"product_tag":[],"class_list":{"0":"post-7758","1":"product","2":"type-product","3":"status-publish","4":"has-post-thumbnail","6":"product_cat-255","7":"product_cat-juguetes","9":"first","10":"instock","11":"sale","12":"shipping-taxable","13":"purchasable","14":"product-type-simple"},"_links":{"self":[{"href":"https:\/\/bereketshop.com.mx\/index.php\/wp-json\/wp\/v2\/product\/7758","targetHints":{"allow":["GET"]}}],"collection":[{"href":"https:\/\/bereketshop.com.mx\/index.php\/wp-json\/wp\/v2\/product"}],"about":[{"href":"https:\/\/bereketshop.com.mx\/index.php\/wp-json\/wp\/v2\/types\/product"}],"replies":[{"embeddable":true,"href":"https:\/\/bereketshop.com.mx\/index.php\/wp-json\/wp\/v2\/comments?post=7758"}],"wp:featuredmedia":[{"embeddable":true,"href":"https:\/\/bereketshop.com.mx\/index.php\/wp-json\/wp\/v2\/media\/7760"}],"wp:attachment":[{"href":"https:\/\/bereketshop.com.mx\/index.php\/wp-json\/wp\/v2\/media?parent=7758"}],"wp:term":[{"taxonomy":"product_cat","embeddable":true,"href":"https:\/\/bereketshop.com.mx\/index.php\/wp-json\/wp\/v2\/product_cat?post=7758"},{"taxonomy":"product_tag","embeddable":true,"href":"https:\/\/bereketshop.com.mx\/index.php\/wp-json\/wp\/v2\/product_tag?post=7758"}],"curies":[{"name":"wp","href":"https:\/\/api.w.org\/{rel}","templated":true}]}}