{"id":7777,"date":"2025-01-05T07:54:49","date_gmt":"2025-01-05T06:54:49","guid":{"rendered":"https:\/\/bereketshop.com.mx\/?post_type=product&#038;p=7777"},"modified":"2025-01-09T21:20:40","modified_gmt":"2025-01-09T20:20:40","slug":"7777","status":"publish","type":"product","link":"https:\/\/bereketshop.com.mx\/index.php\/product\/7777\/","title":{"rendered":"Cangrejo Juguete Interactivo con M\u00fasica y Movimiento"},"content":{"rendered":"<h4>Caracter\u00edsticas:<\/h4>\n<p>Este encantador cangrejo no solo se mueve y se desplaza, sino que tambi\u00e9n reproduce melod\u00edas alegres que mantendr\u00e1n a tus ni\u00f1os fascinados mientras interact\u00faan con \u00e9l. La combinaci\u00f3n de movimiento y m\u00fasica fomenta la diversi\u00f3n y la aventura en cada sesi\u00f3n de juego.<br \/>\nPresentamos un encantador cangrejo de juguete con movimiento, dise\u00f1ado para estimular la imaginaci\u00f3n y el juego creativo de los m\u00e1s peque\u00f1os.<br \/>\nCada cangrejo cuenta con ojos saltones que a\u00f1aden un toque divertido y expresivo, as\u00ed como patas articuladas que permiten una variedad de movimientos, lo que los convierte en compa\u00f1eros ideales para aventuras en la playa o en el hogar.<br \/>\nFabricados con materiales seguros y duraderos, estos cangrejos son perfectos para ni\u00f1os de todas las edades, fomentando el desarrollo de habilidades motoras y la coordinaci\u00f3n. Su dise\u00f1o colorido y atractivo no solo capta la atenci\u00f3n de los ni\u00f1os, sino que tambi\u00e9n les ense\u00f1a sobre la vida marina de una manera l\u00fadica y educativa.<br \/>\nIdeal para juegos en grupo o actividades individuales, estos cangrejos de juguete son una adici\u00f3n imprescindible a cualquier colecci\u00f3n de juguetes.<br \/>\nLos juguetes para ni\u00f1os de cangrejo que se arrastran con m\u00fasica y luces LED son muy atractivos para los ni\u00f1os. Cuando encuentra un obst\u00e1culo durante su movimiento, se mover\u00e1 en la direcci\u00f3n opuesta en el tiempo.<br \/>\n&#8211; &#8211; &#8211; &#8211; &#8211; &#8211; &#8211; &#8211; &#8211; &#8211; &#8211; &#8211; &#8211; &#8211; &#8211; &#8211; &#8211; &#8211; &#8211; &#8211; &#8211; &#8211; &#8211; &#8211; &#8211; &#8211;<br \/>\nEspecificaciones:<br \/>\nEl paquete de juguetes musicales de cangrejo con cable de carga USB. Es muy conveniente cargarlo con un cargador USB, una computadora o un banco de energ\u00eda. Aseg\u00farese de que el juguete est\u00e9 apagado durante el proceso de carga.<br \/>\n&#8211; &#8211; &#8211; &#8211; &#8211; &#8211; &#8211; &#8211; &#8211; &#8211; &#8211; &#8211; &#8211; &#8211; &#8211; &#8211; &#8211; &#8211; &#8211; &#8211; &#8211; &#8211; &#8211; &#8211; &#8211; &#8211;<br \/>\nCuidados:<br \/>\nLimpiar con trapo seco.<br \/>\n&#8211; &#8211; &#8211; &#8211; &#8211; &#8211; &#8211; &#8211; &#8211; &#8211; &#8211; &#8211; &#8211; &#8211; &#8211; &#8211; &#8211; &#8211; &#8211; &#8211; &#8211; &#8211; &#8211; &#8211; &#8211;<br \/>\nLo Que Incluye Mi Compra:<br \/>\n1 cangrejo Musical Con Movimiento<br \/>\n1 cable USB<br \/>\n&#8211; &#8211; &#8211; &#8211; &#8211; &#8211; &#8211; &#8211; &#8211; &#8211; &#8211; &#8211; &#8211; &#8211; &#8211; &#8211; &#8211; &#8211; &#8211; &#8211; &#8211; &#8211; &#8211; &#8211; &#8211; &#8211;<\/p>\n","protected":false},"excerpt":{"rendered":"<p style=\"text-align: center;\">Cangrejo Juguete Interactivo con M\u00fasica y Movimiento | Los juguetes para ni\u00f1os de cangrejo que se arrastran con m\u00fasica y luces LED\u00a0 son muy atractivos para los ni\u00f1os |\u00a0 Cuando encuentra un obst\u00e1culo durante su movimiento, se mover\u00e1 en la direcci\u00f3n opuesta en el tiempo.<\/p>\n","protected":false},"featured_media":7780,"comment_status":"open","ping_status":"closed","template":"","meta":{"_joinchat":[]},"product_cat":[255,99],"product_tag":[],"class_list":{"0":"post-7777","1":"product","2":"type-product","3":"status-publish","4":"has-post-thumbnail","6":"product_cat-255","7":"product_cat-juguetes","9":"first","10":"instock","11":"sale","12":"shipping-taxable","13":"purchasable","14":"product-type-variable"},"_links":{"self":[{"href":"https:\/\/bereketshop.com.mx\/index.php\/wp-json\/wp\/v2\/product\/7777","targetHints":{"allow":["GET"]}}],"collection":[{"href":"https:\/\/bereketshop.com.mx\/index.php\/wp-json\/wp\/v2\/product"}],"about":[{"href":"https:\/\/bereketshop.com.mx\/index.php\/wp-json\/wp\/v2\/types\/product"}],"replies":[{"embeddable":true,"href":"https:\/\/bereketshop.com.mx\/index.php\/wp-json\/wp\/v2\/comments?post=7777"}],"wp:featuredmedia":[{"embeddable":true,"href":"https:\/\/bereketshop.com.mx\/index.php\/wp-json\/wp\/v2\/media\/7780"}],"wp:attachment":[{"href":"https:\/\/bereketshop.com.mx\/index.php\/wp-json\/wp\/v2\/media?parent=7777"}],"wp:term":[{"taxonomy":"product_cat","embeddable":true,"href":"https:\/\/bereketshop.com.mx\/index.php\/wp-json\/wp\/v2\/product_cat?post=7777"},{"taxonomy":"product_tag","embeddable":true,"href":"https:\/\/bereketshop.com.mx\/index.php\/wp-json\/wp\/v2\/product_tag?post=7777"}],"curies":[{"name":"wp","href":"https:\/\/api.w.org\/{rel}","templated":true}]}}