{"id":7894,"date":"2025-01-14T19:49:44","date_gmt":"2025-01-14T18:49:44","guid":{"rendered":"https:\/\/bereketshop.com.mx\/?post_type=product&#038;p=7894"},"modified":"2025-01-14T19:49:44","modified_gmt":"2025-01-14T18:49:44","slug":"juego-de-te-para-ninas-en-maletin-set-de-46-piezas-completo-para-pequenas-anfitrionas","status":"publish","type":"product","link":"https:\/\/bereketshop.com.mx\/index.php\/product\/juego-de-te-para-ninas-en-maletin-set-de-46-piezas-completo-para-pequenas-anfitrionas\/","title":{"rendered":"Juego de T\u00e9 para Ni\u00f1as en Malet\u00edn Set De 46 Piezas Completo Para Peque\u00f1as Anfitrionas"},"content":{"rendered":"<h5>Caracter\u00edsticas:<\/h5>\n<p>Malet\u00edn Pr\u00e1ctico: Incluye un malet\u00edn ligero y port\u00e1til que facilita su transporte y almacenamiento. Al abrir la maleta, se revela un exquisito juego de t\u00e9 que incluye delicadas tazas, una elegante tetera y un plato de presentaci\u00f3n, todo adornado con intrincados dise\u00f1os que a\u00f1aden un toque de encanto.<br \/>\nAdem\u00e1s, la maleta est\u00e1 equipada con un espacio adicional que alberga una variedad de simuladores de pasteles, cuidadosamente seleccionados para complementar la experiencia del t\u00e9.<br \/>\nMateriales Seguros: Fabricado con lata y pl\u00e1stico de alta calidad, libre de BPA, seguro para los ni\u00f1os.<br \/>\nDise\u00f1o Colorido: Atractivos colores y dibujos que capturan la atenci\u00f3n de las peque\u00f1as.<br \/>\nFomenta la Imaginaci\u00f3n: Perfecto para juegos de rol, ayuda a desarrollar la creatividad y habilidades sociales de las ni\u00f1as.<br \/>\nRegalo Ideal: Perfecto para cumplea\u00f1os, fiestas o cualquier ocasi\u00f3n especial.<br \/>\n&#8211; &#8211; &#8211; &#8211; &#8211; &#8211; &#8211; &#8211; &#8211; &#8211; &#8211; &#8211; &#8211; &#8211; &#8211; &#8211; &#8211; &#8211; &#8211; &#8211; &#8211; &#8211; &#8211; &#8211; &#8211; &#8211;<br \/>\nEspecificaciones:<br \/>\nDimensiones del Malet\u00edn: 30 cm x 20 cm x 8 cm (aproximadamente).<br \/>\nDimensiones de los Accesorios: Tazas de 6 cm de altura, platillos de 10 cm de di\u00e1metro.<br \/>\nEdad Recomendada: A partir de 3 a\u00f1os.<br \/>\nColores Disponibles: Rosa dise\u00f1o de Gato, azul dise\u00f1o de delf\u00edn , blanco dise\u00f1o de flores vintage.<br \/>\nN\u00famero de Piezas: 46 piezas en total, incluyendo malet\u00edn.<br \/>\n&#8211; &#8211; &#8211; &#8211; &#8211; &#8211; &#8211; &#8211; &#8211; &#8211; &#8211; &#8211; &#8211; &#8211; &#8211; &#8211; &#8211; &#8211; &#8211; &#8211; &#8211; &#8211; &#8211; &#8211; &#8211; &#8211;<br \/>\nCuidados:<br \/>\nF\u00e1cil de Limpiar: Todos los componentes se pueden limpiar con un pa\u00f1o h\u00famedo, ideales para el juego diario.<br \/>\n&#8211; &#8211; &#8211; &#8211; &#8211; &#8211; &#8211; &#8211; &#8211; &#8211; &#8211; &#8211; &#8211; &#8211; &#8211; &#8211; &#8211; &#8211; &#8211; &#8211; &#8211; &#8211; &#8211; &#8211; &#8211;<br \/>\nLo Que Incluye Mi Compra:<br \/>\n1 Malet\u00edn de juego de t\u00e9 que contiene 46 piezas<\/p>\n","protected":false},"excerpt":{"rendered":"<p style=\"text-align: center;\">Juego de T\u00e9 para Ni\u00f1as en Malet\u00edn Set De 46 Piezas Completo Para Peque\u00f1as Anfitrionas\u00a0|La maleta est\u00e1 equipada con un espacio adicional que alberga una variedad de simuladores de pasteles, cuidadosamente seleccionados para complementar la experiencia del t\u00e9.<\/p>\n","protected":false},"featured_media":7898,"comment_status":"open","ping_status":"closed","template":"","meta":{"_joinchat":[]},"product_cat":[255,99],"product_tag":[],"class_list":{"0":"post-7894","1":"product","2":"type-product","3":"status-publish","4":"has-post-thumbnail","6":"product_cat-255","7":"product_cat-juguetes","9":"first","10":"instock","11":"sale","12":"shipping-taxable","13":"purchasable","14":"product-type-variable"},"_links":{"self":[{"href":"https:\/\/bereketshop.com.mx\/index.php\/wp-json\/wp\/v2\/product\/7894","targetHints":{"allow":["GET"]}}],"collection":[{"href":"https:\/\/bereketshop.com.mx\/index.php\/wp-json\/wp\/v2\/product"}],"about":[{"href":"https:\/\/bereketshop.com.mx\/index.php\/wp-json\/wp\/v2\/types\/product"}],"replies":[{"embeddable":true,"href":"https:\/\/bereketshop.com.mx\/index.php\/wp-json\/wp\/v2\/comments?post=7894"}],"wp:featuredmedia":[{"embeddable":true,"href":"https:\/\/bereketshop.com.mx\/index.php\/wp-json\/wp\/v2\/media\/7898"}],"wp:attachment":[{"href":"https:\/\/bereketshop.com.mx\/index.php\/wp-json\/wp\/v2\/media?parent=7894"}],"wp:term":[{"taxonomy":"product_cat","embeddable":true,"href":"https:\/\/bereketshop.com.mx\/index.php\/wp-json\/wp\/v2\/product_cat?post=7894"},{"taxonomy":"product_tag","embeddable":true,"href":"https:\/\/bereketshop.com.mx\/index.php\/wp-json\/wp\/v2\/product_tag?post=7894"}],"curies":[{"name":"wp","href":"https:\/\/api.w.org\/{rel}","templated":true}]}}