{"id":8255,"date":"2025-01-16T16:40:01","date_gmt":"2025-01-16T15:40:01","guid":{"rendered":"https:\/\/bereketshop.com.mx\/?post_type=product&#038;p=8255"},"modified":"2025-04-09T22:48:28","modified_gmt":"2025-04-09T20:48:28","slug":"tablero-para-dibujar-y-boligrafo-para-ninos-y-ninas","status":"publish","type":"product","link":"https:\/\/bereketshop.com.mx\/index.php\/product\/tablero-para-dibujar-y-boligrafo-para-ninos-y-ninas\/","title":{"rendered":"Tablero Para Dibujar y Bol\u00edgrafo Para Ni\u00f1os y Ni\u00f1as"},"content":{"rendered":"<h4>Caracter\u00edsticas:<\/h4>\n<p>El Pizarr\u00f3n M\u00e1gico de Dibujo y Pintura es una herramienta creativa dise\u00f1ada para estimular la imaginaci\u00f3n y el desarrollo art\u00edstico de los m\u00e1s peque\u00f1os.<br \/>\nEste pizarr\u00f3n cuenta con una superficie amplia y lisa que permite a los ni\u00f1os dibujar y pintar con facilidad, utilizando una variedad de colores vibrantes y formas divertidas.<br \/>\nSu dise\u00f1o ergon\u00f3mico y ligero facilita su transporte, lo que lo convierte en el compa\u00f1ero ideal para actividades en casa, en la escuela o al aire libre.<br \/>\nAdem\u00e1s, la superficie es f\u00e1cil de limpiar, lo que permite que los ni\u00f1os experimenten sin preocupaciones, fomentando as\u00ed su creatividad y expresi\u00f3n personal.<br \/>\nEste producto no solo es una excelente opci\u00f3n para el entretenimiento, sino que tambi\u00e9n contribuye al desarrollo de habilidades motoras finas y la coordinaci\u00f3n mano-ojo.<br \/>\n&#8211; &#8211; &#8211; &#8211; &#8211; &#8211; &#8211; &#8211; &#8211; &#8211; &#8211; &#8211; &#8211; &#8211; &#8211; &#8211; &#8211; &#8211; &#8211; &#8211; &#8211; &#8211; &#8211; &#8211; &#8211; &#8211;<br \/>\nEspecificaciones:<br \/>\nMaterial: Generalmente hechos de pl\u00e1stico no t\u00f3xico, seguro para los ni\u00f1os.<br \/>\nAccesorios Incluidos: Viene con un l\u00e1piz m\u00e1gico, borradores de equina a esquina y formas para una experiencia completa.<br \/>\nRecomendado para Edades: Dise\u00f1ados especialmente para ni\u00f1os, suelen ser apropiados a partir de los 3 a\u00f1os.<br \/>\n&#8211; &#8211; &#8211; &#8211; &#8211; &#8211; &#8211; &#8211; &#8211; &#8211; &#8211; &#8211; &#8211; &#8211; &#8211; &#8211; &#8211; &#8211; &#8211; &#8211; &#8211; &#8211; &#8211; &#8211; &#8211; &#8211;<br \/>\nCuidados:<br \/>\nLimpieza: Limpiar con un pa\u00f1o seco<br \/>\n&#8211; &#8211; &#8211; &#8211; &#8211; &#8211; &#8211; &#8211; &#8211; &#8211; &#8211; &#8211; &#8211; &#8211; &#8211; &#8211; &#8211; &#8211; &#8211; &#8211; &#8211; &#8211; &#8211; &#8211; &#8211;<br \/>\nLo Que Incluye Mi Compra:<br \/>\n1 Pizarr\u00f3n M\u00e1gico<\/p>\n","protected":false},"excerpt":{"rendered":"<p style=\"text-align: center;\">Tablero Para Dibujar y Bol\u00edgrafo Para Ni\u00f1os y Ni\u00f1as | El Pizarr\u00f3n M\u00e1gico de Dibujo y Pintura es una herramienta creativa dise\u00f1ada para estimular la imaginaci\u00f3n y el desarrollo art\u00edstico de los m\u00e1s peque\u00f1os.<\/p>\n","protected":false},"featured_media":8262,"comment_status":"open","ping_status":"closed","template":"","meta":{"_joinchat":[]},"product_cat":[255,99],"product_tag":[],"class_list":{"0":"post-8255","1":"product","2":"type-product","3":"status-publish","4":"has-post-thumbnail","6":"product_cat-255","7":"product_cat-juguetes","9":"first","10":"outofstock","11":"sale","12":"shipping-taxable","13":"purchasable","14":"product-type-variable"},"_links":{"self":[{"href":"https:\/\/bereketshop.com.mx\/index.php\/wp-json\/wp\/v2\/product\/8255","targetHints":{"allow":["GET"]}}],"collection":[{"href":"https:\/\/bereketshop.com.mx\/index.php\/wp-json\/wp\/v2\/product"}],"about":[{"href":"https:\/\/bereketshop.com.mx\/index.php\/wp-json\/wp\/v2\/types\/product"}],"replies":[{"embeddable":true,"href":"https:\/\/bereketshop.com.mx\/index.php\/wp-json\/wp\/v2\/comments?post=8255"}],"wp:featuredmedia":[{"embeddable":true,"href":"https:\/\/bereketshop.com.mx\/index.php\/wp-json\/wp\/v2\/media\/8262"}],"wp:attachment":[{"href":"https:\/\/bereketshop.com.mx\/index.php\/wp-json\/wp\/v2\/media?parent=8255"}],"wp:term":[{"taxonomy":"product_cat","embeddable":true,"href":"https:\/\/bereketshop.com.mx\/index.php\/wp-json\/wp\/v2\/product_cat?post=8255"},{"taxonomy":"product_tag","embeddable":true,"href":"https:\/\/bereketshop.com.mx\/index.php\/wp-json\/wp\/v2\/product_tag?post=8255"}],"curies":[{"name":"wp","href":"https:\/\/api.w.org\/{rel}","templated":true}]}}