{"id":8293,"date":"2025-02-22T00:56:20","date_gmt":"2025-02-21T23:56:20","guid":{"rendered":"https:\/\/bereketshop.com.mx\/?post_type=product&#038;p=8293"},"modified":"2025-04-06T19:58:48","modified_gmt":"2025-04-06T17:58:48","slug":"juguete-interactivo-de-frutas-o-vegetales-de-madera-para-aprender-jugando","status":"publish","type":"product","link":"https:\/\/bereketshop.com.mx\/index.php\/product\/juguete-interactivo-de-frutas-o-vegetales-de-madera-para-aprender-jugando\/","title":{"rendered":"Juguete Interactivo de Frutas o Vegetales de Madera para Aprender Jugando"},"content":{"rendered":"<p>Caracter\u00edsticas:<\/p>\n<p>Este encantador juguete de verduras y frutas de madera es una recreaci\u00f3n perfecta para el juego imaginativo de los m\u00e1s peque\u00f1os.<br \/>\nPresenta una hermosa cesta de madera, meticulosamente elaborada, que contiene una variedad de frutas y verduras a seleccionar de colores vibrantes, cada una dise\u00f1ada con atenci\u00f3n al detalle para simular la apariencia real de los productos frescos.<br \/>\nEste juguete no solo fomenta la creatividad y el juego simb\u00f3lico, sino que tambi\u00e9n ayuda a los ni\u00f1os a aprender sobre la alimentaci\u00f3n saludable y la importancia de las frutas y verduras en su dieta.<br \/>\nLa cesta es lo suficientemente resistente para soportar el uso diario y est\u00e1 dise\u00f1ada para ser segura para los ni\u00f1os, sin bordes afilados ni piezas peque\u00f1as que puedan representar un peligro. Ideal para juegos en solitario o en grupo, este juguete de verduras de madera es una excelente herramienta educativa que proporciona horas de diversi\u00f3n y aprendizaje.<br \/>\n&#8211; &#8211; &#8211; &#8211; &#8211; &#8211; &#8211; &#8211; &#8211; &#8211; &#8211; &#8211; &#8211; &#8211; &#8211; &#8211; &#8211; &#8211; &#8211; &#8211; &#8211; &#8211; &#8211; &#8211; &#8211; &#8211;<br \/>\nEspecificaciones:<\/p>\n<p>Descubre el divertido Juguete Interactivo de Frutas de Madera, dise\u00f1ado especialmente para estimular el aprendizaje y la creatividad en los m\u00e1s peque\u00f1os.<br \/>\nCon un total de 12 piezas coloridas y realistas, este juguete no solo entretiene, sino que tambi\u00e9n ense\u00f1a a los ni\u00f1os sobre diferentes tipos de frutas, sus colores y formas.<br \/>\nCada pieza es f\u00e1cil de manipular y est\u00e1 fabricada con madera de alta calidad.<br \/>\nIdeal para fomentar habilidades motoras, la coordinaci\u00f3n mano-ojo y el trabajo en equipo, este juguete es perfecto para actividades en familia o en grupo, convirtiendo el aprendizaje en una experiencia l\u00fadica e inolvidable.<br \/>\n&#8211; &#8211; &#8211; &#8211; &#8211; &#8211; &#8211; &#8211; &#8211; &#8211; &#8211; &#8211; &#8211; &#8211; &#8211; &#8211; &#8211; &#8211; &#8211; &#8211; &#8211; &#8211; &#8211; &#8211; &#8211; &#8211;<br \/>\nCuidados:<\/p>\n<p>Limpiar con trapo seco.<br \/>\n&#8211; &#8211; &#8211; &#8211; &#8211; &#8211; &#8211; &#8211; &#8211; &#8211; &#8211; &#8211; &#8211; &#8211; &#8211; &#8211; &#8211; &#8211; &#8211; &#8211; &#8211; &#8211; &#8211; &#8211; &#8211;<br \/>\nLo Que Incluye Mi Compra:<br \/>\n1 canasta con 12 frutas de Madera o Canasta de Vegetales a escoger<\/p>\n","protected":false},"excerpt":{"rendered":"<p style=\"text-align: center;\">Este encantador juguete de verduras o frutas de madera es una recreaci\u00f3n perfecta para el juego imaginativo | de los m\u00e1s peque\u00f1os |<br \/>\nPresenta una hermosa cesta de madera |\u00a0 contiene una variedad de frutas y verduras a seleccionar de colores vibrantes\u00a0 |<\/p>\n","protected":false},"featured_media":8296,"comment_status":"open","ping_status":"closed","template":"","meta":{"_joinchat":[]},"product_cat":[253,99],"product_tag":[],"class_list":{"0":"post-8293","1":"product","2":"type-product","3":"status-publish","4":"has-post-thumbnail","6":"product_cat-253","7":"product_cat-juguetes","9":"first","10":"instock","11":"sale","12":"shipping-taxable","13":"purchasable","14":"product-type-variable"},"_links":{"self":[{"href":"https:\/\/bereketshop.com.mx\/index.php\/wp-json\/wp\/v2\/product\/8293","targetHints":{"allow":["GET"]}}],"collection":[{"href":"https:\/\/bereketshop.com.mx\/index.php\/wp-json\/wp\/v2\/product"}],"about":[{"href":"https:\/\/bereketshop.com.mx\/index.php\/wp-json\/wp\/v2\/types\/product"}],"replies":[{"embeddable":true,"href":"https:\/\/bereketshop.com.mx\/index.php\/wp-json\/wp\/v2\/comments?post=8293"}],"wp:featuredmedia":[{"embeddable":true,"href":"https:\/\/bereketshop.com.mx\/index.php\/wp-json\/wp\/v2\/media\/8296"}],"wp:attachment":[{"href":"https:\/\/bereketshop.com.mx\/index.php\/wp-json\/wp\/v2\/media?parent=8293"}],"wp:term":[{"taxonomy":"product_cat","embeddable":true,"href":"https:\/\/bereketshop.com.mx\/index.php\/wp-json\/wp\/v2\/product_cat?post=8293"},{"taxonomy":"product_tag","embeddable":true,"href":"https:\/\/bereketshop.com.mx\/index.php\/wp-json\/wp\/v2\/product_tag?post=8293"}],"curies":[{"name":"wp","href":"https:\/\/api.w.org\/{rel}","templated":true}]}}