{"id":8326,"date":"2025-03-09T23:53:31","date_gmt":"2025-03-09T22:53:31","guid":{"rendered":"https:\/\/bereketshop.com.mx\/?post_type=product&#038;p=8326"},"modified":"2025-04-06T19:58:17","modified_gmt":"2025-04-06T17:58:17","slug":"enchufe-multiple-con-2-usb-2-salidas-regleta-multicontactos-pared-clavija","status":"publish","type":"product","link":"https:\/\/bereketshop.com.mx\/index.php\/product\/enchufe-multiple-con-2-usb-2-salidas-regleta-multicontactos-pared-clavija\/","title":{"rendered":"Enchufe Multiple con 2 USB 2 salidas Regleta Multicontactos Pared Clavija"},"content":{"rendered":"<h5><span data-sheets-root=\"1\">Caracter\u00edsticas:<\/span><\/h5>\n<p><span data-sheets-root=\"1\"><br \/>\nEnchufe de pared de Salida M\u00faltiple: La regleta de alimentaci\u00f3n USB ampliamente espaciada dise\u00f1ada para acomodar 4 enchufes simult\u00e1neamente sin bloqueo, acepta enchufe de 3 clavijas planas est\u00e1ndar de Am\u00e9rica del Norte, adecuado para la mayor\u00eda de los dispositivos como tel\u00e9fonos m\u00f3viles, tabletas y otros dispositivos electr\u00f3nicos sin una variedad de convertidores<br \/>\nProtecci\u00f3n Contra Sobretensiones: La regleta de alimentaci\u00f3n USB proporciona 2 salidas de CA (10 A\/100-125 V\/2000 W), 2 puertos de cargador inteligente USB-A (salida total de 5 V\/3 CC, 4 A). La regleta con protector contra sobretensiones incorporado y m\u00f3dulo de seguridad m\u00faltiple protege sus dispositivos electr\u00f3nicos<br \/>\nEstaci\u00f3n de Carga USB: El extensor de enchufe proporciona una alternativa conveniente a una tira de alimentaci\u00f3n voluminosa, enchufe multiple lo que te da un lugar limpio y ordenado, este enchufe m\u00faltiple es peque\u00f1o, lo que hace que sea adecuado tanto para recept\u00e1culos GFCI como est\u00e1ndar<br \/>\n&#8211; &#8211; &#8211; &#8211; &#8211; &#8211; &#8211; &#8211; &#8211; &#8211; &#8211; &#8211; &#8211; &#8211; &#8211; &#8211; &#8211; &#8211; &#8211; &#8211; &#8211; &#8211; &#8211; &#8211; &#8211; &#8211;<br \/>\nEspecificaciones:<br \/>\nCompacto y Port\u00e1til: La peque\u00f1a regleta se adapta perfectamente a su escritorio, mesita de noche o tocador en casa y limpia todo el caos de los cables. Tama\u00f1o peque\u00f1o tambi\u00e9n, m\u00e1s compacto, tama\u00f1o mini y dise\u00f1o compacto para caber en el equipaje y el malet\u00edn durante su viaje al aire libre<br \/>\nLo Que Obtienes: 1 tira de Adaptador de enchufe de salida USB, 1 adaptador USB C hembra a USB macho, obtendr\u00e1s 12 meses de servicio al cliente amigable y sin preocupaciones<br \/>\n&#8211; &#8211; &#8211; &#8211; &#8211; &#8211; &#8211; &#8211; &#8211; &#8211; &#8211; &#8211; &#8211; &#8211; &#8211; &#8211; &#8211; &#8211; &#8211; &#8211; &#8211; &#8211; &#8211; &#8211; &#8211; &#8211;<br \/>\nCuidados:<br \/>\nLimpiar con trapo seco<br \/>\n&#8211; &#8211; &#8211; &#8211; &#8211; &#8211; &#8211; &#8211; &#8211; &#8211; &#8211; &#8211; &#8211; &#8211; &#8211; &#8211; &#8211; &#8211; &#8211; &#8211; &#8211; &#8211; &#8211; &#8211; &#8211;<br \/>\nLo Que Incluye Mi Compra:<br \/>\n1 enchufe cargador de 2 salidas y 2 puertos USB clavija de 3 para pared<br \/>\n&#8211; &#8211; &#8211; &#8211; &#8211; &#8211; &#8211; &#8211; &#8211; &#8211; &#8211; &#8211; &#8211; &#8211; &#8211; &#8211; &#8211; &#8211; &#8211; &#8211; &#8211; &#8211; &#8211; &#8211; &#8211; &#8211;<\/span><\/p>\n<p>&nbsp;<\/p>\n","protected":false},"excerpt":{"rendered":"<p style=\"text-align: center;\"><span data-sheets-root=\"1\">La peque\u00f1a regleta se adapta perfectamente a su escritorio | mesita de noche | tocador en casa | limpia todo el caos de los cables |Tama\u00f1o peque\u00f1o tambi\u00e9n |m\u00e1s compacto |tama\u00f1o mini y dise\u00f1o compacto\u00a0<\/span><\/p>\n","protected":false},"featured_media":8327,"comment_status":"open","ping_status":"closed","template":"","meta":{"_joinchat":[]},"product_cat":[255,59],"product_tag":[],"class_list":{"0":"post-8326","1":"product","2":"type-product","3":"status-publish","4":"has-post-thumbnail","6":"product_cat-255","7":"product_cat-hogar","9":"first","10":"instock","11":"sale","12":"shipping-taxable","13":"purchasable","14":"product-type-simple"},"_links":{"self":[{"href":"https:\/\/bereketshop.com.mx\/index.php\/wp-json\/wp\/v2\/product\/8326","targetHints":{"allow":["GET"]}}],"collection":[{"href":"https:\/\/bereketshop.com.mx\/index.php\/wp-json\/wp\/v2\/product"}],"about":[{"href":"https:\/\/bereketshop.com.mx\/index.php\/wp-json\/wp\/v2\/types\/product"}],"replies":[{"embeddable":true,"href":"https:\/\/bereketshop.com.mx\/index.php\/wp-json\/wp\/v2\/comments?post=8326"}],"wp:featuredmedia":[{"embeddable":true,"href":"https:\/\/bereketshop.com.mx\/index.php\/wp-json\/wp\/v2\/media\/8327"}],"wp:attachment":[{"href":"https:\/\/bereketshop.com.mx\/index.php\/wp-json\/wp\/v2\/media?parent=8326"}],"wp:term":[{"taxonomy":"product_cat","embeddable":true,"href":"https:\/\/bereketshop.com.mx\/index.php\/wp-json\/wp\/v2\/product_cat?post=8326"},{"taxonomy":"product_tag","embeddable":true,"href":"https:\/\/bereketshop.com.mx\/index.php\/wp-json\/wp\/v2\/product_tag?post=8326"}],"curies":[{"name":"wp","href":"https:\/\/api.w.org\/{rel}","templated":true}]}}