{"id":8378,"date":"2025-03-11T20:50:24","date_gmt":"2025-03-11T19:50:24","guid":{"rendered":"https:\/\/bereketshop.com.mx\/?post_type=product&#038;p=8378"},"modified":"2025-04-06T19:57:06","modified_gmt":"2025-04-06T17:57:06","slug":"2-escultura-decorativa-de-conejos-con-2-libros-para-adornar-espacios","status":"publish","type":"product","link":"https:\/\/bereketshop.com.mx\/index.php\/product\/2-escultura-decorativa-de-conejos-con-2-libros-para-adornar-espacios\/","title":{"rendered":"2 Escultura Decorativa De Conejos Con 2 Libros  Para Adornar Espacios"},"content":{"rendered":"<h5>Caracter\u00edsticas:<\/h5>\n<p>La escultura de los conejos y los libros es perfecta para quienes buscan a\u00f1adir un toque de elegancia y originalidad a su decoraci\u00f3n.<br \/>\nDise\u00f1o \u00danico: Conjunto de 2 esculturas de conejos elaboradas con detalles intrincados que capturan la esencia de la naturaleza.<br \/>\nMaterial Duradero: Hechas de resina de alta calidad, garantizando larga duraci\u00f3n y resistencia a los elementos.<br \/>\nLibro Decorativo: Incluye 2 libros de decorado que fusionan arte y funci\u00f3n, perfectos para embellecer cualquier espacio.<br \/>\nVersatilidad: Ideal para cualquier \u00e1rea del hogar, desde la sala de estar hasta el despacho, aportando un toque de sofisticaci\u00f3n.<br \/>\nColores Neutros: Presenta tonos suaves que se adaptan a cualquier esquema de color interior.<br \/>\n&#8211; &#8211; &#8211; &#8211; &#8211; &#8211; &#8211; &#8211; &#8211; &#8211; &#8211; &#8211; &#8211; &#8211; &#8211; &#8211; &#8211; &#8211; &#8211; &#8211; &#8211; &#8211; &#8211; &#8211; &#8211; &#8211;<br \/>\nEspecificaciones:<br \/>\nMaterial: Resina de alta calidad, sin plomo y segura para el medio ambiente.<br \/>\nUso: Ideal para decoraci\u00f3n de jardines, patios, oficinas y hogares.<br \/>\nEstilo: Moderno y contempor\u00e1neo<br \/>\n&#8211; &#8211; &#8211; &#8211; &#8211; &#8211; &#8211; &#8211; &#8211; &#8211; &#8211; &#8211; &#8211; &#8211; &#8211; &#8211; &#8211; &#8211; &#8211; &#8211; &#8211; &#8211; &#8211; &#8211; &#8211; &#8211;<br \/>\nCuidados:<br \/>\nLimpieza: Limpiar con un pa\u00f1o suave y seco para retirar el polvo y evitar el uso de productos qu\u00edmicos agresivos.<br \/>\nUbicaci\u00f3n: Evitar la exposici\u00f3n directa a la luz solar para prevenir decoloraci\u00f3n de los colores.<br \/>\nAlmacenamiento: Si no se usan, guardar en un lugar seco y fresco. Evitar la humedad profunda que pueda afectar los materiales.<br \/>\nMantenimiento de Esculturas: Revisar peri\u00f3dicamente para asegurarse de que no haya fisuras o da\u00f1os, y repararlas de inmediato si es necesario.<br \/>\n&#8211; &#8211; &#8211; &#8211; &#8211; &#8211; &#8211; &#8211; &#8211; &#8211; &#8211; &#8211; &#8211; &#8211; &#8211; &#8211; &#8211; &#8211; &#8211; &#8211; &#8211; &#8211; &#8211; &#8211; &#8211;<br \/>\nLo Que Incluye Mi Compra:<br \/>\n2 escultura Decorativa De Conejos<br \/>\n2 libros Decorativos<\/p>\n","protected":false},"excerpt":{"rendered":"<p style=\"text-align: center;\">La escultura de los conejos y los libros |\u00a0 es perfecta para quienes buscan a\u00f1adir un toque de elegancia |\u00a0 originalidad a su decoraci\u00f3n.<\/p>\n","protected":false},"featured_media":8379,"comment_status":"open","ping_status":"closed","template":"","meta":{"_joinchat":[]},"product_cat":[255,59],"product_tag":[],"class_list":{"0":"post-8378","1":"product","2":"type-product","3":"status-publish","4":"has-post-thumbnail","6":"product_cat-255","7":"product_cat-hogar","9":"first","10":"instock","11":"sale","12":"shipping-taxable","13":"purchasable","14":"product-type-simple"},"_links":{"self":[{"href":"https:\/\/bereketshop.com.mx\/index.php\/wp-json\/wp\/v2\/product\/8378","targetHints":{"allow":["GET"]}}],"collection":[{"href":"https:\/\/bereketshop.com.mx\/index.php\/wp-json\/wp\/v2\/product"}],"about":[{"href":"https:\/\/bereketshop.com.mx\/index.php\/wp-json\/wp\/v2\/types\/product"}],"replies":[{"embeddable":true,"href":"https:\/\/bereketshop.com.mx\/index.php\/wp-json\/wp\/v2\/comments?post=8378"}],"wp:featuredmedia":[{"embeddable":true,"href":"https:\/\/bereketshop.com.mx\/index.php\/wp-json\/wp\/v2\/media\/8379"}],"wp:attachment":[{"href":"https:\/\/bereketshop.com.mx\/index.php\/wp-json\/wp\/v2\/media?parent=8378"}],"wp:term":[{"taxonomy":"product_cat","embeddable":true,"href":"https:\/\/bereketshop.com.mx\/index.php\/wp-json\/wp\/v2\/product_cat?post=8378"},{"taxonomy":"product_tag","embeddable":true,"href":"https:\/\/bereketshop.com.mx\/index.php\/wp-json\/wp\/v2\/product_tag?post=8378"}],"curies":[{"name":"wp","href":"https:\/\/api.w.org\/{rel}","templated":true}]}}