{"id":8407,"date":"2025-03-11T21:32:09","date_gmt":"2025-03-11T20:32:09","guid":{"rendered":"https:\/\/bereketshop.com.mx\/?post_type=product&#038;p=8407"},"modified":"2025-04-09T22:47:47","modified_gmt":"2025-04-09T20:47:47","slug":"mini-conejos-galvanizados-dos-piezas-para-espacios-exteriores-e-interiores","status":"publish","type":"product","link":"https:\/\/bereketshop.com.mx\/index.php\/product\/mini-conejos-galvanizados-dos-piezas-para-espacios-exteriores-e-interiores\/","title":{"rendered":"Mini Conejos Galvanizados Dos Piezas Para Espacios Exteriores e Interiores"},"content":{"rendered":"<h5>Caracter\u00edsticas:<\/h5>\n<p>&nbsp;<\/p>\n<p>Dise\u00f1o Encantador: Estos mini conejos cuentan con un dise\u00f1o encantador que a\u00f1ade un toque sofisticado a cualquier ambiente.<br \/>\nMaterial Galvanizado: Fabricados en material galvanizado, resisten la corrosi\u00f3n y las inclemencias del tiempo, ideales para uso exterior e interior.<br \/>\nLigereza y Portabilidad: Pesan poco, lo que permite moverlos f\u00e1cilmente y adaptarlos a diferentes espacios seg\u00fan tus necesidades.<br \/>\nDos Piezas: La colecci\u00f3n incluye dos adorables conejos que complementan cualquier decoraci\u00f3n, tanto en el jard\u00edn como en interiores.<br \/>\nAcabado Elegante: Su acabado pulido proporciona un brillo atractivo que capta la atenci\u00f3n sin resultar abrumador.<br \/>\n&#8211; &#8211; &#8211; &#8211; &#8211; &#8211; &#8211; &#8211; &#8211; &#8211; &#8211; &#8211; &#8211; &#8211; &#8211; &#8211; &#8211; &#8211; &#8211; &#8211; &#8211; &#8211; &#8211; &#8211; &#8211; &#8211;<br \/>\nEspecificaciones:<br \/>\nDimensiones: Conejo sentado 7 cm altura y Conejo Recostado 6 cm altura .<br \/>\nPeso: Cada pieza pesa alrededor de 50 gramos.<br \/>\nMaterial: pl\u00e1stico galvanizado de alta calidad.<br \/>\nColores Disponibles: Plata brillante, dorado brillante.<br \/>\nUso: Adecuado para interiores, jardines, terrazas y balcones, oficina, autom\u00f3vil, espacios de casa, decoraci\u00f3n de fiestas.<br \/>\n&#8211; &#8211; &#8211; &#8211; &#8211; &#8211; &#8211; &#8211; &#8211; &#8211; &#8211; &#8211; &#8211; &#8211; &#8211; &#8211; &#8211; &#8211; &#8211; &#8211; &#8211; &#8211; &#8211; &#8211; &#8211; &#8211;<br \/>\nCuidados:<br \/>\nLimpieza Regular: Para mantener su brillo, limpia los conejos con un pa\u00f1o h\u00famedo y jab\u00f3n suave de forma regular.<br \/>\nProtecci\u00f3n ante Intemperie: Aunque son resistentes al agua, en climas muy h\u00famedos o corrosivos, se recomienda aplicar un sellador para mayor protecci\u00f3n.<br \/>\nEvitar Golpes: Aseg\u00farate de ubicarlos en lugares donde no puedan ser golpeados o caigan, para evitar da\u00f1os.<br \/>\nAlmacenaje: Si se utilizan en interiores, gu\u00e1rdalos en un lugar seco y fresco para prevenir el desgaste.<br \/>\n&#8211; &#8211; &#8211; &#8211; &#8211; &#8211; &#8211; &#8211; &#8211; &#8211; &#8211; &#8211; &#8211; &#8211; &#8211; &#8211; &#8211; &#8211; &#8211; &#8211; &#8211; &#8211; &#8211; &#8211; &#8211;<br \/>\nLo Que Incluye Mi Compra:<br \/>\n2 Mini Conejos Galvanizados<\/p>\n","protected":false},"excerpt":{"rendered":"<p style=\"text-align: center;\">La colecci\u00f3n incluye dos adorables conejos que complementan cualquier decoraci\u00f3n | tanto en el jard\u00edn como en interiores.<\/p>\n","protected":false},"featured_media":8411,"comment_status":"open","ping_status":"closed","template":"","meta":{"_joinchat":[]},"product_cat":[255,59],"product_tag":[],"class_list":{"0":"post-8407","1":"product","2":"type-product","3":"status-publish","4":"has-post-thumbnail","6":"product_cat-255","7":"product_cat-hogar","9":"first","10":"outofstock","11":"sale","12":"shipping-taxable","13":"purchasable","14":"product-type-variable"},"_links":{"self":[{"href":"https:\/\/bereketshop.com.mx\/index.php\/wp-json\/wp\/v2\/product\/8407","targetHints":{"allow":["GET"]}}],"collection":[{"href":"https:\/\/bereketshop.com.mx\/index.php\/wp-json\/wp\/v2\/product"}],"about":[{"href":"https:\/\/bereketshop.com.mx\/index.php\/wp-json\/wp\/v2\/types\/product"}],"replies":[{"embeddable":true,"href":"https:\/\/bereketshop.com.mx\/index.php\/wp-json\/wp\/v2\/comments?post=8407"}],"wp:featuredmedia":[{"embeddable":true,"href":"https:\/\/bereketshop.com.mx\/index.php\/wp-json\/wp\/v2\/media\/8411"}],"wp:attachment":[{"href":"https:\/\/bereketshop.com.mx\/index.php\/wp-json\/wp\/v2\/media?parent=8407"}],"wp:term":[{"taxonomy":"product_cat","embeddable":true,"href":"https:\/\/bereketshop.com.mx\/index.php\/wp-json\/wp\/v2\/product_cat?post=8407"},{"taxonomy":"product_tag","embeddable":true,"href":"https:\/\/bereketshop.com.mx\/index.php\/wp-json\/wp\/v2\/product_tag?post=8407"}],"curies":[{"name":"wp","href":"https:\/\/api.w.org\/{rel}","templated":true}]}}