{"id":8677,"date":"2025-04-06T00:44:17","date_gmt":"2025-04-05T22:44:17","guid":{"rendered":"https:\/\/bereketshop.com.mx\/?post_type=product&#038;p=8677"},"modified":"2025-04-06T00:53:08","modified_gmt":"2025-04-05T22:53:08","slug":"pelota-de-entrenamiento-con-sonajero-para-pequenos-juguete-interactivo","status":"publish","type":"product","link":"https:\/\/bereketshop.com.mx\/index.php\/product\/pelota-de-entrenamiento-con-sonajero-para-pequenos-juguete-interactivo\/","title":{"rendered":"Pelota De Entrenamiento Con Sonajero Para Peque\u00f1os Juguete Interactivo"},"content":{"rendered":"<p>Caracter\u00edsticas:<\/p>\n<p>Vibrante bola de entrenamiento, dise\u00f1ada especialmente para la educaci\u00f3n temprana Montessori.<br \/>\nSuave y Seguro: Fabricado con materiales de peluche de alta calidad, es perfecto para las suaves manitas de los beb\u00e9s y totalmente seguro para jugar.<br \/>\nSonido Divertido: Equipada con un sonajero interior que estimula los sentidos auditivos, manteniendo al beb\u00e9 entretenido y curioso.<br \/>\nDise\u00f1o Atractivo: Con colores vibrantes y formas encantadoras, esta bola de juego capta la atenci\u00f3n de los m\u00e1s peque\u00f1os, fomentando el desarrollo visual.<br \/>\nEstimulaci\u00f3n Sensorial: Texturas variadas y un dise\u00f1o ligero que invita a los beb\u00e9s a tocar, agarrar y explorar, estimulando su desarrollo motor.<br \/>\nMultiusos: Ideal para juegos individuales, interacci\u00f3n con padres o como compa\u00f1ero de juegos en grupo. Perfecto para el hogar o para llevar a cualquier lugar.<br \/>\nSe puede sumergir en el agua e incluso se puede usar para el entretenimiento de las mascotas.<br \/>\n&#8211; &#8211; &#8211; &#8211; &#8211; &#8211; &#8211; &#8211; &#8211; &#8211; &#8211; &#8211; &#8211; &#8211; &#8211; &#8211; &#8211; &#8211; &#8211; &#8211; &#8211; &#8211; &#8211; &#8211; &#8211; &#8211;<br \/>\nEspecificaciones:<br \/>\nDimensiones: 15 cm de di\u00e1metro (tama\u00f1o ideal para que lo agarren los peque\u00f1os).<br \/>\nMateriales: Poli\u00e9ster y algod\u00f3n 100% no t\u00f3xico, hypoalerg\u00e9nico y lavable.<br \/>\nEdad Recomendada: A partir de 3 meses o para mascotas.<br \/>\nColores Disponibles: Variantes en anaranjado y verde.<\/p>\n<p>PUEDE SER USADO TAMBIEN PARA MASCOTAS<br \/>\n&#8211; &#8211; &#8211; &#8211; &#8211; &#8211; &#8211; &#8211; &#8211; &#8211; &#8211; &#8211; &#8211; &#8211; &#8211; &#8211; &#8211; &#8211; &#8211; &#8211; &#8211; &#8211; &#8211; &#8211; &#8211; &#8211;<br \/>\nCuidados:<br \/>\nLimpieza: Se recomienda lavar a mano con agua tibia y jab\u00f3n suave. Evita el uso de blanqueadores.<br \/>\nSecado: Dejar secar al aire, lejos de la luz solar directa para mantener la vibrancia de los colores.<br \/>\nAlmacenamiento: Guardar en un lugar seco y fresco, evitando la exposici\u00f3n prolongada a la humedad.<br \/>\n&#8211; &#8211; &#8211; &#8211; &#8211; &#8211; &#8211; &#8211; &#8211; &#8211; &#8211; &#8211; &#8211; &#8211; &#8211; &#8211; &#8211; &#8211; &#8211; &#8211; &#8211; &#8211; &#8211; &#8211; &#8211;<br \/>\nLo Que Incluye Mi Compra:<br \/>\n1 Pelota de Entrenamiento para Peque\u00f1os<\/p>\n","protected":false},"excerpt":{"rendered":"<p style=\"text-align: center;\">Vibrante bola de entrenamiento |dise\u00f1ada especialmente para la educaci\u00f3n temprana Montessori<\/p>\n","protected":false},"featured_media":8685,"comment_status":"open","ping_status":"closed","template":"","meta":{"_joinchat":[]},"product_cat":[255,99],"product_tag":[],"class_list":{"0":"post-8677","1":"product","2":"type-product","3":"status-publish","4":"has-post-thumbnail","6":"product_cat-255","7":"product_cat-juguetes","9":"first","10":"instock","11":"sale","12":"shipping-taxable","13":"purchasable","14":"product-type-variable"},"_links":{"self":[{"href":"https:\/\/bereketshop.com.mx\/index.php\/wp-json\/wp\/v2\/product\/8677","targetHints":{"allow":["GET"]}}],"collection":[{"href":"https:\/\/bereketshop.com.mx\/index.php\/wp-json\/wp\/v2\/product"}],"about":[{"href":"https:\/\/bereketshop.com.mx\/index.php\/wp-json\/wp\/v2\/types\/product"}],"replies":[{"embeddable":true,"href":"https:\/\/bereketshop.com.mx\/index.php\/wp-json\/wp\/v2\/comments?post=8677"}],"wp:featuredmedia":[{"embeddable":true,"href":"https:\/\/bereketshop.com.mx\/index.php\/wp-json\/wp\/v2\/media\/8685"}],"wp:attachment":[{"href":"https:\/\/bereketshop.com.mx\/index.php\/wp-json\/wp\/v2\/media?parent=8677"}],"wp:term":[{"taxonomy":"product_cat","embeddable":true,"href":"https:\/\/bereketshop.com.mx\/index.php\/wp-json\/wp\/v2\/product_cat?post=8677"},{"taxonomy":"product_tag","embeddable":true,"href":"https:\/\/bereketshop.com.mx\/index.php\/wp-json\/wp\/v2\/product_tag?post=8677"}],"curies":[{"name":"wp","href":"https:\/\/api.w.org\/{rel}","templated":true}]}}