{"id":9329,"date":"2025-04-07T03:06:33","date_gmt":"2025-04-07T01:06:33","guid":{"rendered":"https:\/\/bereketshop.com.mx\/?post_type=product&#038;p=9329"},"modified":"2025-04-07T03:15:10","modified_gmt":"2025-04-07T01:15:10","slug":"plato-de-bambu-personalizado-para-primeras-comidas-bebe","status":"publish","type":"product","link":"https:\/\/bereketshop.com.mx\/index.php\/product\/plato-de-bambu-personalizado-para-primeras-comidas-bebe\/","title":{"rendered":"Plato de Bamb\u00fa Personalizado Para Primeras Comidas Bebe"},"content":{"rendered":"<p>Caracter\u00edsticas :<\/p>\n<p>Material Natural: Fabricado 100% en bamb\u00fa, un recurso sostenible y biodegradable.<br \/>\nDise\u00f1o Personalizado: Varios Dise\u00f1os con base de succi\u00f3n pl\u00e1stica para que no se mueva, haci\u00e9ndolo especial para cada comida.<br \/>\nSecci\u00f3n Dividida: Ideal para presentar diferentes alimentos, ayudando a los peque\u00f1os a explorar nuevos sabores.<br \/>\nSuperficie Antideslizante: Evita que el plato se deslice en la mesa, proporcionando mayor seguridad durante la alimentaci\u00f3n.<br \/>\nLigero y Resistente: F\u00e1cil de manejar para los peque\u00f1os y suficientemente fuerte para resistir ca\u00eddas.<\/p>\n<p>Especificaciones:<br \/>\nDimensiones: 25 cm de di\u00e1metro (aproximadamente).<br \/>\nPeso: 200 gramos, ideal para manos peque\u00f1as.<br \/>\nApta para Lavavajillas: F\u00e1cil de limpiar, aunque se recomienda el lavado a mano para prolongar su vida \u00fatil.<br \/>\nLibre de T\u00f3xicos: Sin BPA, ftalatos ni productos qu\u00edmicos nocivos.<\/p>\n<p>Cuidados:<br \/>\nLimpieza: Lavar a mano con agua tibia y jab\u00f3n suave. Evitar el uso de estropajos abrasivos.<br \/>\nSecado: Secar al aire libre o con un pa\u00f1o suave. No sumergir en agua por per\u00edodos prolongados.<br \/>\nAlmacenamiento: Guardar en un lugar seco y fresco, evitando la exposici\u00f3n directa a la luz solar prolongada.<br \/>\nNo usar en microondas: El bamb\u00fa no es apto para microondas ni para calentar alimentos.<\/p>\n<p>\u00a1Transforma la hora de la comida en un momento especial con nuestro plato de bamb\u00fa personalizado y da la bienvenida a la aventura de la alimentaci\u00f3n!<br \/>\n&#8211; &#8211; &#8211; &#8211; &#8211; &#8211; &#8211; &#8211; &#8211; &#8211; &#8211; &#8211; &#8211; &#8211; &#8211; &#8211; &#8211; &#8211; &#8211; &#8211; &#8211; &#8211; &#8211; &#8211; &#8211;<br \/>\nLo Que Incluye Mi Compra:<br \/>\n1 plato de bamb\u00fa Cuadrado y Carro, 1 ventosa, 1 cuchara<br \/>\nOPCION LEO<br \/>\n1 plato , 1 ventosa , 1 cuchara , 1 tenedor<\/p>\n","protected":false},"excerpt":{"rendered":"<p style=\"text-align: center;\">Varios Dise\u00f1os con base de succi\u00f3n pl\u00e1stica para que no se mueva | haci\u00e9ndolo especial para cada comida<\/p>\n","protected":false},"featured_media":9346,"comment_status":"open","ping_status":"closed","template":"","meta":{"_joinchat":[]},"product_cat":[255,59],"product_tag":[],"class_list":{"0":"post-9329","1":"product","2":"type-product","3":"status-publish","4":"has-post-thumbnail","6":"product_cat-255","7":"product_cat-hogar","9":"first","10":"instock","11":"sale","12":"shipping-taxable","13":"purchasable","14":"product-type-variable"},"_links":{"self":[{"href":"https:\/\/bereketshop.com.mx\/index.php\/wp-json\/wp\/v2\/product\/9329","targetHints":{"allow":["GET"]}}],"collection":[{"href":"https:\/\/bereketshop.com.mx\/index.php\/wp-json\/wp\/v2\/product"}],"about":[{"href":"https:\/\/bereketshop.com.mx\/index.php\/wp-json\/wp\/v2\/types\/product"}],"replies":[{"embeddable":true,"href":"https:\/\/bereketshop.com.mx\/index.php\/wp-json\/wp\/v2\/comments?post=9329"}],"wp:featuredmedia":[{"embeddable":true,"href":"https:\/\/bereketshop.com.mx\/index.php\/wp-json\/wp\/v2\/media\/9346"}],"wp:attachment":[{"href":"https:\/\/bereketshop.com.mx\/index.php\/wp-json\/wp\/v2\/media?parent=9329"}],"wp:term":[{"taxonomy":"product_cat","embeddable":true,"href":"https:\/\/bereketshop.com.mx\/index.php\/wp-json\/wp\/v2\/product_cat?post=9329"},{"taxonomy":"product_tag","embeddable":true,"href":"https:\/\/bereketshop.com.mx\/index.php\/wp-json\/wp\/v2\/product_tag?post=9329"}],"curies":[{"name":"wp","href":"https:\/\/api.w.org\/{rel}","templated":true}]}}